
{"id":919,"date":"2021-07-05T08:45:06","date_gmt":"2021-07-05T08:45:06","guid":{"rendered":"http:\/\/gpiutbm.cluster023.hosting.ovh.net\/contact-us\/"},"modified":"2025-03-21T15:05:13","modified_gmt":"2025-03-21T15:05:13","slug":"contactez-nous","status":"publish","type":"page","link":"https:\/\/scal-e.com\/fr\/contactez-nous\/","title":{"rendered":"Nous contacter"},"content":{"rendered":"<section class=\"c-form\">\n    <div class=\"c-form__row\">\n    <div class=\"c-form__form\">\n      <div class=\"c-form__box\">\n        \n<div class=\"wpcf7 no-js\" id=\"wpcf7-f9035-o1\" lang=\"en-US\" dir=\"ltr\" data-wpcf7-id=\"9035\">\n<div class=\"screen-reader-response\"><p role=\"status\" aria-live=\"polite\" aria-atomic=\"true\"><\/p> <ul><\/ul><\/div>\n<form action=\"\/fr\/wp-json\/wp\/v2\/pages\/919#wpcf7-f9035-o1\" method=\"post\" class=\"wpcf7-form init\" aria-label=\"Contact form\" novalidate=\"novalidate\" data-status=\"init\">\n<fieldset class=\"hidden-fields-container\"><input type=\"hidden\" name=\"_wpcf7\" value=\"9035\" \/><input type=\"hidden\" name=\"_wpcf7_version\" value=\"6.1.5\" \/><input type=\"hidden\" name=\"_wpcf7_locale\" value=\"en_US\" \/><input type=\"hidden\" name=\"_wpcf7_unit_tag\" value=\"wpcf7-f9035-o1\" \/><input type=\"hidden\" name=\"_wpcf7_container_post\" value=\"0\" \/><input type=\"hidden\" name=\"_wpcf7_posted_data_hash\" value=\"\" \/><input type=\"hidden\" name=\"_wpcf7_recaptcha_response\" value=\"\" \/>\n<\/fieldset>\n<div class=\"group-input\">\n\t<p><label>PR\u00c9NOM*<\/label><span class=\"wpcf7-form-control-wrap\" data-name=\"first-name\"><input size=\"40\" maxlength=\"400\" class=\"wpcf7-form-control wpcf7-text wpcf7-validates-as-required\" aria-required=\"true\" aria-invalid=\"false\" value=\"\" type=\"text\" name=\"first-name\" \/><\/span>\n\t<\/p>\n<\/div>\n<div class=\"group-input\">\n\t<p><label>NOM*<\/label><span class=\"wpcf7-form-control-wrap\" data-name=\"last-name\"><input size=\"40\" maxlength=\"400\" class=\"wpcf7-form-control wpcf7-text wpcf7-validates-as-required\" aria-required=\"true\" aria-invalid=\"false\" value=\"\" type=\"text\" name=\"last-name\" \/><\/span>\n\t<\/p>\n<\/div>\n<div class=\"group-input\">\n\t<p><label>EMAIL PROFESSIONNEL*<\/label><span class=\"wpcf7-form-control-wrap\" data-name=\"your-email\"><input size=\"40\" maxlength=\"400\" class=\"wpcf7-form-control wpcf7-email wpcf7-validates-as-required wpcf7-text wpcf7-validates-as-email\" aria-required=\"true\" aria-invalid=\"false\" value=\"\" type=\"email\" name=\"your-email\" \/><\/span>\n\t<\/p>\n<\/div>\n<div class=\"group-input\">\n\t<p><label>SITE WEB*<\/label><span class=\"wpcf7-form-control-wrap\" data-name=\"website\"><input size=\"40\" maxlength=\"400\" class=\"wpcf7-form-control wpcf7-url wpcf7-validates-as-required wpcf7-text wpcf7-validates-as-url\" aria-required=\"true\" aria-invalid=\"false\" value=\"https:\/\/\" type=\"url\" name=\"website\" \/><\/span>\n\t<\/p>\n<\/div>\n<div class=\"group-input\">\n\t<p><label>VOTRE BESOIN*<\/label><span class=\"wpcf7-form-control-wrap\" data-name=\"domaines\"><span class=\"wpcf7-form-control wpcf7-checkbox wpcf7-validates-as-required\"><span class=\"wpcf7-list-item first\"><label><input type=\"checkbox\" name=\"domaines[]\" value=\"Gestion des donn\u00e9es\" \/><span class=\"wpcf7-list-item-label\">Gestion des donn\u00e9es<\/span><\/label><\/span><span class=\"wpcf7-list-item\"><label><input type=\"checkbox\" name=\"domaines[]\" value=\"Data Privacy\" \/><span class=\"wpcf7-list-item-label\">Data Privacy<\/span><\/label><\/span><span class=\"wpcf7-list-item\"><label><input type=\"checkbox\" name=\"domaines[]\" value=\"Cr\u00e9ation d&#039;audience\" \/><span class=\"wpcf7-list-item-label\">Cr\u00e9ation d&#039;audience<\/span><\/label><\/span><span class=\"wpcf7-list-item\"><label><input type=\"checkbox\" name=\"domaines[]\" value=\"Parcours client\" \/><span class=\"wpcf7-list-item-label\">Parcours client<\/span><\/label><\/span><span class=\"wpcf7-list-item\"><label><input type=\"checkbox\" name=\"domaines[]\" value=\"R\u00e9tention client\" \/><span class=\"wpcf7-list-item-label\">R\u00e9tention client<\/span><\/label><\/span><span class=\"wpcf7-list-item last\"><label><input type=\"checkbox\" name=\"domaines[]\" value=\"Connaissance client\" \/><span class=\"wpcf7-list-item-label\">Connaissance client<\/span><\/label><\/span><\/span><\/span>\n\t<\/p>\n<\/div>\n<div class=\"group-input\">\n\t<p><label>COMMENT POUVONS-NOUS VOUS AIDER ?<\/label><span class=\"wpcf7-form-control-wrap\" data-name=\"your-message\"><textarea cols=\"40\" rows=\"10\" maxlength=\"2000\" class=\"wpcf7-form-control wpcf7-textarea\" aria-invalid=\"false\" name=\"your-message\"><\/textarea><\/span>\n\t<\/p>\n<\/div>\n<div class=\"group-confirm\">\n\t<p><span>En acceptant d&rsquo;envoyer ce message, vous indiquez que vous avez lu et accept\u00e9 notre <\/span><a href=\"\/fr\/politique-relative-au-cookies\/\" target=\"_blank\"> politique relative aux cookies <\/a>et \u00e0<a href=\"\/fr\/politique-de-confidentialite\/\" target=\"_blank\"> la confidentialit\u00e9<\/a>. <span>J&rsquo;accepte que Scal-e collecte mes donn\u00e9es personnelles pour r\u00e9pondre \u00e0 ma demande de contact.<\/span>\n\t<\/p>\n<\/div>\n<input class=\"wpcf7-form-control wpcf7-hidden\" value=\"from\" type=\"hidden\" name=\"from\" \/>\n<div class=\"u-text-center form-button\">\n\t<p><input class=\"wpcf7-form-control wpcf7-submit has-spinner\" type=\"submit\" value=\"Envoyer\" \/>\n\t<\/p>\n<\/div>\n<p><script type=\"text\/javascript\">\n \/\/ Remplacez le texte \u00e0 droite de '=' par l'identifiant de votre bouton.\n \/\/ V\u00e9rifiez que vous n'avez pas supprim\u00e9 les citations.\n var buttonId = 'Envoyer'; \/\/ Modifier ceci.\n \/\/ NE PAS MODIFIER LE CODE CI-DESSOUS\n function trackingListener() {\n var capterra_vkey = 'ad91e86621e0a568a43af9b12a31ec53',\n capterra_vid = '2137425',\n ct = document.createElement('img');\n ct.src = 'https:\/\/ct.capterra.com\/capterra_tracker.gif?vid='\n + capterra_vid + '&vkey=' + capterra_vkey;\n document.body.appendChild(ct);\n };\n var button = document.getElementById(buttonId);\n button.addEventListener(\n 'click',\n trackingListener\n );\n <\/script>\n<\/p>\n<div class=\"group-confirm\">\n\t<p><span><small>(*) : champs obligatoires.<\/small><\/span>\n\t<\/p>\n<\/div><div class=\"wpcf7-response-output\" aria-hidden=\"true\"><\/div>\n<\/form>\n<\/div>\n\n      <\/div>\n    <\/div>\n    <div class=\"c-form__text\">\n                  <h2 class=\"p1\">Construisez votre projet avec Scal-e<\/h2>\n<p>Nous nous ferons un plaisir de vous faire d\u00e9couvrir notre histoire, notre plateforme et ses modules, nos clients ou partenaires, notre m\u00e9thodologie projet ou nos tarifs<\/p>\n<p><strong>B\u00e9n\u00e9ficiez des conseils de nos experts pour r\u00e9pondre aux besoins de votre marque.<\/strong><\/p>\n<ul>\n<li><span data-scheme-color=\"@606060,,\" data-usefontface=\"true\" data-contrast=\"none\">Consultez les success story de nos clients, et voyez<\/span><span data-scheme-color=\"@606060,,\" data-usefontface=\"true\" data-contrast=\"none\"> comment Scal-e leur a permis \u00e0 d<\/span><span data-scheme-color=\"@606060,,\" data-usefontface=\"true\" data-contrast=\"none\">\u2019innover<\/span><\/li>\n<li>D\u00e9couvrez comment fonctionne la plateforme<\/li>\n<li>Sc\u00e9narisez une exp\u00e9rience client moderne, sur-mesure et sans couture<\/li>\n<li>Ma\u00eetrisez vos co\u00fbts d&rsquo;acquisition et de fid\u00e9lisation, et optimisez vos ressources<\/li>\n<\/ul>\n<p><strong>Pr\u00eats \u00e0 vous lancer?<\/strong><\/p>\n<p>Remplissez le formulaire et nous vous recontacterons au plus vite.<\/p>\n\n                <\/div>\n  <\/div>\n<\/section>\n\n<section class=\"c-map\">\n  <div class=\"o-heading u-text-center\">\n    <div class=\"o-heading__spacial u-color-light-purple\"><\/div>\n    <h2>Rencontrons-nous<\/h2>\n    <div class=\"o-heading__subtitle\"> A Paris, Barcelone, Bangkok, Guiyang ou Toronto.<\/div>\n  <\/div>\n  <div class=\"c-map__container\">\n    <div class=\"c-map__list swiper\">\n      <div class=\"swiper-wrapper\">\n                <div class=\"c-map__item swiper-slide\" data-country=\"924\">\n          <div class=\"o-card o-card--map match-height\">\n  <div class=\"o-card--map__row\">\n    <div class=\"o-card--map__icon\"><i class=\"o-icon o-icon--marker\"><\/i><\/div>\n    <div class=\"o-card--map__text\">\n      <div class=\"o-card--map__name\">Paris<\/div>\n      <div class=\"o-card--map__address\">2 rue du Roule, 75001 Paris<\/div>\n      <div class=\"o-card--map__tel\"><a href=\"tel:\"><\/a><\/div>\n    <\/div>\n  <\/div>\n<\/div>        <\/div>\n                <div class=\"c-map__item swiper-slide\" data-country=\"936\">\n          <div class=\"o-card o-card--map match-height\">\n  <div class=\"o-card--map__row\">\n    <div class=\"o-card--map__icon\"><i class=\"o-icon o-icon--marker\"><\/i><\/div>\n    <div class=\"o-card--map__text\">\n      <div class=\"o-card--map__name\">Barcelona<\/div>\n      <div class=\"o-card--map__address\">C\/ Diputaci\u00f3, 409 08013 Barcelona<\/div>\n      <div class=\"o-card--map__tel\"><a href=\"tel:\"><\/a><\/div>\n    <\/div>\n  <\/div>\n<\/div>        <\/div>\n                <div class=\"c-map__item swiper-slide\" data-country=\"941\">\n          <div class=\"o-card o-card--map match-height\">\n  <div class=\"o-card--map__row\">\n    <div class=\"o-card--map__icon\"><i class=\"o-icon o-icon--marker\"><\/i><\/div>\n    <div class=\"o-card--map__text\">\n      <div class=\"o-card--map__name\">Bangkok<\/div>\n      <div class=\"o-card--map__address\">38 \/ 5-6 Sukhumvit 39, Sukhumvit Road,North Klongton, Wattana, Bangkok 10110<\/div>\n      <div class=\"o-card--map__tel\"><a href=\"tel:\"><\/a><\/div>\n    <\/div>\n  <\/div>\n<\/div>        <\/div>\n                <div class=\"c-map__item swiper-slide\" data-country=\"943\">\n          <div class=\"o-card o-card--map match-height\">\n  <div class=\"o-card--map__row\">\n    <div class=\"o-card--map__icon\"><i class=\"o-icon o-icon--marker\"><\/i><\/div>\n    <div class=\"o-card--map__text\">\n      <div class=\"o-card--map__name\">Guiyang<\/div>\n      <div class=\"o-card--map__address\"> R&#038;F New World Center, Guanshanhu District, Guiyang, Guizhou, 550010, China<\/div>\n      <div class=\"o-card--map__tel\"><a href=\"tel:\"><\/a><\/div>\n    <\/div>\n  <\/div>\n<\/div>        <\/div>\n                <div class=\"c-map__item swiper-slide\" data-country=\"26455\">\n          <div class=\"o-card o-card--map match-height\">\n  <div class=\"o-card--map__row\">\n    <div class=\"o-card--map__icon\"><i class=\"o-icon o-icon--marker\"><\/i><\/div>\n    <div class=\"o-card--map__text\">\n      <div class=\"o-card--map__name\">Toronto<\/div>\n      <div class=\"o-card--map__address\">240 Richmond St W, Toronto, ON M5V 1V6, Canada<\/div>\n      <div class=\"o-card--map__tel\"><a href=\"tel:\"><\/a><\/div>\n    <\/div>\n  <\/div>\n<\/div>        <\/div>\n              <\/div>\n\n    <\/div>\n    <div class=\"c-map__map\">\n      <div class=\"map\" id=\"map\" data-url=\"\/wp-content\/themes\/scal-e\" data-ajax=\"https:\/\/scal-e.com\/wp-admin\/admin-ajax.php\"><\/div>\n    <\/div>\n  <\/div>\n<\/section>","protected":false},"excerpt":{"rendered":"","protected":false},"author":9,"featured_media":0,"parent":0,"menu_order":0,"comment_status":"closed","ping_status":"closed","template":"","meta":{"_acf_changed":false,"footnotes":""},"class_list":["post-919","page","type-page","status-publish","hentry"],"acf":[],"yoast_head":"<!-- This site is optimized with the Yoast SEO plugin v27.2 - https:\/\/yoast.com\/product\/yoast-seo-wordpress\/ -->\n<title>Nous contacter - Scal-e<\/title>\n<meta name=\"robots\" content=\"index, follow, max-snippet:-1, max-image-preview:large, max-video-preview:-1\" \/>\n<link rel=\"canonical\" href=\"https:\/\/scal-e.com\/fr\/contactez-nous\/\" \/>\n<meta property=\"og:locale\" content=\"fr_FR\" \/>\n<meta property=\"og:type\" content=\"article\" \/>\n<meta property=\"og:title\" content=\"Nous contacter - Scal-e\" \/>\n<meta property=\"og:url\" content=\"https:\/\/scal-e.com\/fr\/contactez-nous\/\" \/>\n<meta property=\"og:site_name\" content=\"Scal-e\" \/>\n<meta property=\"article:publisher\" content=\"https:\/\/www.facebook.com\/scalemartech2\/\" \/>\n<meta property=\"article:modified_time\" content=\"2025-03-21T15:05:13+00:00\" \/>\n<meta name=\"twitter:card\" content=\"summary_large_image\" \/>\n<meta name=\"twitter:site\" content=\"@scale_martech\" \/>\n<script type=\"application\/ld+json\" class=\"yoast-schema-graph\">{\"@context\":\"https:\/\/schema.org\",\"@graph\":[{\"@type\":\"WebPage\",\"@id\":\"https:\/\/scal-e.com\/fr\/contactez-nous\/\",\"url\":\"https:\/\/scal-e.com\/fr\/contactez-nous\/\",\"name\":\"Nous contacter - Scal-e\",\"isPartOf\":{\"@id\":\"https:\/\/scal-e.com\/#website\"},\"datePublished\":\"2021-07-05T08:45:06+00:00\",\"dateModified\":\"2025-03-21T15:05:13+00:00\",\"breadcrumb\":{\"@id\":\"https:\/\/scal-e.com\/fr\/contactez-nous\/#breadcrumb\"},\"inLanguage\":\"fr-FR\",\"potentialAction\":[{\"@type\":\"ReadAction\",\"target\":[\"https:\/\/scal-e.com\/fr\/contactez-nous\/\"]}]},{\"@type\":\"BreadcrumbList\",\"@id\":\"https:\/\/scal-e.com\/fr\/contactez-nous\/#breadcrumb\",\"itemListElement\":[{\"@type\":\"ListItem\",\"position\":1,\"name\":\"Accueil\",\"item\":\"https:\/\/scal-e.com\/fr\/\"},{\"@type\":\"ListItem\",\"position\":2,\"name\":\"Nous contacter\"}]},{\"@type\":\"WebSite\",\"@id\":\"https:\/\/scal-e.com\/#website\",\"url\":\"https:\/\/scal-e.com\/\",\"name\":\"Scal-e\",\"description\":\"From data to loyalty | CDP &amp; Digital Marketing Hub : Scal-e\",\"publisher\":{\"@id\":\"https:\/\/scal-e.com\/#organization\"},\"potentialAction\":[{\"@type\":\"SearchAction\",\"target\":{\"@type\":\"EntryPoint\",\"urlTemplate\":\"https:\/\/scal-e.com\/?s={search_term_string}\"},\"query-input\":{\"@type\":\"PropertyValueSpecification\",\"valueRequired\":true,\"valueName\":\"search_term_string\"}}],\"inLanguage\":\"fr-FR\"},{\"@type\":\"Organization\",\"@id\":\"https:\/\/scal-e.com\/#organization\",\"name\":\"Scal-e\",\"url\":\"https:\/\/scal-e.com\/\",\"logo\":{\"@type\":\"ImageObject\",\"inLanguage\":\"fr-FR\",\"@id\":\"https:\/\/scal-e.com\/#\/schema\/logo\/image\/\",\"url\":\"https:\/\/scal-e.com\/wp-content\/uploads\/2021\/12\/logo_scal-e_square_transparent.png\",\"contentUrl\":\"https:\/\/scal-e.com\/wp-content\/uploads\/2021\/12\/logo_scal-e_square_transparent.png\",\"width\":214,\"height\":217,\"caption\":\"Scal-e\"},\"image\":{\"@id\":\"https:\/\/scal-e.com\/#\/schema\/logo\/image\/\"},\"sameAs\":[\"https:\/\/www.facebook.com\/scalemartech2\/\",\"https:\/\/x.com\/scale_martech\",\"https:\/\/www.instagram.com\/scale_martech\/\",\"https:\/\/www.linkedin.com\/company\/scalemartech\/\"]}]}<\/script>\n<!-- \/ Yoast SEO plugin. -->","yoast_head_json":{"title":"Nous contacter - Scal-e","robots":{"index":"index","follow":"follow","max-snippet":"max-snippet:-1","max-image-preview":"max-image-preview:large","max-video-preview":"max-video-preview:-1"},"canonical":"https:\/\/scal-e.com\/fr\/contactez-nous\/","og_locale":"fr_FR","og_type":"article","og_title":"Nous contacter - Scal-e","og_url":"https:\/\/scal-e.com\/fr\/contactez-nous\/","og_site_name":"Scal-e","article_publisher":"https:\/\/www.facebook.com\/scalemartech2\/","article_modified_time":"2025-03-21T15:05:13+00:00","twitter_card":"summary_large_image","twitter_site":"@scale_martech","schema":{"@context":"https:\/\/schema.org","@graph":[{"@type":"WebPage","@id":"https:\/\/scal-e.com\/fr\/contactez-nous\/","url":"https:\/\/scal-e.com\/fr\/contactez-nous\/","name":"Nous contacter - Scal-e","isPartOf":{"@id":"https:\/\/scal-e.com\/#website"},"datePublished":"2021-07-05T08:45:06+00:00","dateModified":"2025-03-21T15:05:13+00:00","breadcrumb":{"@id":"https:\/\/scal-e.com\/fr\/contactez-nous\/#breadcrumb"},"inLanguage":"fr-FR","potentialAction":[{"@type":"ReadAction","target":["https:\/\/scal-e.com\/fr\/contactez-nous\/"]}]},{"@type":"BreadcrumbList","@id":"https:\/\/scal-e.com\/fr\/contactez-nous\/#breadcrumb","itemListElement":[{"@type":"ListItem","position":1,"name":"Accueil","item":"https:\/\/scal-e.com\/fr\/"},{"@type":"ListItem","position":2,"name":"Nous contacter"}]},{"@type":"WebSite","@id":"https:\/\/scal-e.com\/#website","url":"https:\/\/scal-e.com\/","name":"Scal-e","description":"From data to loyalty | CDP &amp; Digital Marketing Hub : Scal-e","publisher":{"@id":"https:\/\/scal-e.com\/#organization"},"potentialAction":[{"@type":"SearchAction","target":{"@type":"EntryPoint","urlTemplate":"https:\/\/scal-e.com\/?s={search_term_string}"},"query-input":{"@type":"PropertyValueSpecification","valueRequired":true,"valueName":"search_term_string"}}],"inLanguage":"fr-FR"},{"@type":"Organization","@id":"https:\/\/scal-e.com\/#organization","name":"Scal-e","url":"https:\/\/scal-e.com\/","logo":{"@type":"ImageObject","inLanguage":"fr-FR","@id":"https:\/\/scal-e.com\/#\/schema\/logo\/image\/","url":"https:\/\/scal-e.com\/wp-content\/uploads\/2021\/12\/logo_scal-e_square_transparent.png","contentUrl":"https:\/\/scal-e.com\/wp-content\/uploads\/2021\/12\/logo_scal-e_square_transparent.png","width":214,"height":217,"caption":"Scal-e"},"image":{"@id":"https:\/\/scal-e.com\/#\/schema\/logo\/image\/"},"sameAs":["https:\/\/www.facebook.com\/scalemartech2\/","https:\/\/x.com\/scale_martech","https:\/\/www.instagram.com\/scale_martech\/","https:\/\/www.linkedin.com\/company\/scalemartech\/"]}]}},"_links":{"self":[{"href":"https:\/\/scal-e.com\/fr\/wp-json\/wp\/v2\/pages\/919","targetHints":{"allow":["GET"]}}],"collection":[{"href":"https:\/\/scal-e.com\/fr\/wp-json\/wp\/v2\/pages"}],"about":[{"href":"https:\/\/scal-e.com\/fr\/wp-json\/wp\/v2\/types\/page"}],"author":[{"embeddable":true,"href":"https:\/\/scal-e.com\/fr\/wp-json\/wp\/v2\/users\/9"}],"replies":[{"embeddable":true,"href":"https:\/\/scal-e.com\/fr\/wp-json\/wp\/v2\/comments?post=919"}],"version-history":[{"count":88,"href":"https:\/\/scal-e.com\/fr\/wp-json\/wp\/v2\/pages\/919\/revisions"}],"predecessor-version":[{"id":29070,"href":"https:\/\/scal-e.com\/fr\/wp-json\/wp\/v2\/pages\/919\/revisions\/29070"}],"wp:attachment":[{"href":"https:\/\/scal-e.com\/fr\/wp-json\/wp\/v2\/media?parent=919"}],"curies":[{"name":"wp","href":"https:\/\/api.w.org\/{rel}","templated":true}]}}