
{"id":857,"date":"2021-07-05T08:27:43","date_gmt":"2021-07-05T08:27:43","guid":{"rendered":"http:\/\/gpiutbm.cluster023.hosting.ovh.net\/collecte-et-qualite\/"},"modified":"2024-03-29T11:40:03","modified_gmt":"2024-03-29T11:40:03","slug":"unification-et-qualite","status":"publish","type":"page","link":"https:\/\/scal-e.com\/fr\/unification-et-qualite\/","title":{"rendered":"Unification &#038; Qualit\u00e9"},"content":{"rendered":"<section class=\"c-icons-inline c-icons-inline--fullimage \">\n  <div class=\"o-heading u-text-center\">\n    <div class=\"o-heading__spacial u-color-light-purple\">Unification &#038; Qualit\u00e9<\/div>\n    <h2 class=\"\">Casser les silos de donn\u00e9es<\/h2>\n    <div class=\"o-heading__subtitle\">Collectez et unifiez les donn\u00e9es hors ligne, en ligne et onchain au sein d\u2019un datamart ou RCU sur mesure<\/div>\n  <\/div>\n\n    <div class=\"c-icons-inline--fullimage__list\">\n        <div class=\"c-icons-inline--fullimage__col\">\n      <div class=\"o-list-icon\">\n  <div class=\"o-list-icon__icon\"><img class=\"lazyload\" data-src=\"\" alt=\"Import temps r\u00e9el ou batch\"\/><\/div>\n  <div class=\"o-list-icon__text\">\n    <h4 class=\"o-list-icon__title\">Import temps r\u00e9el ou batch<\/h4>\n    <div class=\"o-list-icon__subtitle\">Via API, connecteur, requ\u00eate ou fichier plat.<\/div>\n  <\/div>\n<\/div>    <\/div>\n        <div class=\"c-icons-inline--fullimage__col\">\n      <div class=\"o-list-icon\">\n  <div class=\"o-list-icon__icon\"><img class=\"lazyload\" data-src=\"\" alt=\"Qualit\u00e9 de la donn\u00e9e\"\/><\/div>\n  <div class=\"o-list-icon__text\">\n    <h4 class=\"o-list-icon__title\">Qualit\u00e9 de la donn\u00e9e<\/h4>\n    <div class=\"o-list-icon__subtitle\">D\u00e9dupliquez, d\u00e9doublonnez et normalisez vos donn\u00e9es.<\/div>\n  <\/div>\n<\/div>    <\/div>\n        <div class=\"c-icons-inline--fullimage__col\">\n      <div class=\"o-list-icon\">\n  <div class=\"o-list-icon__icon\"><img class=\"lazyload\" data-src=\"\" alt=\"R\u00e9solution d'identit\u00e9s\"\/><\/div>\n  <div class=\"o-list-icon__text\">\n    <h4 class=\"o-list-icon__title\">R\u00e9solution d&rsquo;identit\u00e9s<\/h4>\n    <div class=\"o-list-icon__subtitle\">Multipliez les cl\u00e9s afin d&rsquo;identifier vos clients \u00e0 chaque contact.<\/div>\n  <\/div>\n<\/div>    <\/div>\n      <\/div>\n  \n  \n<\/section>\n\n<\/div>\n<section class=\"c-iconlist-image -have-bg \">\n\n  <div class=\"c-iconlist-image__row flex--reverse\">\n    <div class=\"c-iconlist-image__col -image\">\n      <div class=\"c-iconlist-image__image\">\n        <img class=\"lazyload\" data-src=\"https:\/\/scal-e.com\/wp-content\/uploads\/2022\/05\/Profil-client-360-ter-1-e1652083648783.png\" alt=\"\"\/>\n      <\/div>\n    <\/div>\n    <div class=\"c-iconlist-image__col -text\">\n      <div class=\"c-iconlist-image__text\">\n        <div class=\"c-iconlist-image__heading\">\n          <h2>Du RCU \u00e0 la vue client<\/h2>\n          <div class=\"c-iconlist-image__subtitle h5\">La vue client 360\u00b0 permet aux \u00e9quipes m\u00e9tiers de consulter et d&#039;activer les donn\u00e9es clients en temps r\u00e9el<\/div>\n        <\/div>\n                <div class=\"c-iconlist-image__list\">\n                    <div class=\"o-list-icon\">\n  <div class=\"o-list-icon__icon\"><img class=\"lazyload\" data-src=\"\" alt=\"R\u00e9f\u00e9rentiel Client Unique \/ Datamart \"\/><\/div>\n  <div class=\"o-list-icon__text\">\n    <h4 class=\"o-list-icon__title\">R\u00e9f\u00e9rentiel Client Unique \/ Datamart <\/h4>\n    <div class=\"o-list-icon__subtitle\">Capturez les sp\u00e9cificit\u00e9s de votre activit\u00e9 B2B ou B2C gr\u00e2ce \u00e0 la mise en place de mod\u00e8le de donn\u00e9es sur mesure.<\/div>\n  <\/div>\n<\/div>                    <div class=\"o-list-icon\">\n  <div class=\"o-list-icon__icon\"><img class=\"lazyload\" data-src=\"\" alt=\"S\u00e9curiser les donn\u00e9es\"\/><\/div>\n  <div class=\"o-list-icon__text\">\n    <h4 class=\"o-list-icon__title\">S\u00e9curiser les donn\u00e9es<\/h4>\n    <div class=\"o-list-icon__subtitle\">Limitez l&rsquo;acc\u00e8s aux donn\u00e9es afin de garantir la confidentialit\u00e9 de vos bases de donn\u00e9es client.<\/div>\n  <\/div>\n<\/div>                    <div class=\"o-list-icon\">\n  <div class=\"o-list-icon__icon\"><img class=\"lazyload\" data-src=\"\" alt=\"Localiser votre base\"\/><\/div>\n  <div class=\"o-list-icon__text\">\n    <h4 class=\"o-list-icon__title\">Localiser votre base<\/h4>\n    <div class=\"o-list-icon__subtitle\">H\u00e9bergez la base unifi\u00e9e avec vos donn\u00e9es clients chez vous ou chez un h\u00e9bergeur.<\/div>\n  <\/div>\n<\/div>                  <\/div>\n                        <div class=\"c-iconlist-image__btn\">\n        <a href=\"http:\/\/scal-e.com\/fr\/unification-et-qualite\/data-management\/?from=URL: scal-e.com\/fr\/wp-json\/wp\/v2\/pages\/857 with Button name: Explorer Gestion des donn\u00e9es\" class=\"o-btn\">Explorer Gestion des donn\u00e9es<\/a>\n        <\/div>\n              <\/div>\n    <\/div>\n  <\/div>\n<\/section>\n<div class=\"wrapper\">\n\n<section class=\"c-slide-clients \">\n  <div class=\"o-heading u-text-center\">\n    <div class=\"o-heading__spacial u-color-light-purple\">Avis client<\/div>\n    <h2>Nos clients nous font confiance<\/h2>\n    <div class=\"o-heading__subtitle\"><\/div>\n  <\/div>\n\n  <div class=\"slider-container\">\n    <div class=\"slider\">\n      <div class=\"slider-content\">\n                <div class=\"slider-item\">\n          <div class=\"c-slide-clients__item match-height\">\n            <div class=\"c-slide-clients__col -left\">\n              <div class=\"c-slide-clients__text\">\n                <div class=\"o-profile\">\n                  <div class=\"o-profile__box-img\">\n                    <div class=\"o-profile__img\">\n                      <img class=\"lazyload\" data-src=\"\" alt=\"Thibault B.\"\/>\n                    <\/div>\n                  <\/div>\n                  <div class=\"o-profile__box-detail\">\n                    <h3 class=\"o-profile__name\">Thibault B.<\/h3>\n                    <div class=\"o-profile__position\">Sales Manager (communication &amp; marketing)<\/div>\n                  <\/div>\n                <\/div>\n                                <div class=\"c-slide-clients__short-text\">Le gros point fort de la plateforme Scal-e est son approche all-in-one et sur-mesure tout en restant low code. De la collecte, \u00e0 l&rsquo;activation, la CDP Scal-e est un formidable outil pour centraliser l&rsquo;exp\u00e9rience client.<\/div>\n                              <\/div>\n            <\/div>\n            <div class=\"c-slide-clients__col -right\">\n              <div class=\"c-slide-clients__options\">\n                <div class=\"c-slide-clients__number u-color-dark-green\">1\u00e8re<\/div>\n                <h4 class=\"c-slide-clients__title\">La premi\u00e8re CDP fran\u00e7aise, modulaire, \u00e9volutive avec un haut niveau de param\u00e9trage<\/h4>\n                              <\/div>\n            <\/div>\n          <\/div>\n        <\/div>\n                <div class=\"slider-item\">\n          <div class=\"c-slide-clients__item match-height\">\n            <div class=\"c-slide-clients__col -left\">\n              <div class=\"c-slide-clients__text\">\n                <div class=\"o-profile\">\n                  <div class=\"o-profile__box-img\">\n                    <div class=\"o-profile__img\">\n                      <img class=\"lazyload\" data-src=\"https:\/\/scal-e.com\/wp-content\/uploads\/2022\/04\/user.png\" alt=\"Martine B.\"\/>\n                    <\/div>\n                  <\/div>\n                  <div class=\"o-profile__box-detail\">\n                    <h3 class=\"o-profile__name\">Martine B.<\/h3>\n                    <div class=\"o-profile__position\">Consultante &#8211; Marketing strat\u00e9gique &amp; Advertising<\/div>\n                  <\/div>\n                <\/div>\n                                <div class=\"c-slide-clients__short-text\">Pros : Acquisition, activation, fid\u00e9lisation, marketing distribu\u00e9, client\u00e9lisme, etc.) &#8211; Excellent outil pour collecter les donn\u00e9es clients (online &#038; offline), les rassembler dans un RCU et les enrichir, \n&#8211; Le traitement et l&rsquo;exploitation des donn\u00e9es sont facilit\u00e9s par de puissants outils de gestion de la qualit\u00e9 des donn\u00e9es, de segmentation et de visualisation des donn\u00e9es, &#8211; Le module de marketing automation est ultra performant pour r\u00e9aliser des campagnes omnicanales et mesurer leurs performances (mod\u00e8les d&rsquo;attribution, calcul du ROI, etc. ) \n&#8211; Le module de fid\u00e9lisation est un plus non n\u00e9gligeable si vous souhaitez cr\u00e9er des programmes de fid\u00e9lit\u00e9 (pas seulement transactionnels), g\u00e9rer les avantages et les actions de parrainage&#8230; \n&#8211; L&rsquo;accompagnement de l&rsquo;\u00e9quipe sur mesure de Scal-e est de premier ordre pour permettre une prise en main rapide et une utilisation pouss\u00e9e de l&rsquo;outil.\n\nCons : L&rsquo;outil est tellement complet et puissant qu&rsquo;il est conseill\u00e9 de mettre en place un plan d&rsquo;action pour atteindre ses objectifs par \u00e9tapes successives. Mais heureusement, l&rsquo;outil est \u00a0\u00bb scalable \u00a0\u00bb et s&rsquo;adapte parfaitement \u00e0 une mont\u00e9e en puissance progressive lorsque cela est n\u00e9cessaire. Enfin, l&rsquo;accompagnement et le soutien continu de l&rsquo;\u00e9diteur sont un gage de r\u00e9ussite des projets dans le temps.<\/div>\n                              <\/div>\n            <\/div>\n            <div class=\"c-slide-clients__col -right\">\n              <div class=\"c-slide-clients__options\">\n                <div class=\"c-slide-clients__number u-color-dark-green\">100% <\/div>\n                <h4 class=\"c-slide-clients__title\">CDP \u00ab\u00a0made in France\u00a0\u00bb<\/h4>\n                                <a href=\"\/fr\/contactez-nous\/\" class=\"o-btn\">Voir plus<\/a>\n                              <\/div>\n            <\/div>\n          <\/div>\n        <\/div>\n                <div class=\"slider-item\">\n          <div class=\"c-slide-clients__item match-height\">\n            <div class=\"c-slide-clients__col -left\">\n              <div class=\"c-slide-clients__text\">\n                <div class=\"o-profile\">\n                  <div class=\"o-profile__box-img\">\n                    <div class=\"o-profile__img\">\n                      <img class=\"lazyload\" data-src=\"\" alt=\"Taciana A.\"\/>\n                    <\/div>\n                  <\/div>\n                  <div class=\"o-profile__box-detail\">\n                    <h3 class=\"o-profile__name\">Taciana A.<\/h3>\n                    <div class=\"o-profile__position\">Business Development \ud83c\uddea\ud83c\uddf8<\/div>\n                  <\/div>\n                <\/div>\n                                <div class=\"c-slide-clients__short-text\">Scal-e est un outil indispensable pour toute entreprise qui souhaite am\u00e9liorer ses r\u00e9sultats Marketing &#038; Ventes. Je ne parle pas seulement de quantit\u00e9, mais surtout de qualit\u00e9.\nGr\u00e2ce \u00e0 une analyse de donn\u00e9es unique, il apporte des informations pr\u00e9cieuses sur quand, o\u00f9 et comment contacter de nouveaux prospects. En plus d&rsquo;aider \u00e0 les garder satisfaits et interactifs tout au long du parcours relationnel gr\u00e2ce \u00e0 l&rsquo;expertise en mati\u00e8re d&rsquo;intelligence et de fid\u00e9lisation des clients.<\/div>\n                              <\/div>\n            <\/div>\n            <div class=\"c-slide-clients__col -right\">\n              <div class=\"c-slide-clients__options\">\n                <div class=\"c-slide-clients__number u-color-dark-green\">360\u00b0<\/div>\n                <h4 class=\"c-slide-clients__title\">Vue \u00e0 360 degr\u00e9s. Tableaux de bord qui donnent un aper\u00e7u complet avec analyse du retour sur investissement.<\/h4>\n                              <\/div>\n            <\/div>\n          <\/div>\n        <\/div>\n              <\/div>\n      <div class=\"slider-pagination\">\n              <div class=\"pagination-dot active\"><\/div>\n              <div class=\"pagination-dot \"><\/div>\n              <div class=\"pagination-dot \"><\/div>\n            <\/div>\n    <\/div>\n  <\/div>\n<\/section>\n\n<section class=\"c-faq\">\n\t<div class=\"o-heading u-text-center\">\n\t\t\t\t\t\t\t<h2>FAQ &#8211; Scal-e<\/h2>\n\t\t\t\t\t<\/div>\n\t<div class=\"c-faq__list\" id=\"filter-list\">\n\t\t\t\t\t<div class=\"c-faq__item box-filter\" data-box=\"\">\n\t\t\t\t<div class=\"c-faq__item-title\">\n\t\t\t\t\t<div class=\"c-faq__item-text\">Comment la CDP de Scal-e assure-t-elle l&rsquo;unification et la qualit\u00e9 des donn\u00e9es ?<\/div>\n\t\t\t\t\t<div class=\"c-faq__item-arrow\">\n\t\t\t\t\t\t<i class=\"o-icon o-icon--arrow-down-small \"><\/i>\n\t\t\t\t\t<\/div>\n\t\t\t\t<\/div>\n\t\t\t\t<div class=\"c-faq__item-content u-bg-light-gray-1\"><!-- wp:paragraph -->\n<p>La Customer Data Platform de Scal-e unifie les donn\u00e9es clients dispers\u00e9s \u00e0 travers diverses plateformes en une vue coh\u00e9sive. Elle am\u00e9liore la qualit\u00e9 des donn\u00e9es en nettoyant et enrichissant les jeux de donn\u00e9es existants, assurant ainsi que les campagnes marketing sont bas\u00e9es sur des informations clients pr\u00e9cises et actualis\u00e9es. Pour l&rsquo;unification des donn\u00e9es, Scal-e utilise un ETL int\u00e9gr\u00e9 et peut g\u00e9rer de multiples r\u00e8gles de gestion (d\u00e9duplication, fusion, etc.) qui sont configurables avec de multiples cl\u00e9s de correspondance.<a href=\"https:\/\/scal-e.com\/fr\/gestion-des-donnees\/\"> En savoir plus<\/a>.<br><\/p>\n<!-- \/wp:paragraph --><\/div>\n\n\t\t\t<\/div>\n\t\t\t\t\t<div class=\"c-faq__item box-filter\" data-box=\"\">\n\t\t\t\t<div class=\"c-faq__item-title\">\n\t\t\t\t\t<div class=\"c-faq__item-text\">Quels sont les avantages d&rsquo;avoir des donn\u00e9es clients de haute qualit\u00e9 pour les campagnes marketing ?<\/div>\n\t\t\t\t\t<div class=\"c-faq__item-arrow\">\n\t\t\t\t\t\t<i class=\"o-icon o-icon--arrow-down-small \"><\/i>\n\t\t\t\t\t<\/div>\n\t\t\t\t<\/div>\n\t\t\t\t<div class=\"c-faq__item-content u-bg-light-gray-1\"><!-- wp:paragraph -->\n<p>Les donn\u00e9es de haute qualit\u00e9 permettent un ciblage pr\u00e9cis, r\u00e9duisent les d\u00e9penses marketing inutiles et augmentent l&rsquo;efficacit\u00e9 des campagnes gr\u00e2ce \u00e0 des messages personnalis\u00e9s et m\u00e8ne finalement \u00e0 des taux de conversion plus \u00e9lev\u00e9s et plus de fid\u00e9lit\u00e9 de la part des clients.<\/p>\n<!-- \/wp:paragraph --><\/div>\n\n\t\t\t<\/div>\n\t\t\t\t\t<div class=\"c-faq__item box-filter\" data-box=\"\">\n\t\t\t\t<div class=\"c-faq__item-title\">\n\t\t\t\t\t<div class=\"c-faq__item-text\">Comment Scal-e se distingue-t-elle des autres solutions ?<\/div>\n\t\t\t\t\t<div class=\"c-faq__item-arrow\">\n\t\t\t\t\t\t<i class=\"o-icon o-icon--arrow-down-small \"><\/i>\n\t\t\t\t\t<\/div>\n\t\t\t\t<\/div>\n\t\t\t\t<div class=\"c-faq__item-content u-bg-light-gray-1\"><!-- wp:paragraph -->\n<p>Scal-e est une solution int\u00e9gr\u00e9e qui dispose de plusieurs modules int\u00e9gr\u00e9s (Gestion des donn\u00e9es, Constructeur d&rsquo;audience, Orchestration omnicanale, Fid\u00e9lit\u00e9 client, etc.). Ces modules communiquent en temps r\u00e9el avec la CDP, permettant l&rsquo;acc\u00e8s \u00e0 des donn\u00e9es clients de haute qualit\u00e9 au sein d&rsquo;une solution unique.<\/p>\n<!-- \/wp:paragraph --><\/div>\n\n\t\t\t<\/div>\n\t\t\t\t\t<div class=\"c-faq__item box-filter\" data-box=\"\">\n\t\t\t\t<div class=\"c-faq__item-title\">\n\t\t\t\t\t<div class=\"c-faq__item-text\">La CDP de Scal-e peut-elle am\u00e9liorer la personnalisation et les strat\u00e9gies de recommandation ?<\/div>\n\t\t\t\t\t<div class=\"c-faq__item-arrow\">\n\t\t\t\t\t\t<i class=\"o-icon o-icon--arrow-down-small \"><\/i>\n\t\t\t\t\t<\/div>\n\t\t\t\t<\/div>\n\t\t\t\t<div class=\"c-faq__item-content u-bg-light-gray-1\"><!-- wp:paragraph -->\n<p>Oui, la CDP de Scal-e utilise des donn\u00e9es unifi\u00e9es et de haute qualit\u00e9 pour personnaliser les communications et proposer des recommandations sur mesure aux clients, am\u00e9liorant consid\u00e9rablement l&rsquo;exp\u00e9rience et l&rsquo;engagement des clients. Scal-e am\u00e9liore la personnalisation avec des outils int\u00e9gr\u00e9s tels que la segmentation dynamique et le scoring, avec des indicateurs cl\u00e9s tels que la valeur \u00e0 vie du client, etc. <a href=\"https:\/\/scal-e.com\/fr\/customer-data-platform\/recommandation-personnalisation-scal-e\/\">En savoir plus<\/a>.<\/p>\n<!-- \/wp:paragraph --><\/div>\n\n\t\t\t<\/div>\n\t\t\t<\/div>\n\n<\/section>\n","protected":false},"excerpt":{"rendered":"","protected":false},"author":7,"featured_media":16909,"parent":0,"menu_order":0,"comment_status":"closed","ping_status":"closed","template":"page-platform-level1.php","meta":{"_acf_changed":false,"footnotes":""},"class_list":["post-857","page","type-page","status-publish","has-post-thumbnail","hentry"],"acf":[],"yoast_head":"<!-- This site is optimized with the Yoast SEO plugin v27.2 - https:\/\/yoast.com\/product\/yoast-seo-wordpress\/ -->\n<title>Unification &amp; Qualit\u00e9 - Scal-e plateforme cloud de marketing<\/title>\n<meta name=\"description\" content=\"Scal-e la plateforme cloud de marketing list\u00e9e dans le Now Tech CDP du Forrester, permet de cr\u00e9er des vue clients sur mesure\" \/>\n<meta name=\"robots\" content=\"index, follow, max-snippet:-1, max-image-preview:large, max-video-preview:-1\" \/>\n<link rel=\"canonical\" href=\"https:\/\/scal-e.com\/fr\/unification-et-qualite\/\" \/>\n<meta property=\"og:locale\" content=\"fr_FR\" \/>\n<meta property=\"og:type\" content=\"article\" \/>\n<meta property=\"og:title\" content=\"Scal-e - Unification &amp; Qualit\u00e9\" \/>\n<meta property=\"og:description\" content=\"Unifiez vos donn\u00e9es dans un Data Cloud : Cr\u00e9er un datamart ou R\u00e9f\u00e9renciel Client Unique (RCU), afin de cr\u00e9er une vue client 360\u00b0\" \/>\n<meta property=\"og:url\" content=\"https:\/\/scal-e.com\/fr\/unification-et-qualite\/\" \/>\n<meta property=\"og:site_name\" content=\"Scal-e\" \/>\n<meta property=\"article:publisher\" content=\"https:\/\/www.facebook.com\/scalemartech2\/\" \/>\n<meta property=\"article:modified_time\" content=\"2024-03-29T11:40:03+00:00\" \/>\n<meta name=\"twitter:card\" content=\"summary_large_image\" \/>\n<meta name=\"twitter:title\" content=\"Scal-e - Unification &amp; Qualit\u00e9\" \/>\n<meta name=\"twitter:description\" content=\"Unifiez vos donn\u00e9es dans un Data Cloud : Cr\u00e9er un datamart ou R\u00e9f\u00e9renciel Client Unique (RCU), afin de cr\u00e9er une vue client 360\u00b0\" \/>\n<meta name=\"twitter:site\" content=\"@scale_martech\" \/>\n<meta name=\"twitter:label1\" content=\"Dur\u00e9e de lecture estim\u00e9e\" \/>\n\t<meta name=\"twitter:data1\" content=\"1 minute\" \/>\n<script type=\"application\/ld+json\" class=\"yoast-schema-graph\">{\"@context\":\"https:\/\/schema.org\",\"@graph\":[{\"@type\":\"WebPage\",\"@id\":\"https:\/\/scal-e.com\/fr\/unification-et-qualite\/\",\"url\":\"https:\/\/scal-e.com\/fr\/unification-et-qualite\/\",\"name\":\"Unification & Qualit\u00e9 - Scal-e plateforme cloud de marketing\",\"isPartOf\":{\"@id\":\"https:\/\/scal-e.com\/#website\"},\"primaryImageOfPage\":{\"@id\":\"https:\/\/scal-e.com\/fr\/unification-et-qualite\/#primaryimage\"},\"image\":{\"@id\":\"https:\/\/scal-e.com\/fr\/unification-et-qualite\/#primaryimage\"},\"thumbnailUrl\":\"https:\/\/scal-e.com\/wp-content\/uploads\/2022\/05\/unification-1ter.png\",\"datePublished\":\"2021-07-05T08:27:43+00:00\",\"dateModified\":\"2024-03-29T11:40:03+00:00\",\"description\":\"Scal-e la plateforme cloud de marketing list\u00e9e dans le Now Tech CDP du Forrester, permet de cr\u00e9er des vue clients sur mesure\",\"breadcrumb\":{\"@id\":\"https:\/\/scal-e.com\/fr\/unification-et-qualite\/#breadcrumb\"},\"inLanguage\":\"fr-FR\",\"potentialAction\":[{\"@type\":\"ReadAction\",\"target\":[\"https:\/\/scal-e.com\/fr\/unification-et-qualite\/\"]}]},{\"@type\":\"ImageObject\",\"inLanguage\":\"fr-FR\",\"@id\":\"https:\/\/scal-e.com\/fr\/unification-et-qualite\/#primaryimage\",\"url\":\"https:\/\/scal-e.com\/wp-content\/uploads\/2022\/05\/unification-1ter.png\",\"contentUrl\":\"https:\/\/scal-e.com\/wp-content\/uploads\/2022\/05\/unification-1ter.png\",\"width\":1846,\"height\":633,\"caption\":\"Domaine unification et qualit\u00e9 scal-e\"},{\"@type\":\"BreadcrumbList\",\"@id\":\"https:\/\/scal-e.com\/fr\/unification-et-qualite\/#breadcrumb\",\"itemListElement\":[{\"@type\":\"ListItem\",\"position\":1,\"name\":\"Accueil\",\"item\":\"https:\/\/scal-e.com\/fr\/\"},{\"@type\":\"ListItem\",\"position\":2,\"name\":\"Unification &#038; Qualit\u00e9\"}]},{\"@type\":\"WebSite\",\"@id\":\"https:\/\/scal-e.com\/#website\",\"url\":\"https:\/\/scal-e.com\/\",\"name\":\"Scal-e\",\"description\":\"From data to loyalty | CDP &amp; Digital Marketing Hub : Scal-e\",\"publisher\":{\"@id\":\"https:\/\/scal-e.com\/#organization\"},\"potentialAction\":[{\"@type\":\"SearchAction\",\"target\":{\"@type\":\"EntryPoint\",\"urlTemplate\":\"https:\/\/scal-e.com\/?s={search_term_string}\"},\"query-input\":{\"@type\":\"PropertyValueSpecification\",\"valueRequired\":true,\"valueName\":\"search_term_string\"}}],\"inLanguage\":\"fr-FR\"},{\"@type\":\"Organization\",\"@id\":\"https:\/\/scal-e.com\/#organization\",\"name\":\"Scal-e\",\"url\":\"https:\/\/scal-e.com\/\",\"logo\":{\"@type\":\"ImageObject\",\"inLanguage\":\"fr-FR\",\"@id\":\"https:\/\/scal-e.com\/#\/schema\/logo\/image\/\",\"url\":\"https:\/\/scal-e.com\/wp-content\/uploads\/2021\/12\/logo_scal-e_square_transparent.png\",\"contentUrl\":\"https:\/\/scal-e.com\/wp-content\/uploads\/2021\/12\/logo_scal-e_square_transparent.png\",\"width\":214,\"height\":217,\"caption\":\"Scal-e\"},\"image\":{\"@id\":\"https:\/\/scal-e.com\/#\/schema\/logo\/image\/\"},\"sameAs\":[\"https:\/\/www.facebook.com\/scalemartech2\/\",\"https:\/\/x.com\/scale_martech\",\"https:\/\/www.instagram.com\/scale_martech\/\",\"https:\/\/www.linkedin.com\/company\/scalemartech\/\"]}]}<\/script>\n<!-- \/ Yoast SEO plugin. -->","yoast_head_json":{"title":"Unification & Qualit\u00e9 - Scal-e plateforme cloud de marketing","description":"Scal-e la plateforme cloud de marketing list\u00e9e dans le Now Tech CDP du Forrester, permet de cr\u00e9er des vue clients sur mesure","robots":{"index":"index","follow":"follow","max-snippet":"max-snippet:-1","max-image-preview":"max-image-preview:large","max-video-preview":"max-video-preview:-1"},"canonical":"https:\/\/scal-e.com\/fr\/unification-et-qualite\/","og_locale":"fr_FR","og_type":"article","og_title":"Scal-e - Unification & Qualit\u00e9","og_description":"Unifiez vos donn\u00e9es dans un Data Cloud : Cr\u00e9er un datamart ou R\u00e9f\u00e9renciel Client Unique (RCU), afin de cr\u00e9er une vue client 360\u00b0","og_url":"https:\/\/scal-e.com\/fr\/unification-et-qualite\/","og_site_name":"Scal-e","article_publisher":"https:\/\/www.facebook.com\/scalemartech2\/","article_modified_time":"2024-03-29T11:40:03+00:00","twitter_card":"summary_large_image","twitter_title":"Scal-e - Unification & Qualit\u00e9","twitter_description":"Unifiez vos donn\u00e9es dans un Data Cloud : Cr\u00e9er un datamart ou R\u00e9f\u00e9renciel Client Unique (RCU), afin de cr\u00e9er une vue client 360\u00b0","twitter_site":"@scale_martech","twitter_misc":{"Dur\u00e9e de lecture estim\u00e9e":"1 minute"},"schema":{"@context":"https:\/\/schema.org","@graph":[{"@type":"WebPage","@id":"https:\/\/scal-e.com\/fr\/unification-et-qualite\/","url":"https:\/\/scal-e.com\/fr\/unification-et-qualite\/","name":"Unification & Qualit\u00e9 - Scal-e plateforme cloud de marketing","isPartOf":{"@id":"https:\/\/scal-e.com\/#website"},"primaryImageOfPage":{"@id":"https:\/\/scal-e.com\/fr\/unification-et-qualite\/#primaryimage"},"image":{"@id":"https:\/\/scal-e.com\/fr\/unification-et-qualite\/#primaryimage"},"thumbnailUrl":"https:\/\/scal-e.com\/wp-content\/uploads\/2022\/05\/unification-1ter.png","datePublished":"2021-07-05T08:27:43+00:00","dateModified":"2024-03-29T11:40:03+00:00","description":"Scal-e la plateforme cloud de marketing list\u00e9e dans le Now Tech CDP du Forrester, permet de cr\u00e9er des vue clients sur mesure","breadcrumb":{"@id":"https:\/\/scal-e.com\/fr\/unification-et-qualite\/#breadcrumb"},"inLanguage":"fr-FR","potentialAction":[{"@type":"ReadAction","target":["https:\/\/scal-e.com\/fr\/unification-et-qualite\/"]}]},{"@type":"ImageObject","inLanguage":"fr-FR","@id":"https:\/\/scal-e.com\/fr\/unification-et-qualite\/#primaryimage","url":"https:\/\/scal-e.com\/wp-content\/uploads\/2022\/05\/unification-1ter.png","contentUrl":"https:\/\/scal-e.com\/wp-content\/uploads\/2022\/05\/unification-1ter.png","width":1846,"height":633,"caption":"Domaine unification et qualit\u00e9 scal-e"},{"@type":"BreadcrumbList","@id":"https:\/\/scal-e.com\/fr\/unification-et-qualite\/#breadcrumb","itemListElement":[{"@type":"ListItem","position":1,"name":"Accueil","item":"https:\/\/scal-e.com\/fr\/"},{"@type":"ListItem","position":2,"name":"Unification &#038; Qualit\u00e9"}]},{"@type":"WebSite","@id":"https:\/\/scal-e.com\/#website","url":"https:\/\/scal-e.com\/","name":"Scal-e","description":"From data to loyalty | CDP &amp; Digital Marketing Hub : Scal-e","publisher":{"@id":"https:\/\/scal-e.com\/#organization"},"potentialAction":[{"@type":"SearchAction","target":{"@type":"EntryPoint","urlTemplate":"https:\/\/scal-e.com\/?s={search_term_string}"},"query-input":{"@type":"PropertyValueSpecification","valueRequired":true,"valueName":"search_term_string"}}],"inLanguage":"fr-FR"},{"@type":"Organization","@id":"https:\/\/scal-e.com\/#organization","name":"Scal-e","url":"https:\/\/scal-e.com\/","logo":{"@type":"ImageObject","inLanguage":"fr-FR","@id":"https:\/\/scal-e.com\/#\/schema\/logo\/image\/","url":"https:\/\/scal-e.com\/wp-content\/uploads\/2021\/12\/logo_scal-e_square_transparent.png","contentUrl":"https:\/\/scal-e.com\/wp-content\/uploads\/2021\/12\/logo_scal-e_square_transparent.png","width":214,"height":217,"caption":"Scal-e"},"image":{"@id":"https:\/\/scal-e.com\/#\/schema\/logo\/image\/"},"sameAs":["https:\/\/www.facebook.com\/scalemartech2\/","https:\/\/x.com\/scale_martech","https:\/\/www.instagram.com\/scale_martech\/","https:\/\/www.linkedin.com\/company\/scalemartech\/"]}]}},"_links":{"self":[{"href":"https:\/\/scal-e.com\/fr\/wp-json\/wp\/v2\/pages\/857","targetHints":{"allow":["GET"]}}],"collection":[{"href":"https:\/\/scal-e.com\/fr\/wp-json\/wp\/v2\/pages"}],"about":[{"href":"https:\/\/scal-e.com\/fr\/wp-json\/wp\/v2\/types\/page"}],"author":[{"embeddable":true,"href":"https:\/\/scal-e.com\/fr\/wp-json\/wp\/v2\/users\/7"}],"replies":[{"embeddable":true,"href":"https:\/\/scal-e.com\/fr\/wp-json\/wp\/v2\/comments?post=857"}],"version-history":[{"count":295,"href":"https:\/\/scal-e.com\/fr\/wp-json\/wp\/v2\/pages\/857\/revisions"}],"predecessor-version":[{"id":27269,"href":"https:\/\/scal-e.com\/fr\/wp-json\/wp\/v2\/pages\/857\/revisions\/27269"}],"wp:featuredmedia":[{"embeddable":true,"href":"https:\/\/scal-e.com\/fr\/wp-json\/wp\/v2\/media\/16909"}],"wp:attachment":[{"href":"https:\/\/scal-e.com\/fr\/wp-json\/wp\/v2\/media?parent=857"}],"curies":[{"name":"wp","href":"https:\/\/api.w.org\/{rel}","templated":true}]}}