
{"id":26962,"date":"2025-03-28T18:09:00","date_gmt":"2025-03-28T18:09:00","guid":{"rendered":"https:\/\/scal-e.com\/?page_id=26962"},"modified":"2025-06-11T15:57:14","modified_gmt":"2025-06-11T15:57:14","slug":"master-data-management-mdm","status":"publish","type":"page","link":"https:\/\/scal-e.com\/fr\/master-data-management-mdm\/","title":{"rendered":"Master Data Management (MDM)\u00a0avec Scal-e"},"content":{"rendered":"\n<p><\/p>\n\n\n\n<h2 class=\"wp-block-heading\">D\u00e9couvrez l\u2019avenir d\u2019une gestion des donn\u00e9es simplifi\u00e9e et d\u2019une qualit\u00e9 am\u00e9lior\u00e9e !<\/h2>\n\n\n\n<div class=\"wp-block-columns is-layout-flex wp-container-core-columns-is-layout-9d6595d7 wp-block-columns-is-layout-flex\">\n<div class=\"wp-block-column is-layout-flow wp-block-column-is-layout-flow\" style=\"flex-basis:60%\">\n<p>Notre brochure d\u00e9di\u00e9e au Master Data Management (MDM) met en lumi\u00e8re le pouvoir transformateur d\u2019une gouvernance des donn\u00e9es efficace.<\/p>\n\n\n\n<p>D\u00e9couvrez comment le MDM peut centraliser vos donn\u00e9es, \u00e9liminer les redondances et fournir une source unique et fiable pour votre organisation.<\/p>\n\n\n\n<p>Dans cette brochure, vous d\u00e9couvrirez\u202f:<\/p>\n\n\n\n<ul class=\"wp-block-list\">\n<li>Les principaux avantages du MDM pour optimiser vos processus m\u00e9tier et am\u00e9liorer la qualit\u00e9 de vos donn\u00e9es<\/li>\n\n\n\n<li>Des \u00e9tudes de cas concr\u00e8tes illustrant l\u2019impact positif des solutions MDM sur la performance des entreprises<\/li>\n\n\n\n<li>Les fonctionnalit\u00e9s cl\u00e9s des solutions MDM de Scal-e pour r\u00e9pondre aux besoins sp\u00e9cifiques de votre organisation<\/li>\n<\/ul>\n\n\n\n<p><strong>T\u00e9l\u00e9chargez notre brochure d\u00e8s maintenant<\/strong>&nbsp;et d\u00e9couvrez comment simplifier la gestion de vos donn\u00e9es pour booster vos performances !<\/p>\n\n\n\n<p><\/p>\n<\/div>\n\n\n\n<div class=\"wp-block-column has-background is-layout-flow wp-block-column-is-layout-flow\" style=\"background-color:#282935;flex-basis:40%\">\n<div class=\"wp-block-contact-form-7-contact-form-selector\">\n<div class=\"wpcf7 no-js\" id=\"wpcf7-f29271-o1\" lang=\"en-US\" dir=\"ltr\" data-wpcf7-id=\"29271\">\n<div class=\"screen-reader-response\"><p role=\"status\" aria-live=\"polite\" aria-atomic=\"true\"><\/p> <ul><\/ul><\/div>\n<form action=\"\/fr\/wp-json\/wp\/v2\/pages\/26962#wpcf7-f29271-o1\" method=\"post\" class=\"wpcf7-form init\" aria-label=\"Contact form\" novalidate=\"novalidate\" data-status=\"init\">\n<fieldset class=\"hidden-fields-container\"><input type=\"hidden\" name=\"_wpcf7\" value=\"29271\" \/><input type=\"hidden\" name=\"_wpcf7_version\" value=\"6.1.5\" \/><input type=\"hidden\" name=\"_wpcf7_locale\" value=\"en_US\" \/><input type=\"hidden\" name=\"_wpcf7_unit_tag\" value=\"wpcf7-f29271-o1\" \/><input type=\"hidden\" name=\"_wpcf7_container_post\" value=\"0\" \/><input type=\"hidden\" name=\"_wpcf7_posted_data_hash\" value=\"\" \/><input type=\"hidden\" name=\"_wpcf7_recaptcha_response\" value=\"\" \/>\n<\/fieldset>\n<div style=\"margin:30px\">\n\t<div>\n\t\t<p style=\"color:#9b9b9b\">Renseignez vos coordonn\u00e9es pour recevoir la brochure.\n\t\t<\/p>\n\t<\/div>\n\t<div>\n\t\t<p>&nbsp;\n\t\t<\/p>\n\t<\/div>\n\t<div class=\"group-input\">\n\t\t<p><label style=\"color:#9b9b9b\">PR\u00c9NOM*<\/label><span class=\"wpcf7-form-control-wrap\" data-name=\"first-name\"><input size=\"40\" maxlength=\"400\" class=\"wpcf7-form-control wpcf7-text wpcf7-validates-as-required\" aria-required=\"true\" aria-invalid=\"false\" placeholder=\"Votre pr\u00e9nom\" value=\"\" type=\"text\" name=\"first-name\" \/><\/span>\n\t\t<\/p>\n\t<\/div>\n\t<div class=\"group-input\">\n\t\t<p><label style=\"color:#9b9b9b\">NOM*<\/label><span class=\"wpcf7-form-control-wrap\" data-name=\"last-name\"><input size=\"40\" maxlength=\"400\" class=\"wpcf7-form-control wpcf7-text wpcf7-validates-as-required\" aria-required=\"true\" aria-invalid=\"false\" placeholder=\"Votre nom\" value=\"\" type=\"text\" name=\"last-name\" \/><\/span>\n\t\t<\/p>\n\t<\/div>\n\t<div class=\"group-input\">\n\t\t<p><label style=\"color:#9b9b9b\">EMAIL PROFESSIONNEL*<\/label><span class=\"wpcf7-form-control-wrap\" data-name=\"your-email\"><input size=\"40\" maxlength=\"400\" class=\"wpcf7-form-control wpcf7-email wpcf7-validates-as-required wpcf7-text wpcf7-validates-as-email\" aria-required=\"true\" aria-invalid=\"false\" placeholder=\"Votre email professionnel\" value=\"\" type=\"email\" name=\"your-email\" \/><\/span>\n\t\t<\/p>\n\t<\/div>\n\t<div class=\"group-input\">\n\t\t<p><label style=\"color:#9b9b9b\">SITE WEB*<\/label><span class=\"wpcf7-form-control-wrap\" data-name=\"website\"><input size=\"40\" maxlength=\"400\" class=\"wpcf7-form-control wpcf7-url wpcf7-validates-as-required wpcf7-text wpcf7-validates-as-url\" aria-required=\"true\" aria-invalid=\"false\" value=\"https:\/\/\" type=\"url\" name=\"website\" \/><\/span>\n\t\t<\/p>\n\t<\/div>\n\t<div>\n\t\t<p><span style=\"color:#9b9b9b\">En acceptant, vous indiquez que vous avez lu et accept\u00e9 notre<\/span><a href=\"\/fr\/politique-relative-au-cookies\/\" target=\"_blank\">politique relative aux cookies<\/a><span style=\"color:#9b9b9b\">&nbsp;et \u00e0 &nbsp;<\/span><a href=\"\/fr\/politique-de-confidentialite\/\" target=\"_blank\">la confidentialit\u00e9<\/a>.<br \/>\n<span style=\"color:#9b9b9b\">J'accepte que Scal-e collecte mes donn\u00e9es personnelles pour r\u00e9pondre \u00e0 ma demande de contact*<\/span>\n\t\t<\/p>\n\t<\/div>\n<input class=\"wpcf7-form-control wpcf7-hidden\" value=\"from\" type=\"hidden\" name=\"from\" \/>\n\t<div class=\"u-text-center form-button\">\n\t\t<p><input class=\"wpcf7-form-control wpcf7-submit has-spinner\" type=\"submit\" value=\"Envoyer\" \/>\n\t\t<\/p>\n\t<\/div>\n<\/div><div class=\"wpcf7-response-output\" aria-hidden=\"true\"><\/div>\n<\/form>\n<\/div>\n<\/div>\n<\/div>\n<\/div>\n\n\n\n<div style=\"height:13px\" aria-hidden=\"true\" class=\"wp-block-spacer\"><\/div>\n\n\n\n<div style=\"height:17px\" aria-hidden=\"true\" class=\"wp-block-spacer\"><\/div>\n\n\n\n<div style=\"height:92px\" aria-hidden=\"true\" class=\"wp-block-spacer\"><\/div>\n","protected":false},"excerpt":{"rendered":"<p>D\u00e9couvrez l\u2019avenir d\u2019une gestion des donn\u00e9es simplifi\u00e9e et d\u2019une qualit\u00e9 am\u00e9lior\u00e9e ! Notre brochure d\u00e9di\u00e9e au Master Data Management (MDM) met en lumi\u00e8re le pouvoir transformateur d\u2019une gouvernance des donn\u00e9es efficace. D\u00e9couvrez comment le MDM peut centraliser vos donn\u00e9es, \u00e9liminer les redondances et fournir une source unique et fiable pour votre organisation. Dans cette brochure, [&hellip;]<\/p>\n","protected":false},"author":9,"featured_media":0,"parent":0,"menu_order":0,"comment_status":"closed","ping_status":"closed","template":"","meta":{"_acf_changed":false,"footnotes":""},"class_list":["post-26962","page","type-page","status-publish","hentry"],"acf":[],"yoast_head":"<!-- This site is optimized with the Yoast SEO plugin v27.2 - https:\/\/yoast.com\/product\/yoast-seo-wordpress\/ -->\n<title>Master Data Management (MDM)\u00a0avec Scal-e - Scal-e<\/title>\n<meta name=\"description\" content=\"D\u00e9couvrez l\u2019avenir d\u2019une gestion des donn\u00e9es simplifi\u00e9e et d\u2019une qualit\u00e9 am\u00e9lior\u00e9e ! Notre brochure d\u00e9di\u00e9e au Master Data Management (MDM) met en lumi\u00e8re\" \/>\n<meta name=\"robots\" content=\"index, follow, max-snippet:-1, max-image-preview:large, max-video-preview:-1\" \/>\n<link rel=\"canonical\" href=\"https:\/\/scal-e.com\/fr\/master-data-management-mdm\/\" \/>\n<meta property=\"og:locale\" content=\"fr_FR\" \/>\n<meta property=\"og:type\" content=\"article\" \/>\n<meta property=\"og:title\" content=\"Master Data Management (MDM)\u00a0avec Scal-e - Scal-e\" \/>\n<meta property=\"og:description\" content=\"D\u00e9couvrez l\u2019avenir d\u2019une gestion des donn\u00e9es simplifi\u00e9e et d\u2019une qualit\u00e9 am\u00e9lior\u00e9e ! Notre brochure d\u00e9di\u00e9e au Master Data Management (MDM) met en lumi\u00e8re\" \/>\n<meta property=\"og:url\" content=\"https:\/\/scal-e.com\/fr\/master-data-management-mdm\/\" \/>\n<meta property=\"og:site_name\" content=\"Scal-e\" \/>\n<meta property=\"article:publisher\" content=\"https:\/\/www.facebook.com\/scalemartech2\/\" \/>\n<meta property=\"article:modified_time\" content=\"2025-06-11T15:57:14+00:00\" \/>\n<meta name=\"twitter:card\" content=\"summary_large_image\" \/>\n<meta name=\"twitter:site\" content=\"@scale_martech\" \/>\n<meta name=\"twitter:label1\" content=\"Dur\u00e9e de lecture estim\u00e9e\" \/>\n\t<meta name=\"twitter:data1\" content=\"1 minute\" \/>\n<script type=\"application\/ld+json\" class=\"yoast-schema-graph\">{\"@context\":\"https:\/\/schema.org\",\"@graph\":[{\"@type\":\"WebPage\",\"@id\":\"https:\/\/scal-e.com\/fr\/master-data-management-mdm\/\",\"url\":\"https:\/\/scal-e.com\/fr\/master-data-management-mdm\/\",\"name\":\"Master Data Management (MDM)\u00a0avec Scal-e - Scal-e\",\"isPartOf\":{\"@id\":\"https:\/\/scal-e.com\/#website\"},\"datePublished\":\"2025-03-28T18:09:00+00:00\",\"dateModified\":\"2025-06-11T15:57:14+00:00\",\"description\":\"D\u00e9couvrez l\u2019avenir d\u2019une gestion des donn\u00e9es simplifi\u00e9e et d\u2019une qualit\u00e9 am\u00e9lior\u00e9e ! Notre brochure d\u00e9di\u00e9e au Master Data Management (MDM) met en lumi\u00e8re\",\"breadcrumb\":{\"@id\":\"https:\/\/scal-e.com\/fr\/master-data-management-mdm\/#breadcrumb\"},\"inLanguage\":\"fr-FR\",\"potentialAction\":[{\"@type\":\"ReadAction\",\"target\":[\"https:\/\/scal-e.com\/fr\/master-data-management-mdm\/\"]}]},{\"@type\":\"BreadcrumbList\",\"@id\":\"https:\/\/scal-e.com\/fr\/master-data-management-mdm\/#breadcrumb\",\"itemListElement\":[{\"@type\":\"ListItem\",\"position\":1,\"name\":\"Accueil\",\"item\":\"https:\/\/scal-e.com\/fr\/\"},{\"@type\":\"ListItem\",\"position\":2,\"name\":\"Master Data Management (MDM)\u00a0avec Scal-e\"}]},{\"@type\":\"WebSite\",\"@id\":\"https:\/\/scal-e.com\/#website\",\"url\":\"https:\/\/scal-e.com\/\",\"name\":\"Scal-e\",\"description\":\"From data to loyalty | CDP &amp; Digital Marketing Hub : Scal-e\",\"publisher\":{\"@id\":\"https:\/\/scal-e.com\/#organization\"},\"potentialAction\":[{\"@type\":\"SearchAction\",\"target\":{\"@type\":\"EntryPoint\",\"urlTemplate\":\"https:\/\/scal-e.com\/?s={search_term_string}\"},\"query-input\":{\"@type\":\"PropertyValueSpecification\",\"valueRequired\":true,\"valueName\":\"search_term_string\"}}],\"inLanguage\":\"fr-FR\"},{\"@type\":\"Organization\",\"@id\":\"https:\/\/scal-e.com\/#organization\",\"name\":\"Scal-e\",\"url\":\"https:\/\/scal-e.com\/\",\"logo\":{\"@type\":\"ImageObject\",\"inLanguage\":\"fr-FR\",\"@id\":\"https:\/\/scal-e.com\/#\/schema\/logo\/image\/\",\"url\":\"https:\/\/scal-e.com\/wp-content\/uploads\/2021\/12\/logo_scal-e_square_transparent.png\",\"contentUrl\":\"https:\/\/scal-e.com\/wp-content\/uploads\/2021\/12\/logo_scal-e_square_transparent.png\",\"width\":214,\"height\":217,\"caption\":\"Scal-e\"},\"image\":{\"@id\":\"https:\/\/scal-e.com\/#\/schema\/logo\/image\/\"},\"sameAs\":[\"https:\/\/www.facebook.com\/scalemartech2\/\",\"https:\/\/x.com\/scale_martech\",\"https:\/\/www.instagram.com\/scale_martech\/\",\"https:\/\/www.linkedin.com\/company\/scalemartech\/\"]}]}<\/script>\n<!-- \/ Yoast SEO plugin. -->","yoast_head_json":{"title":"Master Data Management (MDM)\u00a0avec Scal-e - Scal-e","description":"D\u00e9couvrez l\u2019avenir d\u2019une gestion des donn\u00e9es simplifi\u00e9e et d\u2019une qualit\u00e9 am\u00e9lior\u00e9e ! Notre brochure d\u00e9di\u00e9e au Master Data Management (MDM) met en lumi\u00e8re","robots":{"index":"index","follow":"follow","max-snippet":"max-snippet:-1","max-image-preview":"max-image-preview:large","max-video-preview":"max-video-preview:-1"},"canonical":"https:\/\/scal-e.com\/fr\/master-data-management-mdm\/","og_locale":"fr_FR","og_type":"article","og_title":"Master Data Management (MDM)\u00a0avec Scal-e - Scal-e","og_description":"D\u00e9couvrez l\u2019avenir d\u2019une gestion des donn\u00e9es simplifi\u00e9e et d\u2019une qualit\u00e9 am\u00e9lior\u00e9e ! Notre brochure d\u00e9di\u00e9e au Master Data Management (MDM) met en lumi\u00e8re","og_url":"https:\/\/scal-e.com\/fr\/master-data-management-mdm\/","og_site_name":"Scal-e","article_publisher":"https:\/\/www.facebook.com\/scalemartech2\/","article_modified_time":"2025-06-11T15:57:14+00:00","twitter_card":"summary_large_image","twitter_site":"@scale_martech","twitter_misc":{"Dur\u00e9e de lecture estim\u00e9e":"1 minute"},"schema":{"@context":"https:\/\/schema.org","@graph":[{"@type":"WebPage","@id":"https:\/\/scal-e.com\/fr\/master-data-management-mdm\/","url":"https:\/\/scal-e.com\/fr\/master-data-management-mdm\/","name":"Master Data Management (MDM)\u00a0avec Scal-e - Scal-e","isPartOf":{"@id":"https:\/\/scal-e.com\/#website"},"datePublished":"2025-03-28T18:09:00+00:00","dateModified":"2025-06-11T15:57:14+00:00","description":"D\u00e9couvrez l\u2019avenir d\u2019une gestion des donn\u00e9es simplifi\u00e9e et d\u2019une qualit\u00e9 am\u00e9lior\u00e9e ! Notre brochure d\u00e9di\u00e9e au Master Data Management (MDM) met en lumi\u00e8re","breadcrumb":{"@id":"https:\/\/scal-e.com\/fr\/master-data-management-mdm\/#breadcrumb"},"inLanguage":"fr-FR","potentialAction":[{"@type":"ReadAction","target":["https:\/\/scal-e.com\/fr\/master-data-management-mdm\/"]}]},{"@type":"BreadcrumbList","@id":"https:\/\/scal-e.com\/fr\/master-data-management-mdm\/#breadcrumb","itemListElement":[{"@type":"ListItem","position":1,"name":"Accueil","item":"https:\/\/scal-e.com\/fr\/"},{"@type":"ListItem","position":2,"name":"Master Data Management (MDM)\u00a0avec Scal-e"}]},{"@type":"WebSite","@id":"https:\/\/scal-e.com\/#website","url":"https:\/\/scal-e.com\/","name":"Scal-e","description":"From data to loyalty | CDP &amp; Digital Marketing Hub : Scal-e","publisher":{"@id":"https:\/\/scal-e.com\/#organization"},"potentialAction":[{"@type":"SearchAction","target":{"@type":"EntryPoint","urlTemplate":"https:\/\/scal-e.com\/?s={search_term_string}"},"query-input":{"@type":"PropertyValueSpecification","valueRequired":true,"valueName":"search_term_string"}}],"inLanguage":"fr-FR"},{"@type":"Organization","@id":"https:\/\/scal-e.com\/#organization","name":"Scal-e","url":"https:\/\/scal-e.com\/","logo":{"@type":"ImageObject","inLanguage":"fr-FR","@id":"https:\/\/scal-e.com\/#\/schema\/logo\/image\/","url":"https:\/\/scal-e.com\/wp-content\/uploads\/2021\/12\/logo_scal-e_square_transparent.png","contentUrl":"https:\/\/scal-e.com\/wp-content\/uploads\/2021\/12\/logo_scal-e_square_transparent.png","width":214,"height":217,"caption":"Scal-e"},"image":{"@id":"https:\/\/scal-e.com\/#\/schema\/logo\/image\/"},"sameAs":["https:\/\/www.facebook.com\/scalemartech2\/","https:\/\/x.com\/scale_martech","https:\/\/www.instagram.com\/scale_martech\/","https:\/\/www.linkedin.com\/company\/scalemartech\/"]}]}},"_links":{"self":[{"href":"https:\/\/scal-e.com\/fr\/wp-json\/wp\/v2\/pages\/26962","targetHints":{"allow":["GET"]}}],"collection":[{"href":"https:\/\/scal-e.com\/fr\/wp-json\/wp\/v2\/pages"}],"about":[{"href":"https:\/\/scal-e.com\/fr\/wp-json\/wp\/v2\/types\/page"}],"author":[{"embeddable":true,"href":"https:\/\/scal-e.com\/fr\/wp-json\/wp\/v2\/users\/9"}],"replies":[{"embeddable":true,"href":"https:\/\/scal-e.com\/fr\/wp-json\/wp\/v2\/comments?post=26962"}],"version-history":[{"count":26,"href":"https:\/\/scal-e.com\/fr\/wp-json\/wp\/v2\/pages\/26962\/revisions"}],"predecessor-version":[{"id":29402,"href":"https:\/\/scal-e.com\/fr\/wp-json\/wp\/v2\/pages\/26962\/revisions\/29402"}],"wp:attachment":[{"href":"https:\/\/scal-e.com\/fr\/wp-json\/wp\/v2\/media?parent=26962"}],"curies":[{"name":"wp","href":"https:\/\/api.w.org\/{rel}","templated":true}]}}