
{"id":1470,"date":"2021-12-10T09:57:09","date_gmt":"2021-12-10T09:57:09","guid":{"rendered":"http:\/\/gpiutbm.cluster023.hosting.ovh.net\/?page_id=1470"},"modified":"2023-05-31T11:40:36","modified_gmt":"2023-05-31T11:40:36","slug":"canaux-marketing","status":"publish","type":"page","link":"https:\/\/scal-e.com\/fr\/canaux-marketing\/","title":{"rendered":"Canaux Marketing"},"content":{"rendered":"<section class=\"c-icons-inline c-icons-inline--fullimage \">\n  <div class=\"o-heading u-text-center\">\n    <div class=\"o-heading__spacial u-color-light-purple\">Omnichannel<\/div>\n    <h2 class=\"\">1 cloud marketing &#038; 30+ canaux<\/h2>\n    <div class=\"o-heading__subtitle\">Maximisez votre taux de fid\u00e9lisation gr\u00e2ce aux canaux nativement int\u00e9gr\u00e9s dans Scal-e<\/div>\n  <\/div>\n\n    <div class=\"c-icons-inline--fullimage__list\">\n        <div class=\"c-icons-inline--fullimage__col\">\n      <div class=\"o-list-icon\">\n  <div class=\"o-list-icon__icon\"><img class=\"lazyload\" data-src=\"\" alt=\"Relationnel &#038; transactionnel\"\/><\/div>\n  <div class=\"o-list-icon__text\">\n    <h4 class=\"o-list-icon__title\">Relationnel &#038; transactionnel<\/h4>\n    <div class=\"o-list-icon__subtitle\">Am\u00e9liorez votre relation client au niveau global et local<\/div>\n  <\/div>\n<\/div>    <\/div>\n        <div class=\"c-icons-inline--fullimage__col\">\n      <div class=\"o-list-icon\">\n  <div class=\"o-list-icon__icon\"><img class=\"lazyload\" data-src=\"\" alt=\"Conversationnel\"\/><\/div>\n  <div class=\"o-list-icon__text\">\n    <h4 class=\"o-list-icon__title\">Conversationnel<\/h4>\n    <div class=\"o-list-icon__subtitle\">Cr\u00e9ez de l\u2019engagement gr\u00e2ce aux applications de messaging<\/div>\n  <\/div>\n<\/div>    <\/div>\n        <div class=\"c-icons-inline--fullimage__col\">\n      <div class=\"o-list-icon\">\n  <div class=\"o-list-icon__icon\"><img class=\"lazyload\" data-src=\"\" alt=\"R\u00e9seaux sociaux\"\/><\/div>\n  <div class=\"o-list-icon__text\">\n    <h4 class=\"o-list-icon__title\">R\u00e9seaux sociaux<\/h4>\n    <div class=\"o-list-icon__subtitle\">Utilisez les r\u00e9seaux pour enrichir votre connaissance et communiquer<\/div>\n  <\/div>\n<\/div>    <\/div>\n      <\/div>\n  \n  \n<\/section>\n\n<\/div>\n<section class=\"c-iconlist-image -have-bg \">\n\n  <div class=\"c-iconlist-image__row \">\n    <div class=\"c-iconlist-image__col -image\">\n      <div class=\"c-iconlist-image__image\">\n        <img class=\"lazyload\" data-src=\"https:\/\/scal-e.com\/wp-content\/uploads\/2022\/04\/transac.png\" alt=\"\"\/>\n      <\/div>\n    <\/div>\n    <div class=\"c-iconlist-image__col -text\">\n      <div class=\"c-iconlist-image__text\">\n        <div class=\"c-iconlist-image__heading\">\n          <h2>Relationnel &#038; transactionnel<\/h2>\n          <div class=\"c-iconlist-image__subtitle h5\">Am\u00e9liorez votre relation client au niveau global et local en les encourageant \u00e0 interagir<\/div>\n        <\/div>\n                <div class=\"c-iconlist-image__list\">\n                    <div class=\"o-list-icon\">\n  <div class=\"o-list-icon__icon\"><img class=\"lazyload\" data-src=\"\" alt=\"Global ou local\"\/><\/div>\n  <div class=\"o-list-icon__text\">\n    <h4 class=\"o-list-icon__title\">Global ou local<\/h4>\n    <div class=\"o-list-icon__subtitle\">Email, SMS, push app, push web, wallet mobile, canal vendeur, print &#8230;<\/div>\n  <\/div>\n<\/div>                  <\/div>\n                        <div class=\"c-iconlist-image__btn\">\n        <a href=\"http:\/\/scal-e.com\/fr\/contactez-nous\/?from=URL: scal-e.com\/fr\/wp-json\/wp\/v2\/pages\/1470 with Button name: Demande de d\u00e9mo\" class=\"o-btn\">Demande de d\u00e9mo<\/a>\n        <\/div>\n              <\/div>\n    <\/div>\n  <\/div>\n<\/section>\n<div class=\"wrapper\">\n\n<\/div>\n<section class=\"c-iconlist-image -have-bg \">\n\n  <div class=\"c-iconlist-image__row flex--reverse\">\n    <div class=\"c-iconlist-image__col -image\">\n      <div class=\"c-iconlist-image__image\">\n        <img class=\"lazyload\" data-src=\"https:\/\/scal-e.com\/wp-content\/uploads\/2022\/04\/conv.png\" alt=\"\"\/>\n      <\/div>\n    <\/div>\n    <div class=\"c-iconlist-image__col -text\">\n      <div class=\"c-iconlist-image__text\">\n        <div class=\"c-iconlist-image__heading\">\n          <h2>Conversationnel<\/h2>\n          <div class=\"c-iconlist-image__subtitle h5\">Gamifiez vos \u00e9changes et interactions avec vos clients en leur permettant de communiquer en temps r\u00e9el<\/div>\n        <\/div>\n                <div class=\"c-iconlist-image__list\">\n                    <div class=\"o-list-icon\">\n  <div class=\"o-list-icon__icon\"><img class=\"lazyload\" data-src=\"\" alt=\"Messaging\"\/><\/div>\n  <div class=\"o-list-icon__text\">\n    <h4 class=\"o-list-icon__title\">Messaging<\/h4>\n    <div class=\"o-list-icon__subtitle\">Facebook messenger, WhatsApp, Viber, Telegram messenger, WeChat, \u2026<\/div>\n  <\/div>\n<\/div>                  <\/div>\n                        <div class=\"c-iconlist-image__btn\">\n        <a href=\"http:\/\/scal-e.com\/fr\/contactez-nous\/?from=URL: scal-e.com\/fr\/wp-json\/wp\/v2\/pages\/1470 with Button name: Demande de d\u00e9mo\" class=\"o-btn\">Demande de d\u00e9mo<\/a>\n        <\/div>\n              <\/div>\n    <\/div>\n  <\/div>\n<\/section>\n<div class=\"wrapper\">\n\n<\/div>\n<section class=\"c-iconlist-image -have-bg \">\n\n  <div class=\"c-iconlist-image__row \">\n    <div class=\"c-iconlist-image__col -image\">\n      <div class=\"c-iconlist-image__image\">\n        <img class=\"lazyload\" data-src=\"https:\/\/scal-e.com\/wp-content\/uploads\/2022\/04\/socials.png\" alt=\"\"\/>\n      <\/div>\n    <\/div>\n    <div class=\"c-iconlist-image__col -text\">\n      <div class=\"c-iconlist-image__text\">\n        <div class=\"c-iconlist-image__heading\">\n          <h2>R\u00e9seaux sociaux<\/h2>\n          <div class=\"c-iconlist-image__subtitle h5\">\u00c9changez avec vos clients, depuis leurs r\u00e9seaux sociaux pr\u00e9f\u00e9r\u00e9s<\/div>\n        <\/div>\n                <div class=\"c-iconlist-image__list\">\n                    <div class=\"o-list-icon\">\n  <div class=\"o-list-icon__icon\"><img class=\"lazyload\" data-src=\"\" alt=\"Social\"\/><\/div>\n  <div class=\"o-list-icon__text\">\n    <h4 class=\"o-list-icon__title\">Social<\/h4>\n    <div class=\"o-list-icon__subtitle\">Facebook, Instagram, Twitter, YouTube, \u2026\r\n<\/div>\n  <\/div>\n<\/div>                  <\/div>\n                        <div class=\"c-iconlist-image__btn\">\n        <a href=\"http:\/\/scal-e.com\/fr\/contactez-nous\/?from=URL: scal-e.com\/fr\/wp-json\/wp\/v2\/pages\/1470 with Button name: Demande de d\u00e9mo\" class=\"o-btn\">Demande de d\u00e9mo<\/a>\n        <\/div>\n              <\/div>\n    <\/div>\n  <\/div>\n<\/section>\n<div class=\"wrapper\">\n\n<section class=\"c-form\">\n    <div class=\"c-form__row\">\n    <div class=\"c-form__form\">\n      <div class=\"c-form__box\">\n        \n<div class=\"wpcf7 no-js\" id=\"wpcf7-f9035-o1\" lang=\"en-US\" dir=\"ltr\" data-wpcf7-id=\"9035\">\n<div class=\"screen-reader-response\"><p role=\"status\" aria-live=\"polite\" aria-atomic=\"true\"><\/p> <ul><\/ul><\/div>\n<form action=\"\/fr\/wp-json\/wp\/v2\/pages\/1470#wpcf7-f9035-o1\" method=\"post\" class=\"wpcf7-form init\" aria-label=\"Contact form\" novalidate=\"novalidate\" data-status=\"init\">\n<fieldset class=\"hidden-fields-container\"><input type=\"hidden\" name=\"_wpcf7\" value=\"9035\" \/><input type=\"hidden\" name=\"_wpcf7_version\" value=\"6.1.5\" \/><input type=\"hidden\" name=\"_wpcf7_locale\" value=\"en_US\" \/><input type=\"hidden\" name=\"_wpcf7_unit_tag\" value=\"wpcf7-f9035-o1\" \/><input type=\"hidden\" name=\"_wpcf7_container_post\" value=\"0\" \/><input type=\"hidden\" name=\"_wpcf7_posted_data_hash\" value=\"\" \/><input type=\"hidden\" name=\"_wpcf7_recaptcha_response\" value=\"\" \/>\n<\/fieldset>\n<div class=\"group-input\">\n\t<p><label>PR\u00c9NOM*<\/label><span class=\"wpcf7-form-control-wrap\" data-name=\"first-name\"><input size=\"40\" maxlength=\"400\" class=\"wpcf7-form-control wpcf7-text wpcf7-validates-as-required\" aria-required=\"true\" aria-invalid=\"false\" value=\"\" type=\"text\" name=\"first-name\" \/><\/span>\n\t<\/p>\n<\/div>\n<div class=\"group-input\">\n\t<p><label>NOM*<\/label><span class=\"wpcf7-form-control-wrap\" data-name=\"last-name\"><input size=\"40\" maxlength=\"400\" class=\"wpcf7-form-control wpcf7-text wpcf7-validates-as-required\" aria-required=\"true\" aria-invalid=\"false\" value=\"\" type=\"text\" name=\"last-name\" \/><\/span>\n\t<\/p>\n<\/div>\n<div class=\"group-input\">\n\t<p><label>EMAIL PROFESSIONNEL*<\/label><span class=\"wpcf7-form-control-wrap\" data-name=\"your-email\"><input size=\"40\" maxlength=\"400\" class=\"wpcf7-form-control wpcf7-email wpcf7-validates-as-required wpcf7-text wpcf7-validates-as-email\" aria-required=\"true\" aria-invalid=\"false\" value=\"\" type=\"email\" name=\"your-email\" \/><\/span>\n\t<\/p>\n<\/div>\n<div class=\"group-input\">\n\t<p><label>SITE WEB*<\/label><span class=\"wpcf7-form-control-wrap\" data-name=\"website\"><input size=\"40\" maxlength=\"400\" class=\"wpcf7-form-control wpcf7-url wpcf7-validates-as-required wpcf7-text wpcf7-validates-as-url\" aria-required=\"true\" aria-invalid=\"false\" value=\"https:\/\/\" type=\"url\" name=\"website\" \/><\/span>\n\t<\/p>\n<\/div>\n<div class=\"group-input\">\n\t<p><label>VOTRE BESOIN*<\/label><span class=\"wpcf7-form-control-wrap\" data-name=\"domaines\"><span class=\"wpcf7-form-control wpcf7-checkbox wpcf7-validates-as-required\"><span class=\"wpcf7-list-item first\"><label><input type=\"checkbox\" name=\"domaines[]\" value=\"Gestion des donn\u00e9es\" \/><span class=\"wpcf7-list-item-label\">Gestion des donn\u00e9es<\/span><\/label><\/span><span class=\"wpcf7-list-item\"><label><input type=\"checkbox\" name=\"domaines[]\" value=\"Data Privacy\" \/><span class=\"wpcf7-list-item-label\">Data Privacy<\/span><\/label><\/span><span class=\"wpcf7-list-item\"><label><input type=\"checkbox\" name=\"domaines[]\" value=\"Cr\u00e9ation d&#039;audience\" \/><span class=\"wpcf7-list-item-label\">Cr\u00e9ation d&#039;audience<\/span><\/label><\/span><span class=\"wpcf7-list-item\"><label><input type=\"checkbox\" name=\"domaines[]\" value=\"Parcours client\" \/><span class=\"wpcf7-list-item-label\">Parcours client<\/span><\/label><\/span><span class=\"wpcf7-list-item\"><label><input type=\"checkbox\" name=\"domaines[]\" value=\"R\u00e9tention client\" \/><span class=\"wpcf7-list-item-label\">R\u00e9tention client<\/span><\/label><\/span><span class=\"wpcf7-list-item last\"><label><input type=\"checkbox\" name=\"domaines[]\" value=\"Connaissance client\" \/><span class=\"wpcf7-list-item-label\">Connaissance client<\/span><\/label><\/span><\/span><\/span>\n\t<\/p>\n<\/div>\n<div class=\"group-input\">\n\t<p><label>COMMENT POUVONS-NOUS VOUS AIDER ?<\/label><span class=\"wpcf7-form-control-wrap\" data-name=\"your-message\"><textarea cols=\"40\" rows=\"10\" maxlength=\"2000\" class=\"wpcf7-form-control wpcf7-textarea\" aria-invalid=\"false\" name=\"your-message\"><\/textarea><\/span>\n\t<\/p>\n<\/div>\n<div class=\"group-confirm\">\n\t<p><span>En acceptant d&rsquo;envoyer ce message, vous indiquez que vous avez lu et accept\u00e9 notre <\/span><a href=\"\/fr\/politique-relative-au-cookies\/\" target=\"_blank\"> politique relative aux cookies <\/a>et \u00e0<a href=\"\/fr\/politique-de-confidentialite\/\" target=\"_blank\"> la confidentialit\u00e9<\/a>. <span>J&rsquo;accepte que Scal-e collecte mes donn\u00e9es personnelles pour r\u00e9pondre \u00e0 ma demande de contact.<\/span>\n\t<\/p>\n<\/div>\n<input class=\"wpcf7-form-control wpcf7-hidden\" value=\"from\" type=\"hidden\" name=\"from\" \/>\n<div class=\"u-text-center form-button\">\n\t<p><input class=\"wpcf7-form-control wpcf7-submit has-spinner\" type=\"submit\" value=\"Envoyer\" \/>\n\t<\/p>\n<\/div>\n<p><script type=\"text\/javascript\">\n \/\/ Remplacez le texte \u00e0 droite de '=' par l'identifiant de votre bouton.\n \/\/ V\u00e9rifiez que vous n'avez pas supprim\u00e9 les citations.\n var buttonId = 'Envoyer'; \/\/ Modifier ceci.\n \/\/ NE PAS MODIFIER LE CODE CI-DESSOUS\n function trackingListener() {\n var capterra_vkey = 'ad91e86621e0a568a43af9b12a31ec53',\n capterra_vid = '2137425',\n ct = document.createElement('img');\n ct.src = 'https:\/\/ct.capterra.com\/capterra_tracker.gif?vid='\n + capterra_vid + '&vkey=' + capterra_vkey;\n document.body.appendChild(ct);\n };\n var button = document.getElementById(buttonId);\n button.addEventListener(\n 'click',\n trackingListener\n );\n <\/script>\n<\/p>\n<div class=\"group-confirm\">\n\t<p><span><small>(*) : champs obligatoires.<\/small><\/span>\n\t<\/p>\n<\/div><div class=\"wpcf7-response-output\" aria-hidden=\"true\"><\/div>\n<\/form>\n<\/div>\n\n      <\/div>\n    <\/div>\n    <div class=\"c-form__text\">\n                  <h2>Vous ne trouvez pas votre canal ? Contactez-nous !<\/h2>\n<p>Indiquez-nous votre besoin et le ou les canaux associ\u00e9s. En retour :<\/p>\n<ul>\n<li>B\u00e9n\u00e9ficiez des conseils de nos experts<\/li>\n<li>D\u00e9couvrez la plateforme<\/li>\n<li>Obtenez un pricing<\/li>\n<\/ul>\n\n                <\/div>\n  <\/div>\n<\/section>\n\n<section class=\"c-marketing-platform -have-bg\">\n  <div class=\"o-heading u-text-center\">\n    <div class=\"o-heading__spacial u-color-light-purple\">Marketing cloud<\/div>\n    <h2>Quelques exemples de canaux<\/h2>\n    <div class=\"o-heading__subtitle\">Relationnels &amp; transactionnels, conversationnels ou r\u00e9seaux sociaux<\/div>\n  <\/div>\n  <div class=\"c-marketing-platform__list flex flex--wrap\">\n          <div class=\"flex__cell u-1\/1 u-1\/2@mobile u-1\/3@tablet c-marketing-platform__col\">\n        <div class=\"o-card o-card--marketing\">\n          <a href=\"http:\/\/scal-e.com\/fr\/contactez-nous\/\">            <div class=\"o-card__category\"><span>Wallet mobile<\/span><\/div>\n            <div class=\"o-card__detail match-height\">Application mobile permettant de stocker et d&rsquo;activer des cartes virtuelles sur son mobile <\/div>\n                          <div class=\"o-btn-arrow o-card__btn\">\n                <span>Nous contacter<\/span>\n                <div class=\"o-btn-arrow__arrow\"><i class=\"o-icon o-icon--arrow\"><\/i><\/div>\n              <\/div>\n                      <\/a>        <\/div>\n      <\/div>\n          <div class=\"flex__cell u-1\/1 u-1\/2@mobile u-1\/3@tablet c-marketing-platform__col\">\n        <div class=\"o-card o-card--marketing\">\n          <a href=\"http:\/\/scal-e.com\/fr\/contactez-nous\/\">            <div class=\"o-card__category\"><span>Push mobile<\/span><\/div>\n            <div class=\"o-card__detail match-height\">Moyens permettant d&rsquo;adresser un message \u00e0 vocation marketing \u00e0 l&rsquo;utilisateur d&rsquo;un t\u00e9l\u00e9phone mobile<\/div>\n                          <div class=\"o-btn-arrow o-card__btn\">\n                <span>Nous contacter<\/span>\n                <div class=\"o-btn-arrow__arrow\"><i class=\"o-icon o-icon--arrow\"><\/i><\/div>\n              <\/div>\n                      <\/a>        <\/div>\n      <\/div>\n          <div class=\"flex__cell u-1\/1 u-1\/2@mobile u-1\/3@tablet c-marketing-platform__col\">\n        <div class=\"o-card o-card--marketing\">\n          <a href=\"http:\/\/scal-e.com\/fr\/contactez-nous\/\">            <div class=\"o-card__category\"><span>Twitter<\/span><\/div>\n            <div class=\"o-card__detail match-height\">R\u00e9seau social permettant \u00e0 un utilisateur d\u2019envoyer gratuitement des micromessages<\/div>\n                          <div class=\"o-btn-arrow o-card__btn\">\n                <span>Nous contacter<\/span>\n                <div class=\"o-btn-arrow__arrow\"><i class=\"o-icon o-icon--arrow\"><\/i><\/div>\n              <\/div>\n                      <\/a>        <\/div>\n      <\/div>\n          <div class=\"flex__cell u-1\/1 u-1\/2@mobile u-1\/3@tablet c-marketing-platform__col\">\n        <div class=\"o-card o-card--marketing\">\n          <a href=\"http:\/\/scal-e.com\/fr\/contactez-nous\/\">            <div class=\"o-card__category\"><span>Instagram<\/span><\/div>\n            <div class=\"o-card__detail match-height\">R\u00e9seau social permettant \u00e0 un utilisateur de partager de photos gratuitement<\/div>\n                          <div class=\"o-btn-arrow o-card__btn\">\n                <span>Nous contacter<\/span>\n                <div class=\"o-btn-arrow__arrow\"><i class=\"o-icon o-icon--arrow\"><\/i><\/div>\n              <\/div>\n                      <\/a>        <\/div>\n      <\/div>\n          <div class=\"flex__cell u-1\/1 u-1\/2@mobile u-1\/3@tablet c-marketing-platform__col\">\n        <div class=\"o-card o-card--marketing\">\n          <a href=\"http:\/\/scal-e.com\/fr\/contactez-nous\/\">            <div class=\"o-card__category\"><span>WhatsApp<\/span><\/div>\n            <div class=\"o-card__detail match-height\">Application mobile multi-plateforme qui fournit un syst\u00e8me de messagerie instantan\u00e9e chiffr\u00e9e de bout en bout<\/div>\n                          <div class=\"o-btn-arrow o-card__btn\">\n                <span>Nous contacter<\/span>\n                <div class=\"o-btn-arrow__arrow\"><i class=\"o-icon o-icon--arrow\"><\/i><\/div>\n              <\/div>\n                      <\/a>        <\/div>\n      <\/div>\n          <div class=\"flex__cell u-1\/1 u-1\/2@mobile u-1\/3@tablet c-marketing-platform__col\">\n        <div class=\"o-card o-card--marketing\">\n          <a href=\"http:\/\/scal-e.com\/fr\/contactez-nous\/\">            <div class=\"o-card__category\"><span>Telegram messenger<\/span><\/div>\n            <div class=\"o-card__detail match-height\">Application open source de messagerie instantan\u00e9e s\u00e9curis\u00e9e h\u00e9berg\u00e9e dans un cloud<\/div>\n                          <div class=\"o-btn-arrow o-card__btn\">\n                <span>Nous contacter<\/span>\n                <div class=\"o-btn-arrow__arrow\"><i class=\"o-icon o-icon--arrow\"><\/i><\/div>\n              <\/div>\n                      <\/a>        <\/div>\n      <\/div>\n      <\/div>\n<\/section>\n\n\n<p><\/p>\n","protected":false},"excerpt":{"rendered":"","protected":false},"author":9,"featured_media":0,"parent":0,"menu_order":0,"comment_status":"closed","ping_status":"closed","template":"page-platform-level3.php","meta":{"_acf_changed":false,"footnotes":""},"class_list":["post-1470","page","type-page","status-publish","hentry"],"acf":[],"yoast_head":"<!-- This site is optimized with the Yoast SEO plugin v27.2 - https:\/\/yoast.com\/product\/yoast-seo-wordpress\/ -->\n<title>Canaux Marketing - Scal-e<\/title>\n<meta name=\"description\" content=\"Int\u00e9ragissez avec vos clients via tous les canaux marketing : email, sms, whatsapp, messenger, r\u00e9seaux sociaux : boostez l&#039;exp\u00e9rience client\" \/>\n<meta name=\"robots\" content=\"index, follow, max-snippet:-1, max-image-preview:large, max-video-preview:-1\" \/>\n<link rel=\"canonical\" href=\"https:\/\/scal-e.com\/fr\/canaux-marketing\/\" \/>\n<meta property=\"og:locale\" content=\"fr_FR\" \/>\n<meta property=\"og:type\" content=\"article\" \/>\n<meta property=\"og:title\" content=\"Canaux Marketing - Scal-e\" \/>\n<meta property=\"og:description\" content=\"Int\u00e9ragissez avec vos clients via tous les canaux marketing : email, sms, whatsapp, messenger, r\u00e9seaux sociaux : boostez l&#039;exp\u00e9rience client\" \/>\n<meta property=\"og:url\" content=\"https:\/\/scal-e.com\/fr\/canaux-marketing\/\" \/>\n<meta property=\"og:site_name\" content=\"Scal-e\" \/>\n<meta property=\"article:publisher\" content=\"https:\/\/www.facebook.com\/scalemartech2\/\" \/>\n<meta property=\"article:modified_time\" content=\"2023-05-31T11:40:36+00:00\" \/>\n<meta name=\"twitter:card\" content=\"summary_large_image\" \/>\n<meta name=\"twitter:site\" content=\"@scale_martech\" \/>\n<script type=\"application\/ld+json\" class=\"yoast-schema-graph\">{\"@context\":\"https:\/\/schema.org\",\"@graph\":[{\"@type\":\"WebPage\",\"@id\":\"https:\/\/scal-e.com\/fr\/canaux-marketing\/\",\"url\":\"https:\/\/scal-e.com\/fr\/canaux-marketing\/\",\"name\":\"Canaux Marketing - Scal-e\",\"isPartOf\":{\"@id\":\"https:\/\/scal-e.com\/#website\"},\"datePublished\":\"2021-12-10T09:57:09+00:00\",\"dateModified\":\"2023-05-31T11:40:36+00:00\",\"description\":\"Int\u00e9ragissez avec vos clients via tous les canaux marketing : email, sms, whatsapp, messenger, r\u00e9seaux sociaux : boostez l'exp\u00e9rience client\",\"breadcrumb\":{\"@id\":\"https:\/\/scal-e.com\/fr\/canaux-marketing\/#breadcrumb\"},\"inLanguage\":\"fr-FR\",\"potentialAction\":[{\"@type\":\"ReadAction\",\"target\":[\"https:\/\/scal-e.com\/fr\/canaux-marketing\/\"]}]},{\"@type\":\"BreadcrumbList\",\"@id\":\"https:\/\/scal-e.com\/fr\/canaux-marketing\/#breadcrumb\",\"itemListElement\":[{\"@type\":\"ListItem\",\"position\":1,\"name\":\"Accueil\",\"item\":\"https:\/\/scal-e.com\/fr\/\"},{\"@type\":\"ListItem\",\"position\":2,\"name\":\"Canaux Marketing\"}]},{\"@type\":\"WebSite\",\"@id\":\"https:\/\/scal-e.com\/#website\",\"url\":\"https:\/\/scal-e.com\/\",\"name\":\"Scal-e\",\"description\":\"From data to loyalty | CDP &amp; Digital Marketing Hub : Scal-e\",\"publisher\":{\"@id\":\"https:\/\/scal-e.com\/#organization\"},\"potentialAction\":[{\"@type\":\"SearchAction\",\"target\":{\"@type\":\"EntryPoint\",\"urlTemplate\":\"https:\/\/scal-e.com\/?s={search_term_string}\"},\"query-input\":{\"@type\":\"PropertyValueSpecification\",\"valueRequired\":true,\"valueName\":\"search_term_string\"}}],\"inLanguage\":\"fr-FR\"},{\"@type\":\"Organization\",\"@id\":\"https:\/\/scal-e.com\/#organization\",\"name\":\"Scal-e\",\"url\":\"https:\/\/scal-e.com\/\",\"logo\":{\"@type\":\"ImageObject\",\"inLanguage\":\"fr-FR\",\"@id\":\"https:\/\/scal-e.com\/#\/schema\/logo\/image\/\",\"url\":\"https:\/\/scal-e.com\/wp-content\/uploads\/2021\/12\/logo_scal-e_square_transparent.png\",\"contentUrl\":\"https:\/\/scal-e.com\/wp-content\/uploads\/2021\/12\/logo_scal-e_square_transparent.png\",\"width\":214,\"height\":217,\"caption\":\"Scal-e\"},\"image\":{\"@id\":\"https:\/\/scal-e.com\/#\/schema\/logo\/image\/\"},\"sameAs\":[\"https:\/\/www.facebook.com\/scalemartech2\/\",\"https:\/\/x.com\/scale_martech\",\"https:\/\/www.instagram.com\/scale_martech\/\",\"https:\/\/www.linkedin.com\/company\/scalemartech\/\"]}]}<\/script>\n<!-- \/ Yoast SEO plugin. -->","yoast_head_json":{"title":"Canaux Marketing - Scal-e","description":"Int\u00e9ragissez avec vos clients via tous les canaux marketing : email, sms, whatsapp, messenger, r\u00e9seaux sociaux : boostez l'exp\u00e9rience client","robots":{"index":"index","follow":"follow","max-snippet":"max-snippet:-1","max-image-preview":"max-image-preview:large","max-video-preview":"max-video-preview:-1"},"canonical":"https:\/\/scal-e.com\/fr\/canaux-marketing\/","og_locale":"fr_FR","og_type":"article","og_title":"Canaux Marketing - Scal-e","og_description":"Int\u00e9ragissez avec vos clients via tous les canaux marketing : email, sms, whatsapp, messenger, r\u00e9seaux sociaux : boostez l'exp\u00e9rience client","og_url":"https:\/\/scal-e.com\/fr\/canaux-marketing\/","og_site_name":"Scal-e","article_publisher":"https:\/\/www.facebook.com\/scalemartech2\/","article_modified_time":"2023-05-31T11:40:36+00:00","twitter_card":"summary_large_image","twitter_site":"@scale_martech","schema":{"@context":"https:\/\/schema.org","@graph":[{"@type":"WebPage","@id":"https:\/\/scal-e.com\/fr\/canaux-marketing\/","url":"https:\/\/scal-e.com\/fr\/canaux-marketing\/","name":"Canaux Marketing - Scal-e","isPartOf":{"@id":"https:\/\/scal-e.com\/#website"},"datePublished":"2021-12-10T09:57:09+00:00","dateModified":"2023-05-31T11:40:36+00:00","description":"Int\u00e9ragissez avec vos clients via tous les canaux marketing : email, sms, whatsapp, messenger, r\u00e9seaux sociaux : boostez l'exp\u00e9rience client","breadcrumb":{"@id":"https:\/\/scal-e.com\/fr\/canaux-marketing\/#breadcrumb"},"inLanguage":"fr-FR","potentialAction":[{"@type":"ReadAction","target":["https:\/\/scal-e.com\/fr\/canaux-marketing\/"]}]},{"@type":"BreadcrumbList","@id":"https:\/\/scal-e.com\/fr\/canaux-marketing\/#breadcrumb","itemListElement":[{"@type":"ListItem","position":1,"name":"Accueil","item":"https:\/\/scal-e.com\/fr\/"},{"@type":"ListItem","position":2,"name":"Canaux Marketing"}]},{"@type":"WebSite","@id":"https:\/\/scal-e.com\/#website","url":"https:\/\/scal-e.com\/","name":"Scal-e","description":"From data to loyalty | CDP &amp; Digital Marketing Hub : Scal-e","publisher":{"@id":"https:\/\/scal-e.com\/#organization"},"potentialAction":[{"@type":"SearchAction","target":{"@type":"EntryPoint","urlTemplate":"https:\/\/scal-e.com\/?s={search_term_string}"},"query-input":{"@type":"PropertyValueSpecification","valueRequired":true,"valueName":"search_term_string"}}],"inLanguage":"fr-FR"},{"@type":"Organization","@id":"https:\/\/scal-e.com\/#organization","name":"Scal-e","url":"https:\/\/scal-e.com\/","logo":{"@type":"ImageObject","inLanguage":"fr-FR","@id":"https:\/\/scal-e.com\/#\/schema\/logo\/image\/","url":"https:\/\/scal-e.com\/wp-content\/uploads\/2021\/12\/logo_scal-e_square_transparent.png","contentUrl":"https:\/\/scal-e.com\/wp-content\/uploads\/2021\/12\/logo_scal-e_square_transparent.png","width":214,"height":217,"caption":"Scal-e"},"image":{"@id":"https:\/\/scal-e.com\/#\/schema\/logo\/image\/"},"sameAs":["https:\/\/www.facebook.com\/scalemartech2\/","https:\/\/x.com\/scale_martech","https:\/\/www.instagram.com\/scale_martech\/","https:\/\/www.linkedin.com\/company\/scalemartech\/"]}]}},"_links":{"self":[{"href":"https:\/\/scal-e.com\/fr\/wp-json\/wp\/v2\/pages\/1470","targetHints":{"allow":["GET"]}}],"collection":[{"href":"https:\/\/scal-e.com\/fr\/wp-json\/wp\/v2\/pages"}],"about":[{"href":"https:\/\/scal-e.com\/fr\/wp-json\/wp\/v2\/types\/page"}],"author":[{"embeddable":true,"href":"https:\/\/scal-e.com\/fr\/wp-json\/wp\/v2\/users\/9"}],"replies":[{"embeddable":true,"href":"https:\/\/scal-e.com\/fr\/wp-json\/wp\/v2\/comments?post=1470"}],"version-history":[{"count":191,"href":"https:\/\/scal-e.com\/fr\/wp-json\/wp\/v2\/pages\/1470\/revisions"}],"predecessor-version":[{"id":25398,"href":"https:\/\/scal-e.com\/fr\/wp-json\/wp\/v2\/pages\/1470\/revisions\/25398"}],"wp:attachment":[{"href":"https:\/\/scal-e.com\/fr\/wp-json\/wp\/v2\/media?parent=1470"}],"curies":[{"name":"wp","href":"https:\/\/api.w.org\/{rel}","templated":true}]}}