
{"id":1418,"date":"2021-12-09T08:55:59","date_gmt":"2021-12-09T08:55:59","guid":{"rendered":"http:\/\/gpiutbm.cluster023.hosting.ovh.net\/?page_id=1418"},"modified":"2023-06-15T08:16:15","modified_gmt":"2023-06-15T08:16:15","slug":"source","status":"publish","type":"page","link":"https:\/\/scal-e.com\/fr\/source\/","title":{"rendered":"Sources"},"content":{"rendered":"<section class=\"c-icons-inline c-icons-inline--fullimage \">\n  <div class=\"o-heading u-text-center\">\n    <div class=\"o-heading__spacial u-color-light-purple\">Agility &#038; connectivity<\/div>\n    <h2 class=\"\">Unify your information system (IS)<\/h2>\n    <div class=\"o-heading__subtitle\">Integrate your offline, online and onchain data sources with CDP through its natively integrated ETL<\/div>\n  <\/div>\n\n    <div class=\"c-icons-inline--fullimage__list\">\n        <div class=\"c-icons-inline--fullimage__col\">\n      <div class=\"o-list-icon\">\n  <div class=\"o-list-icon__icon\"><img class=\"lazyload\" data-src=\"https:\/\/scal-e.com\/wp-content\/uploads\/2022\/04\/menu-down.png\" alt=\"Offline Sources\"\/><\/div>\n  <div class=\"o-list-icon__text\">\n    <h4 class=\"o-list-icon__title\">Offline Sources<\/h4>\n    <div class=\"o-list-icon__subtitle\">Point of sales, cloud application, database<\/div>\n  <\/div>\n<\/div>    <\/div>\n        <div class=\"c-icons-inline--fullimage__col\">\n      <div class=\"o-list-icon\">\n  <div class=\"o-list-icon__icon\"><img class=\"lazyload\" data-src=\"https:\/\/scal-e.com\/wp-content\/uploads\/2022\/04\/menu-down.png\" alt=\"Online Sources\"\/><\/div>\n  <div class=\"o-list-icon__text\">\n    <h4 class=\"o-list-icon__title\">Online Sources<\/h4>\n    <div class=\"o-list-icon__subtitle\">Website or e-commerce, mobile app, social networks<\/div>\n  <\/div>\n<\/div>    <\/div>\n        <div class=\"c-icons-inline--fullimage__col\">\n      <div class=\"o-list-icon\">\n  <div class=\"o-list-icon__icon\"><img class=\"lazyload\" data-src=\"https:\/\/scal-e.com\/wp-content\/uploads\/2022\/04\/menu-down.png\" alt=\"Onchain Sources\"\/><\/div>\n  <div class=\"o-list-icon__text\">\n    <h4 class=\"o-list-icon__title\">Onchain Sources<\/h4>\n    <div class=\"o-list-icon__subtitle\">Private or public blockchain<\/div>\n  <\/div>\n<\/div>    <\/div>\n      <\/div>\n  \n  \n<\/section><\/div>\n<section class=\"c-iconlist-image -have-bg \">\n\n  <div class=\"c-iconlist-image__row \">\n    <div class=\"c-iconlist-image__col -image\">\n      <div class=\"c-iconlist-image__image\">\n        <img class=\"lazyload\" data-src=\"https:\/\/scal-e.com\/wp-content\/uploads\/2022\/04\/HORLIGNE.png\" alt=\"\"\/>\n      <\/div>\n    <\/div>\n    <div class=\"c-iconlist-image__col -text\">\n      <div class=\"c-iconlist-image__text\">\n        <div class=\"c-iconlist-image__heading\">\n          <h2>Offline<\/h2>\n          <div class=\"c-iconlist-image__subtitle h5\">Don&#039;t limit yourself to online data sources to build your 360\u00b0 customer view<\/div>\n        <\/div>\n                <div class=\"c-iconlist-image__list\">\n                    <div class=\"o-list-icon\">\n  <div class=\"o-list-icon__icon\"><img class=\"lazyload\" data-src=\"https:\/\/scal-e.com\/wp-content\/uploads\/2022\/04\/menu-down.png\" alt=\"Point of Sales\"\/><\/div>\n  <div class=\"o-list-icon__text\">\n    <h4 class=\"o-list-icon__title\">Point of Sales<\/h4>\n    <div class=\"o-list-icon__subtitle\">Collect transactional data from your cash register system, clienteling &#8230;<\/div>\n  <\/div>\n<\/div>                    <div class=\"o-list-icon\">\n  <div class=\"o-list-icon__icon\"><img class=\"lazyload\" data-src=\"https:\/\/scal-e.com\/wp-content\/uploads\/2022\/04\/menu-down.png\" alt=\"Cloud app\"\/><\/div>\n  <div class=\"o-list-icon__text\">\n    <h4 class=\"o-list-icon__title\">Cloud app<\/h4>\n    <div class=\"o-list-icon__subtitle\">Collect declarative, transactional data &#8230; from your CRM, ERP, call center &#8230;<\/div>\n  <\/div>\n<\/div>                    <div class=\"o-list-icon\">\n  <div class=\"o-list-icon__icon\"><img class=\"lazyload\" data-src=\"https:\/\/scal-e.com\/wp-content\/uploads\/2022\/04\/menu-down.png\" alt=\"Database\"\/><\/div>\n  <div class=\"o-list-icon__text\">\n    <h4 class=\"o-list-icon__title\">Database<\/h4>\n    <div class=\"o-list-icon__subtitle\">Retrieve data from your existing databases MySQL, MangoDB, BigQuery &#8230; or from your Json, CSV files &#8230;<\/div>\n  <\/div>\n<\/div>                  <\/div>\n                        <div class=\"c-iconlist-image__btn\">\n        <a href=\"http:\/\/scal-e.com\/contact-us\/?from=URL: scal-e.com\/fr\/wp-json\/wp\/v2\/pages\/1418 with Button name: Contact us\" class=\"o-btn\">Contact us<\/a>\n        <\/div>\n              <\/div>\n    <\/div>\n  <\/div>\n<\/section>\n<div class=\"wrapper\"><\/div>\n<section class=\"c-iconlist-image -have-bg \">\n\n  <div class=\"c-iconlist-image__row flex--reverse\">\n    <div class=\"c-iconlist-image__col -image\">\n      <div class=\"c-iconlist-image__image\">\n        <img class=\"lazyload\" data-src=\"https:\/\/scal-e.com\/wp-content\/uploads\/2022\/04\/ENLIGNE-2.png\" alt=\"\"\/>\n      <\/div>\n    <\/div>\n    <div class=\"c-iconlist-image__col -text\">\n      <div class=\"c-iconlist-image__text\">\n        <div class=\"c-iconlist-image__heading\">\n          <h2>Online<\/h2>\n          <div class=\"c-iconlist-image__subtitle h5\">Leverage 100% of the digital journey to improve your customer knowledge<\/div>\n        <\/div>\n                <div class=\"c-iconlist-image__list\">\n                    <div class=\"o-list-icon\">\n  <div class=\"o-list-icon__icon\"><img class=\"lazyload\" data-src=\"https:\/\/scal-e.com\/wp-content\/uploads\/2022\/04\/menu-down.png\" alt=\"Website &#038; e-commerce\"\/><\/div>\n  <div class=\"o-list-icon__text\">\n    <h4 class=\"o-list-icon__title\">Website &#038; e-commerce<\/h4>\n    <div class=\"o-list-icon__subtitle\">Collect web browsing data, contacts, purchases, abandoned carts&#8230;<\/div>\n  <\/div>\n<\/div>                    <div class=\"o-list-icon\">\n  <div class=\"o-list-icon__icon\"><img class=\"lazyload\" data-src=\"https:\/\/scal-e.com\/wp-content\/uploads\/2022\/04\/menu-down.png\" alt=\"Social networks\"\/><\/div>\n  <div class=\"o-list-icon__text\">\n    <h4 class=\"o-list-icon__title\">Social networks<\/h4>\n    <div class=\"o-list-icon__subtitle\">Retrieve comments, viewing times &#8230;<\/div>\n  <\/div>\n<\/div>                    <div class=\"o-list-icon\">\n  <div class=\"o-list-icon__icon\"><img class=\"lazyload\" data-src=\"https:\/\/scal-e.com\/wp-content\/uploads\/2022\/04\/menu-down.png\" alt=\"Mobile app\"\/><\/div>\n  <div class=\"o-list-icon__text\">\n    <h4 class=\"o-list-icon__title\">Mobile app<\/h4>\n    <div class=\"o-list-icon__subtitle\">Get mobile browsing data, contact usage time&#8230;<\/div>\n  <\/div>\n<\/div>                  <\/div>\n                        <div class=\"c-iconlist-image__btn\">\n        <a href=\"http:\/\/scal-e.com\/contact-us\/?from=URL: scal-e.com\/fr\/wp-json\/wp\/v2\/pages\/1418 with Button name: Contact us\" class=\"o-btn\">Contact us<\/a>\n        <\/div>\n              <\/div>\n    <\/div>\n  <\/div>\n<\/section>\n<div class=\"wrapper\"><\/div>\n<section class=\"c-iconlist-image -have-bg \">\n\n  <div class=\"c-iconlist-image__row \">\n    <div class=\"c-iconlist-image__col -image\">\n      <div class=\"c-iconlist-image__image\">\n        <img class=\"lazyload\" data-src=\"https:\/\/scal-e.com\/wp-content\/uploads\/2022\/04\/ONCHAIN.png\" alt=\"\"\/>\n      <\/div>\n    <\/div>\n    <div class=\"c-iconlist-image__col -text\">\n      <div class=\"c-iconlist-image__text\">\n        <div class=\"c-iconlist-image__heading\">\n          <h2>Onchain<\/h2>\n          <div class=\"c-iconlist-image__subtitle h5\">What happens onchain, does not have to stay onchain!<\/div>\n        <\/div>\n                <div class=\"c-iconlist-image__list\">\n                    <div class=\"o-list-icon\">\n  <div class=\"o-list-icon__icon\"><img class=\"lazyload\" data-src=\"https:\/\/scal-e.com\/wp-content\/uploads\/2022\/04\/menu-down.png\" alt=\"Public &#038; Private blockchain\"\/><\/div>\n  <div class=\"o-list-icon__text\">\n    <h4 class=\"o-list-icon__title\">Public &#038; Private blockchain<\/h4>\n    <div class=\"o-list-icon__subtitle\">Retrieve blockchain address, transaction history, list of cryptos, utility token, NFT&#8230; <\/div>\n  <\/div>\n<\/div>                  <\/div>\n                        <div class=\"c-iconlist-image__btn\">\n        <a href=\"http:\/\/scal-e.com\/contact-us\/?from=URL: scal-e.com\/fr\/wp-json\/wp\/v2\/pages\/1418 with Button name: Contact us\" class=\"o-btn\">Contact us<\/a>\n        <\/div>\n              <\/div>\n    <\/div>\n  <\/div>\n<\/section>\n<div class=\"wrapper\"><section class=\"c-form\">\n    <div class=\"c-form__row\">\n    <div class=\"c-form__form\">\n      <div class=\"c-form__box\">\n        \n<div class=\"wpcf7 no-js\" id=\"wpcf7-f8949-o1\" lang=\"en-US\" dir=\"ltr\" data-wpcf7-id=\"8949\">\n<div class=\"screen-reader-response\"><p role=\"status\" aria-live=\"polite\" aria-atomic=\"true\"><\/p> <ul><\/ul><\/div>\n<form action=\"\/fr\/wp-json\/wp\/v2\/pages\/1418#wpcf7-f8949-o1\" method=\"post\" class=\"wpcf7-form init\" aria-label=\"Contact form\" novalidate=\"novalidate\" data-status=\"init\">\n<fieldset class=\"hidden-fields-container\"><input type=\"hidden\" name=\"_wpcf7\" value=\"8949\" \/><input type=\"hidden\" name=\"_wpcf7_version\" value=\"6.1.5\" \/><input type=\"hidden\" name=\"_wpcf7_locale\" value=\"en_US\" \/><input type=\"hidden\" name=\"_wpcf7_unit_tag\" value=\"wpcf7-f8949-o1\" \/><input type=\"hidden\" name=\"_wpcf7_container_post\" value=\"0\" \/><input type=\"hidden\" name=\"_wpcf7_posted_data_hash\" value=\"\" \/><input type=\"hidden\" name=\"_wpcf7_recaptcha_response\" value=\"\" \/>\n<\/fieldset>\n<div class=\"group-input\">\n\t<p><label>FIRST NAME*<\/label><span class=\"wpcf7-form-control-wrap\" data-name=\"first-name\"><input size=\"40\" maxlength=\"400\" class=\"wpcf7-form-control wpcf7-text wpcf7-validates-as-required\" aria-required=\"true\" aria-invalid=\"false\" value=\"\" type=\"text\" name=\"first-name\" \/><\/span>\n\t<\/p>\n<\/div>\n<div class=\"group-input\">\n\t<p><label>LAST NAME*<\/label><span class=\"wpcf7-form-control-wrap\" data-name=\"last-name\"><input size=\"40\" maxlength=\"400\" class=\"wpcf7-form-control wpcf7-text wpcf7-validates-as-required\" aria-required=\"true\" aria-invalid=\"false\" value=\"\" type=\"text\" name=\"last-name\" \/><\/span>\n\t<\/p>\n<\/div>\n<div class=\"group-input\">\n\t<p><label>PROFESSIONAL EMAIL*<\/label><span class=\"wpcf7-form-control-wrap\" data-name=\"your-email\"><input size=\"40\" maxlength=\"400\" class=\"wpcf7-form-control wpcf7-email wpcf7-validates-as-required wpcf7-text wpcf7-validates-as-email\" aria-required=\"true\" aria-invalid=\"false\" value=\"\" type=\"email\" name=\"your-email\" \/><\/span>\n\t<\/p>\n<\/div>\n<div class=\"group-input\">\n\t<p><label>WEBSITE*<\/label><span class=\"wpcf7-form-control-wrap\" data-name=\"website\"><input size=\"40\" maxlength=\"400\" class=\"wpcf7-form-control wpcf7-url wpcf7-validates-as-required wpcf7-text wpcf7-validates-as-url\" aria-required=\"true\" aria-invalid=\"false\" value=\"https:\/\/\" type=\"url\" name=\"website\" \/><\/span>\n\t<\/p>\n<\/div>\n<div class=\"group-input\">\n\t<p><label>YOUR NEEDS*<\/label><span class=\"wpcf7-form-control-wrap\" data-name=\"domaines\"><span class=\"wpcf7-form-control wpcf7-checkbox wpcf7-validates-as-required\"><span class=\"wpcf7-list-item first\"><label><input type=\"checkbox\" name=\"domaines[]\" value=\"Data management\" \/><span class=\"wpcf7-list-item-label\">Data management<\/span><\/label><\/span><span class=\"wpcf7-list-item\"><label><input type=\"checkbox\" name=\"domaines[]\" value=\"Data Privacy\" \/><span class=\"wpcf7-list-item-label\">Data Privacy<\/span><\/label><\/span><span class=\"wpcf7-list-item\"><label><input type=\"checkbox\" name=\"domaines[]\" value=\"Audience builder\" \/><span class=\"wpcf7-list-item-label\">Audience builder<\/span><\/label><\/span><span class=\"wpcf7-list-item\"><label><input type=\"checkbox\" name=\"domaines[]\" value=\"Customer journey\" \/><span class=\"wpcf7-list-item-label\">Customer journey<\/span><\/label><\/span><span class=\"wpcf7-list-item\"><label><input type=\"checkbox\" name=\"domaines[]\" value=\"Customer retention\" \/><span class=\"wpcf7-list-item-label\">Customer retention<\/span><\/label><\/span><span class=\"wpcf7-list-item last\"><label><input type=\"checkbox\" name=\"domaines[]\" value=\"Customer intelligence\" \/><span class=\"wpcf7-list-item-label\">Customer intelligence<\/span><\/label><\/span><\/span><\/span>\n\t<\/p>\n<\/div>\n<div class=\"group-input\">\n\t<p><label>HOW CAN WE HELP YOU?<\/label><span class=\"wpcf7-form-control-wrap\" data-name=\"your-message\"><textarea cols=\"40\" rows=\"10\" maxlength=\"2000\" class=\"wpcf7-form-control wpcf7-textarea\" aria-invalid=\"false\" name=\"your-message\"><\/textarea><\/span>\n\t<\/p>\n<\/div>\n<div>\n\t<p><span>By accepting, you indicate that you understand and accept our <a href=\"\/cookie-policy\/\"> cookie policy<\/a> and <a href=\"\/privacy-policy-2\/\"> privacy<\/a>. <span>I agree that Scal-e collects my personal data to respond to my contact request.<\/span><\/span>\n\t<\/p>\n<\/div>\n<input class=\"wpcf7-form-control wpcf7-hidden\" value=\"from\" type=\"hidden\" name=\"from\" \/>\n<div class=\"u-text-center form-button\">\n\t<p><input class=\"wpcf7-form-control wpcf7-submit has-spinner\" type=\"submit\" value=\"Send\" \/>\n\t<\/p>\n<\/div>\n<div class=\"group-confirm\">\n\t<p><span><small>(*) : mandatory fileds.<\/small><\/span>\n\t<\/p>\n<\/div><div class=\"wpcf7-response-output\" aria-hidden=\"true\"><\/div>\n<\/form>\n<\/div>\n\n      <\/div>\n    <\/div>\n    <div class=\"c-form__text\">\n                  <h2>Can&rsquo;t find a source ? Contact us !<\/h2>\n<p>Let us know your needs and the sources you would like to connect :<\/p>\n<ul>\n<li>Take advantage of our experts\u2019 advice<\/li>\n<li>Discover the platform<\/li>\n<li>Get pricing<\/li>\n<\/ul>\n\n                <\/div>\n  <\/div>\n<\/section>","protected":false},"excerpt":{"rendered":"","protected":false},"author":9,"featured_media":0,"parent":0,"menu_order":0,"comment_status":"closed","ping_status":"closed","template":"page-platform-level3.php","meta":{"_acf_changed":false,"footnotes":""},"class_list":["post-1418","page","type-page","status-publish","hentry"],"acf":[],"yoast_head":"<!-- This site is optimized with the Yoast SEO plugin v27.2 - https:\/\/yoast.com\/product\/yoast-seo-wordpress\/ -->\n<title>Sources - Scal-e<\/title>\n<meta name=\"description\" content=\"Int\u00e9grer vos sources de donn\u00e9es hors ligne, en ligne et onchain \u00e0 la CDP gr\u00e2ce \u00e0 son ETL nativement int\u00e9gr\u00e9\" \/>\n<meta name=\"robots\" content=\"index, follow, max-snippet:-1, max-image-preview:large, max-video-preview:-1\" \/>\n<link rel=\"canonical\" href=\"https:\/\/scal-e.com\/fr\/source\/\" \/>\n<meta property=\"og:locale\" content=\"fr_FR\" \/>\n<meta property=\"og:type\" content=\"article\" \/>\n<meta property=\"og:title\" content=\"Scal-e - Sources\" \/>\n<meta property=\"og:description\" content=\"Int\u00e9grer vos sources de donn\u00e9es hors ligne, en ligne et onchain \u00e0 la CDP gr\u00e2ce \u00e0 son ETL nativement int\u00e9gr\u00e9\" \/>\n<meta property=\"og:url\" content=\"https:\/\/scal-e.com\/fr\/source\/\" \/>\n<meta property=\"og:site_name\" content=\"Scal-e\" \/>\n<meta property=\"article:publisher\" content=\"https:\/\/www.facebook.com\/scalemartech2\/\" \/>\n<meta property=\"article:modified_time\" content=\"2023-06-15T08:16:15+00:00\" \/>\n<meta property=\"og:image\" content=\"https:\/\/scal-e.com\/wp-content\/uploads\/2022\/04\/ENLIGNE-2.png\" \/>\n\t<meta property=\"og:image:width\" content=\"984\" \/>\n\t<meta property=\"og:image:height\" content=\"869\" \/>\n\t<meta property=\"og:image:type\" content=\"image\/png\" \/>\n<meta name=\"twitter:card\" content=\"summary_large_image\" \/>\n<meta name=\"twitter:title\" content=\"Scal-e - Sources\" \/>\n<meta name=\"twitter:description\" content=\"Int\u00e9grer vos sources de donn\u00e9es hors ligne, en ligne et onchain \u00e0 la CDP gr\u00e2ce \u00e0 son ETL nativement int\u00e9gr\u00e9\" \/>\n<meta name=\"twitter:image\" content=\"https:\/\/scal-e.com\/wp-content\/uploads\/2022\/04\/ENLIGNE-2.png\" \/>\n<meta name=\"twitter:site\" content=\"@scale_martech\" \/>\n<script type=\"application\/ld+json\" class=\"yoast-schema-graph\">{\"@context\":\"https:\/\/schema.org\",\"@graph\":[{\"@type\":\"WebPage\",\"@id\":\"https:\/\/scal-e.com\/fr\/source\/\",\"url\":\"https:\/\/scal-e.com\/fr\/source\/\",\"name\":\"Sources - Scal-e\",\"isPartOf\":{\"@id\":\"https:\/\/scal-e.com\/#website\"},\"datePublished\":\"2021-12-09T08:55:59+00:00\",\"dateModified\":\"2023-06-15T08:16:15+00:00\",\"description\":\"Int\u00e9grer vos sources de donn\u00e9es hors ligne, en ligne et onchain \u00e0 la CDP gr\u00e2ce \u00e0 son ETL nativement int\u00e9gr\u00e9\",\"breadcrumb\":{\"@id\":\"https:\/\/scal-e.com\/fr\/source\/#breadcrumb\"},\"inLanguage\":\"fr-FR\",\"potentialAction\":[{\"@type\":\"ReadAction\",\"target\":[\"https:\/\/scal-e.com\/fr\/source\/\"]}]},{\"@type\":\"BreadcrumbList\",\"@id\":\"https:\/\/scal-e.com\/fr\/source\/#breadcrumb\",\"itemListElement\":[{\"@type\":\"ListItem\",\"position\":1,\"name\":\"Accueil\",\"item\":\"https:\/\/scal-e.com\/fr\/\"},{\"@type\":\"ListItem\",\"position\":2,\"name\":\"Sources\"}]},{\"@type\":\"WebSite\",\"@id\":\"https:\/\/scal-e.com\/#website\",\"url\":\"https:\/\/scal-e.com\/\",\"name\":\"Scal-e\",\"description\":\"From data to loyalty | CDP &amp; Digital Marketing Hub : Scal-e\",\"publisher\":{\"@id\":\"https:\/\/scal-e.com\/#organization\"},\"potentialAction\":[{\"@type\":\"SearchAction\",\"target\":{\"@type\":\"EntryPoint\",\"urlTemplate\":\"https:\/\/scal-e.com\/?s={search_term_string}\"},\"query-input\":{\"@type\":\"PropertyValueSpecification\",\"valueRequired\":true,\"valueName\":\"search_term_string\"}}],\"inLanguage\":\"fr-FR\"},{\"@type\":\"Organization\",\"@id\":\"https:\/\/scal-e.com\/#organization\",\"name\":\"Scal-e\",\"url\":\"https:\/\/scal-e.com\/\",\"logo\":{\"@type\":\"ImageObject\",\"inLanguage\":\"fr-FR\",\"@id\":\"https:\/\/scal-e.com\/#\/schema\/logo\/image\/\",\"url\":\"https:\/\/scal-e.com\/wp-content\/uploads\/2021\/12\/logo_scal-e_square_transparent.png\",\"contentUrl\":\"https:\/\/scal-e.com\/wp-content\/uploads\/2021\/12\/logo_scal-e_square_transparent.png\",\"width\":214,\"height\":217,\"caption\":\"Scal-e\"},\"image\":{\"@id\":\"https:\/\/scal-e.com\/#\/schema\/logo\/image\/\"},\"sameAs\":[\"https:\/\/www.facebook.com\/scalemartech2\/\",\"https:\/\/x.com\/scale_martech\",\"https:\/\/www.instagram.com\/scale_martech\/\",\"https:\/\/www.linkedin.com\/company\/scalemartech\/\"]}]}<\/script>\n<!-- \/ Yoast SEO plugin. -->","yoast_head_json":{"title":"Sources - Scal-e","description":"Int\u00e9grer vos sources de donn\u00e9es hors ligne, en ligne et onchain \u00e0 la CDP gr\u00e2ce \u00e0 son ETL nativement int\u00e9gr\u00e9","robots":{"index":"index","follow":"follow","max-snippet":"max-snippet:-1","max-image-preview":"max-image-preview:large","max-video-preview":"max-video-preview:-1"},"canonical":"https:\/\/scal-e.com\/fr\/source\/","og_locale":"fr_FR","og_type":"article","og_title":"Scal-e - Sources","og_description":"Int\u00e9grer vos sources de donn\u00e9es hors ligne, en ligne et onchain \u00e0 la CDP gr\u00e2ce \u00e0 son ETL nativement int\u00e9gr\u00e9","og_url":"https:\/\/scal-e.com\/fr\/source\/","og_site_name":"Scal-e","article_publisher":"https:\/\/www.facebook.com\/scalemartech2\/","article_modified_time":"2023-06-15T08:16:15+00:00","og_image":[{"width":984,"height":869,"url":"https:\/\/scal-e.com\/wp-content\/uploads\/2022\/04\/ENLIGNE-2.png","type":"image\/png"}],"twitter_card":"summary_large_image","twitter_title":"Scal-e - Sources","twitter_description":"Int\u00e9grer vos sources de donn\u00e9es hors ligne, en ligne et onchain \u00e0 la CDP gr\u00e2ce \u00e0 son ETL nativement int\u00e9gr\u00e9","twitter_image":"https:\/\/scal-e.com\/wp-content\/uploads\/2022\/04\/ENLIGNE-2.png","twitter_site":"@scale_martech","schema":{"@context":"https:\/\/schema.org","@graph":[{"@type":"WebPage","@id":"https:\/\/scal-e.com\/fr\/source\/","url":"https:\/\/scal-e.com\/fr\/source\/","name":"Sources - Scal-e","isPartOf":{"@id":"https:\/\/scal-e.com\/#website"},"datePublished":"2021-12-09T08:55:59+00:00","dateModified":"2023-06-15T08:16:15+00:00","description":"Int\u00e9grer vos sources de donn\u00e9es hors ligne, en ligne et onchain \u00e0 la CDP gr\u00e2ce \u00e0 son ETL nativement int\u00e9gr\u00e9","breadcrumb":{"@id":"https:\/\/scal-e.com\/fr\/source\/#breadcrumb"},"inLanguage":"fr-FR","potentialAction":[{"@type":"ReadAction","target":["https:\/\/scal-e.com\/fr\/source\/"]}]},{"@type":"BreadcrumbList","@id":"https:\/\/scal-e.com\/fr\/source\/#breadcrumb","itemListElement":[{"@type":"ListItem","position":1,"name":"Accueil","item":"https:\/\/scal-e.com\/fr\/"},{"@type":"ListItem","position":2,"name":"Sources"}]},{"@type":"WebSite","@id":"https:\/\/scal-e.com\/#website","url":"https:\/\/scal-e.com\/","name":"Scal-e","description":"From data to loyalty | CDP &amp; Digital Marketing Hub : Scal-e","publisher":{"@id":"https:\/\/scal-e.com\/#organization"},"potentialAction":[{"@type":"SearchAction","target":{"@type":"EntryPoint","urlTemplate":"https:\/\/scal-e.com\/?s={search_term_string}"},"query-input":{"@type":"PropertyValueSpecification","valueRequired":true,"valueName":"search_term_string"}}],"inLanguage":"fr-FR"},{"@type":"Organization","@id":"https:\/\/scal-e.com\/#organization","name":"Scal-e","url":"https:\/\/scal-e.com\/","logo":{"@type":"ImageObject","inLanguage":"fr-FR","@id":"https:\/\/scal-e.com\/#\/schema\/logo\/image\/","url":"https:\/\/scal-e.com\/wp-content\/uploads\/2021\/12\/logo_scal-e_square_transparent.png","contentUrl":"https:\/\/scal-e.com\/wp-content\/uploads\/2021\/12\/logo_scal-e_square_transparent.png","width":214,"height":217,"caption":"Scal-e"},"image":{"@id":"https:\/\/scal-e.com\/#\/schema\/logo\/image\/"},"sameAs":["https:\/\/www.facebook.com\/scalemartech2\/","https:\/\/x.com\/scale_martech","https:\/\/www.instagram.com\/scale_martech\/","https:\/\/www.linkedin.com\/company\/scalemartech\/"]}]}},"_links":{"self":[{"href":"https:\/\/scal-e.com\/fr\/wp-json\/wp\/v2\/pages\/1418","targetHints":{"allow":["GET"]}}],"collection":[{"href":"https:\/\/scal-e.com\/fr\/wp-json\/wp\/v2\/pages"}],"about":[{"href":"https:\/\/scal-e.com\/fr\/wp-json\/wp\/v2\/types\/page"}],"author":[{"embeddable":true,"href":"https:\/\/scal-e.com\/fr\/wp-json\/wp\/v2\/users\/9"}],"replies":[{"embeddable":true,"href":"https:\/\/scal-e.com\/fr\/wp-json\/wp\/v2\/comments?post=1418"}],"version-history":[{"count":414,"href":"https:\/\/scal-e.com\/fr\/wp-json\/wp\/v2\/pages\/1418\/revisions"}],"predecessor-version":[{"id":26116,"href":"https:\/\/scal-e.com\/fr\/wp-json\/wp\/v2\/pages\/1418\/revisions\/26116"}],"wp:attachment":[{"href":"https:\/\/scal-e.com\/fr\/wp-json\/wp\/v2\/media?parent=1418"}],"curies":[{"name":"wp","href":"https:\/\/api.w.org\/{rel}","templated":true}]}}