
{"id":11851,"date":"2022-03-21T08:13:11","date_gmt":"2022-03-21T08:13:11","guid":{"rendered":"http:\/\/gpiutbm.cluster023.hosting.ovh.net\/?page_id=11851"},"modified":"2023-05-31T11:38:27","modified_gmt":"2023-05-31T11:38:27","slug":"telechargement-brochure-scal-e","status":"publish","type":"page","link":"https:\/\/scal-e.com\/fr\/resources\/telechargement-brochure-scal-e\/","title":{"rendered":"T\u00e9l\u00e9charger la brochure Scal-e"},"content":{"rendered":"\n<div style=\"height:100px\" aria-hidden=\"true\" class=\"wp-block-spacer\"><\/div>\n\n\n<section class=\"c-form\">\n    <div class=\"c-form__heading\"><h2>Du Marketing Cloud pr\u00eat \u00e0 emporter<\/h2><\/div>\n    <div class=\"c-form__row\">\n    <div class=\"c-form__form\">\n      <div class=\"c-form__box\">\n        \n<div class=\"wpcf7 no-js\" id=\"wpcf7-f9175-o1\" lang=\"en-US\" dir=\"ltr\" data-wpcf7-id=\"9175\">\n<div class=\"screen-reader-response\"><p role=\"status\" aria-live=\"polite\" aria-atomic=\"true\"><\/p> <ul><\/ul><\/div>\n<form action=\"\/fr\/wp-json\/wp\/v2\/pages\/11851#wpcf7-f9175-o1\" method=\"post\" class=\"wpcf7-form init\" aria-label=\"Contact form\" novalidate=\"novalidate\" data-status=\"init\">\n<fieldset class=\"hidden-fields-container\"><input type=\"hidden\" name=\"_wpcf7\" value=\"9175\" \/><input type=\"hidden\" name=\"_wpcf7_version\" value=\"6.1.5\" \/><input type=\"hidden\" name=\"_wpcf7_locale\" value=\"en_US\" \/><input type=\"hidden\" name=\"_wpcf7_unit_tag\" value=\"wpcf7-f9175-o1\" \/><input type=\"hidden\" name=\"_wpcf7_container_post\" value=\"0\" \/><input type=\"hidden\" name=\"_wpcf7_posted_data_hash\" value=\"\" \/><input type=\"hidden\" name=\"_wpcf7_recaptcha_response\" value=\"\" \/>\n<\/fieldset>\n<div class=\"group-input\">\n\t<p><label>PR\u00c9NOM*<\/label><span class=\"wpcf7-form-control-wrap\" data-name=\"first-name\"><input size=\"40\" maxlength=\"400\" class=\"wpcf7-form-control wpcf7-text wpcf7-validates-as-required\" aria-required=\"true\" aria-invalid=\"false\" value=\"\" type=\"text\" name=\"first-name\" \/><\/span>\n\t<\/p>\n<\/div>\n<div class=\"group-input\">\n\t<p><label>NOM*<\/label><span class=\"wpcf7-form-control-wrap\" data-name=\"last-name\"><input size=\"40\" maxlength=\"400\" class=\"wpcf7-form-control wpcf7-text wpcf7-validates-as-required\" aria-required=\"true\" aria-invalid=\"false\" value=\"\" type=\"text\" name=\"last-name\" \/><\/span>\n\t<\/p>\n<\/div>\n<div class=\"group-input\">\n\t<p><label>EMAIL PROFESSIONNEL*<\/label><span class=\"wpcf7-form-control-wrap\" data-name=\"your-email\"><input size=\"40\" maxlength=\"400\" class=\"wpcf7-form-control wpcf7-email wpcf7-validates-as-required wpcf7-text wpcf7-validates-as-email\" aria-required=\"true\" aria-invalid=\"false\" value=\"\" type=\"email\" name=\"your-email\" \/><\/span>\n\t<\/p>\n<\/div>\n<div class=\"group-input\">\n\t<p><label>SITE WEB*<\/label><span class=\"wpcf7-form-control-wrap\" data-name=\"website\"><input size=\"40\" maxlength=\"400\" class=\"wpcf7-form-control wpcf7-url wpcf7-validates-as-required wpcf7-text wpcf7-validates-as-url\" aria-required=\"true\" aria-invalid=\"false\" value=\"https:\/\/\" type=\"url\" name=\"website\" \/><\/span>\n\t<\/p>\n<\/div>\n<div class=\"group-input\">\n\t<p><label>COMMENT POUVONS-NOUS VOUS AIDER ?<\/label><span class=\"wpcf7-form-control-wrap\" data-name=\"your-message\"><textarea cols=\"40\" rows=\"10\" maxlength=\"2000\" class=\"wpcf7-form-control wpcf7-textarea\" aria-invalid=\"false\" name=\"your-message\"><\/textarea><\/span>\n\t<\/p>\n<\/div>\n<div>\n\t<p><span>En acceptant, vous indiquez que vous avez lu et accept\u00e9 notre<\/span><a href=\"\/fr\/politique-relative-au-cookies\/\" target=\"_blank\">politique relative aux cookies<\/a> et \u00e0 <a href=\"\/fr\/politique-de-confidentialite\/\" target=\"_blank\">la confidentialit\u00e9<\/a>. <span>J&rsquo;accepte que Scal-e collecte mes donn\u00e9es personnelles pour r\u00e9pondre \u00e0 ma demande de contact*<\/span>\n\t<\/p>\n<\/div>\n<input class=\"wpcf7-form-control wpcf7-hidden\" value=\"from\" type=\"hidden\" name=\"from\" \/>\n<div class=\"u-text-center form-button\">\n\t<p><input class=\"wpcf7-form-control wpcf7-submit has-spinner\" type=\"submit\" value=\"Envoyer\" \/>\n\t<\/p>\n<\/div><div class=\"wpcf7-response-output\" aria-hidden=\"true\"><\/div>\n<\/form>\n<\/div>\n\n      <\/div>\n    <\/div>\n    <div class=\"c-form__text\">\n            <h3>Brochure Scal-e<\/h3>\n                  <h2>Agile cloud platform<\/h2>\n<p>Quelle que soit l&rsquo;\u00e9tape de votre projet, notre plateforme vous suit et s&rsquo;adapte au fil du temps. Son c\u00f4t\u00e9 modulaire vous permet de choisir les fonctionnalit\u00e9s dont vous avez besoin \u00e0 l&rsquo;instant T, mais aussi de d\u00e9bloquer de nouvelles possibilit\u00e9s tr\u00e8s rapidement d\u00e8s que vous le souhaitez.<\/p>\n<p><strong>Dans cette brochure :\u00a0<\/strong><\/p>\n<ul>\n<li><span data-scheme-color=\"@606060,,\" data-usefontface=\"true\" data-contrast=\"none\">D\u00e9couvrez le fonctionnement de la plateforme\u00a0<\/span><\/li>\n<li>Analysez plus en d\u00e9tail les diff\u00e9rents modules<\/li>\n<li>Comprenez mieux si Scal-e r\u00e9pond \u00e0 vos besoins<\/li>\n<\/ul>\n<p>Et apr\u00e8s la lecture? N&rsquo;h\u00e9sitez pas \u00e0 nous contacter.<\/p>\n<p><strong>B\u00e9n\u00e9ficiez d&rsquo;une approche personnalis\u00e9e, et des conseils de nos experts pour r\u00e9pondre aux besoins de votre marque.<\/strong><\/p>\n\n                <\/div>\n  <\/div>\n<\/section>\n\n\n<p><\/p>\n","protected":false},"excerpt":{"rendered":"","protected":false},"author":9,"featured_media":17420,"parent":1095,"menu_order":0,"comment_status":"closed","ping_status":"closed","template":"","meta":{"_acf_changed":false,"footnotes":""},"class_list":["post-11851","page","type-page","status-publish","has-post-thumbnail","hentry"],"acf":[],"yoast_head":"<!-- This site is optimized with the Yoast SEO plugin v27.2 - https:\/\/yoast.com\/product\/yoast-seo-wordpress\/ -->\n<title>T\u00e9l\u00e9charger la brochure Scal-e - Scal-e<\/title>\n<meta name=\"description\" content=\"La plateforme Scal-e a pour vocation de jouer le r\u00f4le de \u00ab marketing hub \u00bb pour aider les marques \u00e0 diminuer leurs couts d\u2019acquisition et de fid\u00e9lisation.\" \/>\n<meta name=\"robots\" content=\"index, follow, max-snippet:-1, max-image-preview:large, max-video-preview:-1\" \/>\n<link rel=\"canonical\" href=\"https:\/\/scal-e.com\/fr\/resources\/telechargement-brochure-scal-e\/\" \/>\n<meta property=\"og:locale\" content=\"fr_FR\" \/>\n<meta property=\"og:type\" content=\"article\" \/>\n<meta property=\"og:title\" content=\"Scal-e - T\u00e9l\u00e9charger la brochure Scal-e\" \/>\n<meta property=\"og:description\" content=\"La plateforme Scal-e a pour vocation de jouer le r\u00f4le de \u00ab marketing hub \u00bb pour aider les marques \u00e0 diminuer leurs couts d\u2019acquisition et de fid\u00e9lisation.\" \/>\n<meta property=\"og:url\" content=\"https:\/\/scal-e.com\/fr\/resources\/telechargement-brochure-scal-e\/\" \/>\n<meta property=\"og:site_name\" content=\"Scal-e\" \/>\n<meta property=\"article:publisher\" content=\"https:\/\/www.facebook.com\/scalemartech2\/\" \/>\n<meta property=\"article:modified_time\" content=\"2023-05-31T11:38:27+00:00\" \/>\n<meta property=\"og:image\" content=\"https:\/\/scal-e.com\/wp-content\/uploads\/2022\/03\/mockup-mini-brochure-1-e1647949770384.png\" \/>\n\t<meta property=\"og:image:width\" content=\"700\" \/>\n\t<meta property=\"og:image:height\" content=\"498\" \/>\n\t<meta property=\"og:image:type\" content=\"image\/png\" \/>\n<meta name=\"twitter:card\" content=\"summary_large_image\" \/>\n<meta name=\"twitter:title\" content=\"Scal-e - T\u00e9l\u00e9charger la brochure Scal-e\" \/>\n<meta name=\"twitter:description\" content=\"La plateforme Scal-e a pour vocation de jouer le r\u00f4le de \u00ab marketing hub \u00bb pour aider les marques \u00e0 diminuer leurs couts d\u2019acquisition et de fid\u00e9lisation.\" \/>\n<meta name=\"twitter:image\" content=\"https:\/\/scal-e.com\/wp-content\/uploads\/2022\/03\/mockup-mini-brochure-1-e1647949770384.png\" \/>\n<meta name=\"twitter:site\" content=\"@scale_martech\" \/>\n<script type=\"application\/ld+json\" class=\"yoast-schema-graph\">{\"@context\":\"https:\/\/schema.org\",\"@graph\":[{\"@type\":\"WebPage\",\"@id\":\"https:\/\/scal-e.com\/fr\/resources\/telechargement-brochure-scal-e\/\",\"url\":\"https:\/\/scal-e.com\/fr\/resources\/telechargement-brochure-scal-e\/\",\"name\":\"T\u00e9l\u00e9charger la brochure Scal-e - Scal-e\",\"isPartOf\":{\"@id\":\"https:\/\/scal-e.com\/#website\"},\"primaryImageOfPage\":{\"@id\":\"https:\/\/scal-e.com\/fr\/resources\/telechargement-brochure-scal-e\/#primaryimage\"},\"image\":{\"@id\":\"https:\/\/scal-e.com\/fr\/resources\/telechargement-brochure-scal-e\/#primaryimage\"},\"thumbnailUrl\":\"https:\/\/scal-e.com\/wp-content\/uploads\/2022\/05\/mockup-brochure-e1652706396129.png\",\"datePublished\":\"2022-03-21T08:13:11+00:00\",\"dateModified\":\"2023-05-31T11:38:27+00:00\",\"description\":\"La plateforme Scal-e a pour vocation de jouer le r\u00f4le de \u00ab marketing hub \u00bb pour aider les marques \u00e0 diminuer leurs couts d\u2019acquisition et de fid\u00e9lisation.\",\"breadcrumb\":{\"@id\":\"https:\/\/scal-e.com\/fr\/resources\/telechargement-brochure-scal-e\/#breadcrumb\"},\"inLanguage\":\"fr-FR\",\"potentialAction\":[{\"@type\":\"ReadAction\",\"target\":[\"https:\/\/scal-e.com\/fr\/resources\/telechargement-brochure-scal-e\/\"]}]},{\"@type\":\"ImageObject\",\"inLanguage\":\"fr-FR\",\"@id\":\"https:\/\/scal-e.com\/fr\/resources\/telechargement-brochure-scal-e\/#primaryimage\",\"url\":\"https:\/\/scal-e.com\/wp-content\/uploads\/2022\/05\/mockup-brochure-e1652706396129.png\",\"contentUrl\":\"https:\/\/scal-e.com\/wp-content\/uploads\/2022\/05\/mockup-brochure-e1652706396129.png\",\"width\":750,\"height\":341},{\"@type\":\"BreadcrumbList\",\"@id\":\"https:\/\/scal-e.com\/fr\/resources\/telechargement-brochure-scal-e\/#breadcrumb\",\"itemListElement\":[{\"@type\":\"ListItem\",\"position\":1,\"name\":\"Accueil\",\"item\":\"https:\/\/scal-e.com\/fr\/\"},{\"@type\":\"ListItem\",\"position\":2,\"name\":\"Ressources\",\"item\":\"https:\/\/scal-e.com\/fr\/resources\/\"},{\"@type\":\"ListItem\",\"position\":3,\"name\":\"T\u00e9l\u00e9charger la brochure Scal-e\"}]},{\"@type\":\"WebSite\",\"@id\":\"https:\/\/scal-e.com\/#website\",\"url\":\"https:\/\/scal-e.com\/\",\"name\":\"Scal-e\",\"description\":\"From data to loyalty | CDP &amp; Digital Marketing Hub : Scal-e\",\"publisher\":{\"@id\":\"https:\/\/scal-e.com\/#organization\"},\"potentialAction\":[{\"@type\":\"SearchAction\",\"target\":{\"@type\":\"EntryPoint\",\"urlTemplate\":\"https:\/\/scal-e.com\/?s={search_term_string}\"},\"query-input\":{\"@type\":\"PropertyValueSpecification\",\"valueRequired\":true,\"valueName\":\"search_term_string\"}}],\"inLanguage\":\"fr-FR\"},{\"@type\":\"Organization\",\"@id\":\"https:\/\/scal-e.com\/#organization\",\"name\":\"Scal-e\",\"url\":\"https:\/\/scal-e.com\/\",\"logo\":{\"@type\":\"ImageObject\",\"inLanguage\":\"fr-FR\",\"@id\":\"https:\/\/scal-e.com\/#\/schema\/logo\/image\/\",\"url\":\"https:\/\/scal-e.com\/wp-content\/uploads\/2021\/12\/logo_scal-e_square_transparent.png\",\"contentUrl\":\"https:\/\/scal-e.com\/wp-content\/uploads\/2021\/12\/logo_scal-e_square_transparent.png\",\"width\":214,\"height\":217,\"caption\":\"Scal-e\"},\"image\":{\"@id\":\"https:\/\/scal-e.com\/#\/schema\/logo\/image\/\"},\"sameAs\":[\"https:\/\/www.facebook.com\/scalemartech2\/\",\"https:\/\/x.com\/scale_martech\",\"https:\/\/www.instagram.com\/scale_martech\/\",\"https:\/\/www.linkedin.com\/company\/scalemartech\/\"]}]}<\/script>\n<!-- \/ Yoast SEO plugin. -->","yoast_head_json":{"title":"T\u00e9l\u00e9charger la brochure Scal-e - Scal-e","description":"La plateforme Scal-e a pour vocation de jouer le r\u00f4le de \u00ab marketing hub \u00bb pour aider les marques \u00e0 diminuer leurs couts d\u2019acquisition et de fid\u00e9lisation.","robots":{"index":"index","follow":"follow","max-snippet":"max-snippet:-1","max-image-preview":"max-image-preview:large","max-video-preview":"max-video-preview:-1"},"canonical":"https:\/\/scal-e.com\/fr\/resources\/telechargement-brochure-scal-e\/","og_locale":"fr_FR","og_type":"article","og_title":"Scal-e - T\u00e9l\u00e9charger la brochure Scal-e","og_description":"La plateforme Scal-e a pour vocation de jouer le r\u00f4le de \u00ab marketing hub \u00bb pour aider les marques \u00e0 diminuer leurs couts d\u2019acquisition et de fid\u00e9lisation.","og_url":"https:\/\/scal-e.com\/fr\/resources\/telechargement-brochure-scal-e\/","og_site_name":"Scal-e","article_publisher":"https:\/\/www.facebook.com\/scalemartech2\/","article_modified_time":"2023-05-31T11:38:27+00:00","og_image":[{"width":700,"height":498,"url":"https:\/\/scal-e.com\/wp-content\/uploads\/2022\/03\/mockup-mini-brochure-1-e1647949770384.png","type":"image\/png"}],"twitter_card":"summary_large_image","twitter_title":"Scal-e - T\u00e9l\u00e9charger la brochure Scal-e","twitter_description":"La plateforme Scal-e a pour vocation de jouer le r\u00f4le de \u00ab marketing hub \u00bb pour aider les marques \u00e0 diminuer leurs couts d\u2019acquisition et de fid\u00e9lisation.","twitter_image":"https:\/\/scal-e.com\/wp-content\/uploads\/2022\/03\/mockup-mini-brochure-1-e1647949770384.png","twitter_site":"@scale_martech","schema":{"@context":"https:\/\/schema.org","@graph":[{"@type":"WebPage","@id":"https:\/\/scal-e.com\/fr\/resources\/telechargement-brochure-scal-e\/","url":"https:\/\/scal-e.com\/fr\/resources\/telechargement-brochure-scal-e\/","name":"T\u00e9l\u00e9charger la brochure Scal-e - Scal-e","isPartOf":{"@id":"https:\/\/scal-e.com\/#website"},"primaryImageOfPage":{"@id":"https:\/\/scal-e.com\/fr\/resources\/telechargement-brochure-scal-e\/#primaryimage"},"image":{"@id":"https:\/\/scal-e.com\/fr\/resources\/telechargement-brochure-scal-e\/#primaryimage"},"thumbnailUrl":"https:\/\/scal-e.com\/wp-content\/uploads\/2022\/05\/mockup-brochure-e1652706396129.png","datePublished":"2022-03-21T08:13:11+00:00","dateModified":"2023-05-31T11:38:27+00:00","description":"La plateforme Scal-e a pour vocation de jouer le r\u00f4le de \u00ab marketing hub \u00bb pour aider les marques \u00e0 diminuer leurs couts d\u2019acquisition et de fid\u00e9lisation.","breadcrumb":{"@id":"https:\/\/scal-e.com\/fr\/resources\/telechargement-brochure-scal-e\/#breadcrumb"},"inLanguage":"fr-FR","potentialAction":[{"@type":"ReadAction","target":["https:\/\/scal-e.com\/fr\/resources\/telechargement-brochure-scal-e\/"]}]},{"@type":"ImageObject","inLanguage":"fr-FR","@id":"https:\/\/scal-e.com\/fr\/resources\/telechargement-brochure-scal-e\/#primaryimage","url":"https:\/\/scal-e.com\/wp-content\/uploads\/2022\/05\/mockup-brochure-e1652706396129.png","contentUrl":"https:\/\/scal-e.com\/wp-content\/uploads\/2022\/05\/mockup-brochure-e1652706396129.png","width":750,"height":341},{"@type":"BreadcrumbList","@id":"https:\/\/scal-e.com\/fr\/resources\/telechargement-brochure-scal-e\/#breadcrumb","itemListElement":[{"@type":"ListItem","position":1,"name":"Accueil","item":"https:\/\/scal-e.com\/fr\/"},{"@type":"ListItem","position":2,"name":"Ressources","item":"https:\/\/scal-e.com\/fr\/resources\/"},{"@type":"ListItem","position":3,"name":"T\u00e9l\u00e9charger la brochure Scal-e"}]},{"@type":"WebSite","@id":"https:\/\/scal-e.com\/#website","url":"https:\/\/scal-e.com\/","name":"Scal-e","description":"From data to loyalty | CDP &amp; Digital Marketing Hub : Scal-e","publisher":{"@id":"https:\/\/scal-e.com\/#organization"},"potentialAction":[{"@type":"SearchAction","target":{"@type":"EntryPoint","urlTemplate":"https:\/\/scal-e.com\/?s={search_term_string}"},"query-input":{"@type":"PropertyValueSpecification","valueRequired":true,"valueName":"search_term_string"}}],"inLanguage":"fr-FR"},{"@type":"Organization","@id":"https:\/\/scal-e.com\/#organization","name":"Scal-e","url":"https:\/\/scal-e.com\/","logo":{"@type":"ImageObject","inLanguage":"fr-FR","@id":"https:\/\/scal-e.com\/#\/schema\/logo\/image\/","url":"https:\/\/scal-e.com\/wp-content\/uploads\/2021\/12\/logo_scal-e_square_transparent.png","contentUrl":"https:\/\/scal-e.com\/wp-content\/uploads\/2021\/12\/logo_scal-e_square_transparent.png","width":214,"height":217,"caption":"Scal-e"},"image":{"@id":"https:\/\/scal-e.com\/#\/schema\/logo\/image\/"},"sameAs":["https:\/\/www.facebook.com\/scalemartech2\/","https:\/\/x.com\/scale_martech","https:\/\/www.instagram.com\/scale_martech\/","https:\/\/www.linkedin.com\/company\/scalemartech\/"]}]}},"_links":{"self":[{"href":"https:\/\/scal-e.com\/fr\/wp-json\/wp\/v2\/pages\/11851","targetHints":{"allow":["GET"]}}],"collection":[{"href":"https:\/\/scal-e.com\/fr\/wp-json\/wp\/v2\/pages"}],"about":[{"href":"https:\/\/scal-e.com\/fr\/wp-json\/wp\/v2\/types\/page"}],"author":[{"embeddable":true,"href":"https:\/\/scal-e.com\/fr\/wp-json\/wp\/v2\/users\/9"}],"replies":[{"embeddable":true,"href":"https:\/\/scal-e.com\/fr\/wp-json\/wp\/v2\/comments?post=11851"}],"version-history":[{"count":41,"href":"https:\/\/scal-e.com\/fr\/wp-json\/wp\/v2\/pages\/11851\/revisions"}],"predecessor-version":[{"id":17569,"href":"https:\/\/scal-e.com\/fr\/wp-json\/wp\/v2\/pages\/11851\/revisions\/17569"}],"up":[{"embeddable":true,"href":"https:\/\/scal-e.com\/fr\/wp-json\/wp\/v2\/pages\/1095"}],"wp:featuredmedia":[{"embeddable":true,"href":"https:\/\/scal-e.com\/fr\/wp-json\/wp\/v2\/media\/17420"}],"wp:attachment":[{"href":"https:\/\/scal-e.com\/fr\/wp-json\/wp\/v2\/media?parent=11851"}],"curies":[{"name":"wp","href":"https:\/\/api.w.org\/{rel}","templated":true}]}}