
{"id":1166,"date":"2021-06-23T08:33:27","date_gmt":"2021-06-23T08:33:27","guid":{"rendered":"http:\/\/gpiutbm.cluster023.hosting.ovh.net\/home\/"},"modified":"2025-03-25T10:16:12","modified_gmt":"2025-03-25T10:16:12","slug":"customer-data-platform","status":"publish","type":"page","link":"https:\/\/scal-e.com\/fr\/","title":{"rendered":"Home"},"content":{"rendered":"<section class=\"c-partner \">\n  <div class=\"c-partner__list flex flex--center flex--wrap swiper partner-slide\">\n    <div class=\"swiper-wrapper\">\n          <\/div>\n  <\/div>\n<\/section>\n\n<section class=\"c-heading-image -have-bg\">\n  <div class=\"o-heading u-text-center\">\n    <div class=\"o-heading__spacial u-color-light-purple\">Agile marketing platform, for all-channel results<\/div>\n    <h2>De la donn\u00e9e client \u00e0 la fid\u00e9lisation<\/h2>\n    <div class=\"o-heading__subtitle\">Facilitez la mise en place et am\u00e9liorez les r\u00e9sultats des strat\u00e9gies d\u2019acquisition ou fid\u00e9lisation clients<\/div>\n  <\/div>\n      <div class=\"u-text-center c-heading-image__image\"><img class=\"lazyload\" data-src=\"https:\/\/scal-e.com\/wp-content\/uploads\/2024\/05\/homeENG2.png\" alt=\"De la donn\u00e9e client \u00e0 la fid\u00e9lisation\"\/><\/div>\n  <\/section>\n\n<section class=\"c-tab\">\n  <div class=\"o-heading u-text-center\">\n    <div class=\"o-heading__spacial u-color-light-purple\">Agile marketing platform, end-to-end<\/div>\n    <h2>CDP, privacy, marketing distribu\u00e9, loyalty<\/h2>\n    <div class=\"o-heading__subtitle\">Unifiez les donn\u00e9es, prot\u00e9gez la confidentialit\u00e9 ou obtenez une compr\u00e9hension approfondie des clients afin de personnaliser leur exp\u00e9rience<\/div>\n  <\/div>\n\n  <div class=\"c-tab__container\">\n    <div class=\"flex\">\n      <div class=\"flex__cell u-1\/1 u-1\/2@desktop -col-content\">\n        <img class=\"lazyload c-tab__content-bg\" data-src=\"\/wp-content\/themes\/scal-e\/sources\/images\/backgrounds\/circle-big.png\" alt=\"\"\/>\n        <div class=\"c-tab__box-content\">\n                    <div class=\"c-tab__content\">\n            <img decoding=\"async\" src=\"https:\/\/scal-e.com\/wp-content\/uploads\/2022\/05\/01-1.png\" alt=\"Unification &#038; qualit\u00e9\"\/>\n          <\/div>\n                    <div class=\"c-tab__content\">\n            <img decoding=\"async\" src=\"https:\/\/scal-e.com\/wp-content\/uploads\/2022\/05\/02-1.png\" alt=\"Privacy &#038; Pr\u00e9f\u00e9rences\"\/>\n          <\/div>\n                    <div class=\"c-tab__content\">\n            <img decoding=\"async\" src=\"https:\/\/scal-e.com\/wp-content\/uploads\/2022\/05\/03-1.png\" alt=\"Recommandation &#038; Personnalisation\"\/>\n          <\/div>\n                    <div class=\"c-tab__content\">\n            <img decoding=\"async\" src=\"https:\/\/scal-e.com\/wp-content\/uploads\/2022\/05\/04-1.png\" alt=\"Acquisition &#038; Fid\u00e9lisation\"\/>\n          <\/div>\n                  <\/div>\n      <\/div>\n\n      <div class=\"flex__cell u-1\/1 u-1\/2@desktop -col-button\">\n        <img class=\"lazyload c-tab__button-bg\" data-src=\"\/wp-content\/themes\/scal-e\/sources\/images\/backgrounds\/circle-big.png\" alt=\"\"\/>\n        <div class=\"c-tab__box-button\">\n                      <div class=\"c-tab__button \" data-tab=\"tab-1\">\n                            <div class=\"c-tab__button-number\">\n                <div class=\"-number h3\">01<\/div>\n              <\/div>\n              \n              \n              <div class=\"c-tab__button-detail\">\n                <h3 class=\"c-tab__button-title\">Unification &#038; qualit\u00e9<\/h3>\n                <div class=\"c-tab__button-desc\">\n                  Collectez, unifiez, normalisez  vos donn\u00e9es afin de cr\u00e9er des vues client 360\u00b0\n                  <a href=\"http:\/\/scal-e.com\/fr\/unification-et-qualite\/\" class=\"o-btn-arrow c-tab__button-link\"><span>Plus de d\u00e9tails<\/span><div class=\"o-btn-arrow__arrow\"><i class=\"o-icon o-icon--arrow\"><\/i><\/div><\/a>\n                <\/div>\n              <\/div>\n            <\/div>\n                      <div class=\"c-tab__button \" data-tab=\"tab-2\">\n                            <div class=\"c-tab__button-number\">\n                <div class=\"-number h3\">02<\/div>\n              <\/div>\n              \n              \n              <div class=\"c-tab__button-detail\">\n                <h3 class=\"c-tab__button-title\">Privacy &#038; Pr\u00e9f\u00e9rences<\/h3>\n                <div class=\"c-tab__button-desc\">\n                  Garantissez la conformit\u00e9 de vos strat\u00e9gies marketing  \n                  <a href=\"http:\/\/scal-e.com\/fr\/privacy-preferences\/\" class=\"o-btn-arrow c-tab__button-link\"><span>Plus de d\u00e9tails<\/span><div class=\"o-btn-arrow__arrow\"><i class=\"o-icon o-icon--arrow\"><\/i><\/div><\/a>\n                <\/div>\n              <\/div>\n            <\/div>\n                      <div class=\"c-tab__button \" data-tab=\"tab-3\">\n                            <div class=\"c-tab__button-number\">\n                <div class=\"-number h3\">03<\/div>\n              <\/div>\n              \n              \n              <div class=\"c-tab__button-detail\">\n                <h3 class=\"c-tab__button-title\">Recommandation &#038; Personnalisation<\/h3>\n                <div class=\"c-tab__button-desc\">\n                  Segmentez et recommandez pour optimiser l&rsquo;exp\u00e9rience client \n                  <a href=\"http:\/\/scal-e.com\/fr\/recommandation-personnalisation-scal-e\/\" class=\"o-btn-arrow c-tab__button-link\"><span>Plus de d\u00e9tails<\/span><div class=\"o-btn-arrow__arrow\"><i class=\"o-icon o-icon--arrow\"><\/i><\/div><\/a>\n                <\/div>\n              <\/div>\n            <\/div>\n                      <div class=\"c-tab__button \" data-tab=\"tab-4\">\n                            <div class=\"c-tab__button-number\">\n                <div class=\"-number h3\">04<\/div>\n              <\/div>\n              \n              \n              <div class=\"c-tab__button-detail\">\n                <h3 class=\"c-tab__button-title\">Acquisition &#038; Fid\u00e9lisation<\/h3>\n                <div class=\"c-tab__button-desc\">\n                  Exploitez des canaux conversationnels, relationnels des r\u00e9seaux sociaux dans votre communication et programmes de fid\u00e9lit\u00e9\n                  <a href=\"http:\/\/scal-e.com\/fr\/acquisition-fidelisation\/\" class=\"o-btn-arrow c-tab__button-link\"><span>Plus de d\u00e9tails<\/span><div class=\"o-btn-arrow__arrow\"><i class=\"o-icon o-icon--arrow\"><\/i><\/div><\/a>\n                <\/div>\n              <\/div>\n            <\/div>\n                  <\/div>\n      <\/div>\n    <\/div>\n  <\/div>\n<\/section>\n\n<section class=\"c-slide-clients -have-bg\">\n  <div class=\"o-heading u-text-center\">\n    <div class=\"o-heading__spacial u-color-light-purple\"><\/div>\n    <h2>Quelques avis clients<\/h2>\n    <div class=\"o-heading__subtitle\">Plateforme utilis\u00e9e par diff\u00e9rentes industries : banque et assurance, commerce et distribution, m\u00e9dias et t\u00e9l\u00e9communications, secteur sant\u00e9, automobile et transport &#8230;<\/div>\n  <\/div>\n\n  <div class=\"slider-container\">\n    <div class=\"slider\">\n      <div class=\"slider-content\">\n                <div class=\"slider-item\">\n          <div class=\"c-slide-clients__item match-height\">\n            <div class=\"c-slide-clients__col -left\">\n              <div class=\"c-slide-clients__text\">\n                <div class=\"o-profile\">\n                  <div class=\"o-profile__box-img\">\n                    <div class=\"o-profile__img\">\n                      <img class=\"lazyload\" data-src=\"https:\/\/scal-e.com\/wp-content\/uploads\/2021\/08\/Doreen.png\" alt=\"American Vintage, retail international + 1700 boutiques\"\/>\n                    <\/div>\n                  <\/div>\n                  <div class=\"o-profile__box-detail\">\n                    <h3 class=\"o-profile__name\">American Vintage, retail international + 1700 boutiques<\/h3>\n                    <div class=\"o-profile__position\">Doreen Schmidt &#8211; Responsable exp\u00e9rience client<\/div>\n                  <\/div>\n                <\/div>\n                                <div class=\"c-slide-clients__short-text\">Scal-e est capable de tout personnaliser en fonction de vos besoins et s&rsquo;adapte parfaitement \u00e0 votre environnement m\u00e9tier ! L&rsquo;\u00e9tape de mise en place initiale \u00e9tait aussi professionnelle que l&rsquo;assistance quotidienne.<\/div>\n                              <\/div>\n            <\/div>\n            <div class=\"c-slide-clients__col -right\">\n              <div class=\"c-slide-clients__options\">\n                <div class=\"c-slide-clients__number u-color-dark-green\">37% <\/div>\n                <h4 class=\"c-slide-clients__title\">c&rsquo;est le taux d&rsquo;ouverture moyen observ\u00e9 sur les 3 derniers mois pour plus de 9 millions d&rsquo;envois<\/h4>\n                                <a href=\"http:\/\/scal-e.com\/fr\/avis-client-american-vintage\/\" class=\"o-btn\">Voir plus<\/a>\n                              <\/div>\n            <\/div>\n          <\/div>\n        <\/div>\n                <div class=\"slider-item\">\n          <div class=\"c-slide-clients__item match-height\">\n            <div class=\"c-slide-clients__col -left\">\n              <div class=\"c-slide-clients__text\">\n                <div class=\"o-profile\">\n                  <div class=\"o-profile__box-img\">\n                    <div class=\"o-profile__img\">\n                      <img class=\"lazyload\" data-src=\"https:\/\/scal-e.com\/wp-content\/uploads\/2022\/03\/lison-adn.jpeg\" alt=\"ADN, plateforme de streaming\"\/>\n                    <\/div>\n                  <\/div>\n                  <div class=\"o-profile__box-detail\">\n                    <h3 class=\"o-profile__name\">ADN, plateforme de streaming<\/h3>\n                    <div class=\"o-profile__position\">Lison Varay &#8211; Responsable marketing digital &amp; relationnel<\/div>\n                  <\/div>\n                <\/div>\n                                <div class=\"c-slide-clients__short-text\">La gestion de nos donn\u00e9es clients n\u2019a jamais \u00e9t\u00e9 aussi facile ! Tout est ordonn\u00e9, regroup\u00e9 au m\u00eame endroit et l\u2019envoi d\u2019op\u00e9rations marketing est un vrai jeu d\u2019enfants gr\u00e2ce \u00e0 Scal-e.<\/div>\n                              <\/div>\n            <\/div>\n            <div class=\"c-slide-clients__col -right\">\n              <div class=\"c-slide-clients__options\">\n                <div class=\"c-slide-clients__number u-color-dark-green\">+2 M<\/div>\n                <h4 class=\"c-slide-clients__title\">C&rsquo;est le nombre de contacts sollicit\u00e9s via Scal-e autour des 430 anim\u00e9s propos\u00e9s sur ADN<\/h4>\n                              <\/div>\n            <\/div>\n          <\/div>\n        <\/div>\n              <\/div>\n      <div class=\"slider-pagination\">\n              <div class=\"pagination-dot active\"><\/div>\n              <div class=\"pagination-dot \"><\/div>\n            <\/div>\n    <\/div>\n  <\/div>\n<\/section>\n\n<section class=\"c-faq\">\n\t<div class=\"o-heading u-text-center\">\n\t\t\t\t\t\t\t<h2>FAQ &#8211; Scal-e<\/h2>\n\t\t\t\t\t<\/div>\n\t<div class=\"c-faq__list\" id=\"filter-list\">\n\t\t\t\t\t<div class=\"c-faq__item box-filter\" data-box=\"\">\n\t\t\t\t<div class=\"c-faq__item-title\">\n\t\t\t\t\t<div class=\"c-faq__item-text\">Qu&rsquo;est-ce qu&rsquo;une Customer Data Platform (CDP) ?<\/div>\n\t\t\t\t\t<div class=\"c-faq__item-arrow\">\n\t\t\t\t\t\t<i class=\"o-icon o-icon--arrow-down-small \"><\/i>\n\t\t\t\t\t<\/div>\n\t\t\t\t<\/div>\n\t\t\t\t<div class=\"c-faq__item-content u-bg-light-gray-1\"><!-- wp:paragraph -->\n<p>Une CDP est une technologie qui agr\u00e8ge et organise les donn\u00e9es des clients \u00e0 travers divers points de contact pour cr\u00e9er une vue unique du client. Cela facilite les analyses avanc\u00e9es, le marketing personnalis\u00e9 et am\u00e9liore l&rsquo;exp\u00e9rience client. Scal-e propose une plateforme de marketing agile bas\u00e9e sur une CDP.<\/p>\n<!-- \/wp:paragraph --><\/div>\n\n\t\t\t<\/div>\n\t\t\t\t\t<div class=\"c-faq__item box-filter\" data-box=\"\">\n\t\t\t\t<div class=\"c-faq__item-title\">\n\t\t\t\t\t<div class=\"c-faq__item-text\">Comment Scal-e assure-t-elle la qualit\u00e9 des donn\u00e9es client ?<\/div>\n\t\t\t\t\t<div class=\"c-faq__item-arrow\">\n\t\t\t\t\t\t<i class=\"o-icon o-icon--arrow-down-small \"><\/i>\n\t\t\t\t\t<\/div>\n\t\t\t\t<\/div>\n\t\t\t\t<div class=\"c-faq__item-content u-bg-light-gray-1\"><!-- wp:paragraph -->\n<p>Scal-e am\u00e9liore la qualit\u00e9 des donn\u00e9es par des processus de nettoyage et d&rsquo;enrichissement, assurant des donn\u00e9es de haute qualit\u00e9 pour des campagnes marketing efficaces. Gr\u00e2ce \u00e0 ses modules int\u00e9gr\u00e9s comme DQM, ETL, CDP, Scal-e assure un haut niveau de gestion de la qualit\u00e9 des donn\u00e9es.<\/p>\n<!-- \/wp:paragraph --><\/div>\n\n\t\t\t<\/div>\n\t\t\t\t\t<div class=\"c-faq__item box-filter\" data-box=\"\">\n\t\t\t\t<div class=\"c-faq__item-title\">\n\t\t\t\t\t<div class=\"c-faq__item-text\">La CDP de Scal-e peut-elle personnaliser les exp\u00e9riences clients ?<\/div>\n\t\t\t\t\t<div class=\"c-faq__item-arrow\">\n\t\t\t\t\t\t<i class=\"o-icon o-icon--arrow-down-small \"><\/i>\n\t\t\t\t\t<\/div>\n\t\t\t\t<\/div>\n\t\t\t\t<div class=\"c-faq__item-content u-bg-light-gray-1\"><!-- wp:paragraph -->\n<p>Oui, Scal-e personnalise les exp\u00e9riences en exploitant des donn\u00e9es unifi\u00e9es et de qualit\u00e9 pour adapter les messages et les recommandations aux pr\u00e9f\u00e9rences individuelles des clients \u00e0 l&rsquo;aide d&rsquo;outils int\u00e9gr\u00e9s comme les contenus dynamiques et les scores client.<\/p>\n<!-- \/wp:paragraph --><\/div>\n\n\t\t\t<\/div>\n\t\t\t\t\t<div class=\"c-faq__item box-filter\" data-box=\"\">\n\t\t\t\t<div class=\"c-faq__item-title\">\n\t\t\t\t\t<div class=\"c-faq__item-text\">Quels avantages l&rsquo;unification des donn\u00e9es offre-t-elle aux entreprises utilisant Scal-e ?<\/div>\n\t\t\t\t\t<div class=\"c-faq__item-arrow\">\n\t\t\t\t\t\t<i class=\"o-icon o-icon--arrow-down-small \"><\/i>\n\t\t\t\t\t<\/div>\n\t\t\t\t<\/div>\n\t\t\t\t<div class=\"c-faq__item-content u-bg-light-gray-1\"><!-- wp:paragraph -->\n<p>L&rsquo;unification des donn\u00e9es offre une vue compl\u00e8te du client, am\u00e9liorant la personnalisation et l&rsquo;exp\u00e9rience client, et soutenant une prise de d\u00e9cision efficace bas\u00e9e sur les donn\u00e9es.<\/p>\n<!-- \/wp:paragraph -->\n\n<!-- wp:paragraph -->\n<p>La CDP de Scal-e fournit des donn\u00e9es pr\u00e9cises et actualis\u00e9es en temps r\u00e9el pour les entreprises. Scal-e collecte et unifie \u00e9galement les donn\u00e9es hors ligne, en ligne et sur cha\u00eene dans un datamart personnalis\u00e9 ou une r\u00e9f\u00e9rentiel client unique.<\/p>\n<!-- \/wp:paragraph --><\/div>\n\n\t\t\t<\/div>\n\t\t\t\t\t<div class=\"c-faq__item box-filter\" data-box=\"\">\n\t\t\t\t<div class=\"c-faq__item-title\">\n\t\t\t\t\t<div class=\"c-faq__item-text\">Comment Scal-e contribue-t-elle \u00e0 des campagnes marketing efficaces ?<\/div>\n\t\t\t\t\t<div class=\"c-faq__item-arrow\">\n\t\t\t\t\t\t<i class=\"o-icon o-icon--arrow-down-small \"><\/i>\n\t\t\t\t\t<\/div>\n\t\t\t\t<\/div>\n\t\t\t\t<div class=\"c-faq__item-content u-bg-light-gray-1\"><!-- wp:paragraph -->\n<p><p class=\"MsoNormal\">En assurant la qualit\u00e9 des donn\u00e9es et en permettant la personnalisation, la CDP de Scal-e augmente les taux d&rsquo;engagement, les taux de conversion et le ROI des campagnes marketing. Scal-e personnalise vos campagnes en recommandant les bons produits avec du contenu dynamique et des audiences dynamiques, en fonction des pr\u00e9f\u00e9rences et du parcours du client.<\/p> <\/p>\n<!-- \/wp:paragraph --><\/div>\n\n\t\t\t<\/div>\n\t\t\t\t\t<div class=\"c-faq__item box-filter\" data-box=\"\">\n\t\t\t\t<div class=\"c-faq__item-title\">\n\t\t\t\t\t<div class=\"c-faq__item-text\">Quelles industries peuvent b\u00e9n\u00e9ficier de l&rsquo;utilisation de la CDP Scal-e ?<\/div>\n\t\t\t\t\t<div class=\"c-faq__item-arrow\">\n\t\t\t\t\t\t<i class=\"o-icon o-icon--arrow-down-small \"><\/i>\n\t\t\t\t\t<\/div>\n\t\t\t\t<\/div>\n\t\t\t\t<div class=\"c-faq__item-content u-bg-light-gray-1\"><!-- wp:paragraph -->\n<p>Scal-e est une plateforme polyvalente qui peut s&rsquo;adresser \u00e0 de nombreux secteurs y compris le retail, l&rsquo;assurance, la finance, la sant\u00e9 et les services en fournissant des solutions de marketing de gestion des donn\u00e9es et de fid\u00e9lit\u00e9 sur mesure.<\/p>\n<!-- \/wp:paragraph --><\/div>\n\n\t\t\t<\/div>\n\t\t\t<\/div>\n\n<\/section>\n","protected":false},"excerpt":{"rendered":"","protected":false},"author":9,"featured_media":29085,"parent":0,"menu_order":0,"comment_status":"closed","ping_status":"closed","template":"","meta":{"_acf_changed":false,"footnotes":""},"class_list":["post-1166","page","type-page","status-publish","has-post-thumbnail","hentry"],"acf":[],"yoast_head":"<!-- This site is optimized with the Yoast SEO plugin v27.2 - https:\/\/yoast.com\/product\/yoast-seo-wordpress\/ -->\n<title>Scal-e | Agile marketing platform | Customer Data Platform | Fid\u00e9lisation<\/title>\n<meta name=\"description\" content=\"Plateforme cloud de marketing labellis\u00e9e RealCDP\u2122 et list\u00e9e dans le NowTech CDP du Forrester, d\u00e9di\u00e9e \u00e0 l&#039;acquisition et la fid\u00e9lisation.\" \/>\n<meta name=\"robots\" content=\"index, follow, max-snippet:-1, max-image-preview:large, max-video-preview:-1\" \/>\n<link rel=\"canonical\" href=\"https:\/\/scal-e.com\/fr\/\" \/>\n<meta property=\"og:locale\" content=\"fr_FR\" \/>\n<meta property=\"og:type\" content=\"article\" \/>\n<meta property=\"og:title\" content=\"Scal-e | Agile marketing platform | Customer Data Platform | Fid\u00e9lisation\" \/>\n<meta property=\"og:description\" content=\"Plateforme cloud de marketing labellis\u00e9e RealCDP\u2122 et list\u00e9e dans le NowTech CDP du Forrester, d\u00e9di\u00e9e \u00e0 l&#039;acquisition et la fid\u00e9lisation.\" \/>\n<meta property=\"og:url\" content=\"https:\/\/scal-e.com\/fr\/\" \/>\n<meta property=\"og:site_name\" content=\"Scal-e\" \/>\n<meta property=\"article:publisher\" content=\"https:\/\/www.facebook.com\/scalemartech2\/\" \/>\n<meta property=\"article:modified_time\" content=\"2025-03-25T10:16:12+00:00\" \/>\n<meta property=\"og:image\" content=\"https:\/\/scal-e.com\/wp-content\/uploads\/2025\/03\/Home_FR_100-2.png\" \/>\n\t<meta property=\"og:image:width\" content=\"3985\" \/>\n\t<meta property=\"og:image:height\" content=\"1530\" \/>\n\t<meta property=\"og:image:type\" content=\"image\/png\" \/>\n<meta name=\"twitter:card\" content=\"summary_large_image\" \/>\n<meta name=\"twitter:site\" content=\"@scale_martech\" \/>\n<meta name=\"twitter:label1\" content=\"Dur\u00e9e de lecture estim\u00e9e\" \/>\n\t<meta name=\"twitter:data1\" content=\"1 minute\" \/>\n<script type=\"application\/ld+json\" class=\"yoast-schema-graph\">{\"@context\":\"https:\/\/schema.org\",\"@graph\":[{\"@type\":\"WebPage\",\"@id\":\"https:\/\/scal-e.com\/fr\/\",\"url\":\"https:\/\/scal-e.com\/fr\/\",\"name\":\"Scal-e | Agile marketing platform | Customer Data Platform | Fid\u00e9lisation\",\"isPartOf\":{\"@id\":\"https:\/\/scal-e.com\/#website\"},\"primaryImageOfPage\":{\"@id\":\"https:\/\/scal-e.com\/fr\/#primaryimage\"},\"image\":{\"@id\":\"https:\/\/scal-e.com\/fr\/#primaryimage\"},\"thumbnailUrl\":\"https:\/\/scal-e.com\/wp-content\/uploads\/2025\/03\/Home_FR_100-2.png\",\"datePublished\":\"2021-06-23T08:33:27+00:00\",\"dateModified\":\"2025-03-25T10:16:12+00:00\",\"description\":\"Plateforme cloud de marketing labellis\u00e9e RealCDP\u2122 et list\u00e9e dans le NowTech CDP du Forrester, d\u00e9di\u00e9e \u00e0 l'acquisition et la fid\u00e9lisation.\",\"breadcrumb\":{\"@id\":\"https:\/\/scal-e.com\/fr\/#breadcrumb\"},\"inLanguage\":\"fr-FR\",\"potentialAction\":[{\"@type\":\"ReadAction\",\"target\":[\"https:\/\/scal-e.com\/fr\/\"]}]},{\"@type\":\"ImageObject\",\"inLanguage\":\"fr-FR\",\"@id\":\"https:\/\/scal-e.com\/fr\/#primaryimage\",\"url\":\"https:\/\/scal-e.com\/wp-content\/uploads\/2025\/03\/Home_FR_100-2.png\",\"contentUrl\":\"https:\/\/scal-e.com\/wp-content\/uploads\/2025\/03\/Home_FR_100-2.png\",\"width\":3985,\"height\":1530},{\"@type\":\"BreadcrumbList\",\"@id\":\"https:\/\/scal-e.com\/fr\/#breadcrumb\",\"itemListElement\":[{\"@type\":\"ListItem\",\"position\":1,\"name\":\"Accueil\",\"item\":\"https:\/\/scal-e.com\/fr\/\"},{\"@type\":\"ListItem\",\"position\":2,\"name\":\"Home\"}]},{\"@type\":\"WebSite\",\"@id\":\"https:\/\/scal-e.com\/#website\",\"url\":\"https:\/\/scal-e.com\/\",\"name\":\"Scal-e\",\"description\":\"From data to loyalty | CDP &amp; Digital Marketing Hub : Scal-e\",\"publisher\":{\"@id\":\"https:\/\/scal-e.com\/#organization\"},\"potentialAction\":[{\"@type\":\"SearchAction\",\"target\":{\"@type\":\"EntryPoint\",\"urlTemplate\":\"https:\/\/scal-e.com\/?s={search_term_string}\"},\"query-input\":{\"@type\":\"PropertyValueSpecification\",\"valueRequired\":true,\"valueName\":\"search_term_string\"}}],\"inLanguage\":\"fr-FR\"},{\"@type\":\"Organization\",\"@id\":\"https:\/\/scal-e.com\/#organization\",\"name\":\"Scal-e\",\"url\":\"https:\/\/scal-e.com\/\",\"logo\":{\"@type\":\"ImageObject\",\"inLanguage\":\"fr-FR\",\"@id\":\"https:\/\/scal-e.com\/#\/schema\/logo\/image\/\",\"url\":\"https:\/\/scal-e.com\/wp-content\/uploads\/2021\/12\/logo_scal-e_square_transparent.png\",\"contentUrl\":\"https:\/\/scal-e.com\/wp-content\/uploads\/2021\/12\/logo_scal-e_square_transparent.png\",\"width\":214,\"height\":217,\"caption\":\"Scal-e\"},\"image\":{\"@id\":\"https:\/\/scal-e.com\/#\/schema\/logo\/image\/\"},\"sameAs\":[\"https:\/\/www.facebook.com\/scalemartech2\/\",\"https:\/\/x.com\/scale_martech\",\"https:\/\/www.instagram.com\/scale_martech\/\",\"https:\/\/www.linkedin.com\/company\/scalemartech\/\"]}]}<\/script>\n<!-- \/ Yoast SEO plugin. -->","yoast_head_json":{"title":"Scal-e | Agile marketing platform | Customer Data Platform | Fid\u00e9lisation","description":"Plateforme cloud de marketing labellis\u00e9e RealCDP\u2122 et list\u00e9e dans le NowTech CDP du Forrester, d\u00e9di\u00e9e \u00e0 l'acquisition et la fid\u00e9lisation.","robots":{"index":"index","follow":"follow","max-snippet":"max-snippet:-1","max-image-preview":"max-image-preview:large","max-video-preview":"max-video-preview:-1"},"canonical":"https:\/\/scal-e.com\/fr\/","og_locale":"fr_FR","og_type":"article","og_title":"Scal-e | Agile marketing platform | Customer Data Platform | Fid\u00e9lisation","og_description":"Plateforme cloud de marketing labellis\u00e9e RealCDP\u2122 et list\u00e9e dans le NowTech CDP du Forrester, d\u00e9di\u00e9e \u00e0 l'acquisition et la fid\u00e9lisation.","og_url":"https:\/\/scal-e.com\/fr\/","og_site_name":"Scal-e","article_publisher":"https:\/\/www.facebook.com\/scalemartech2\/","article_modified_time":"2025-03-25T10:16:12+00:00","og_image":[{"width":3985,"height":1530,"url":"https:\/\/scal-e.com\/wp-content\/uploads\/2025\/03\/Home_FR_100-2.png","type":"image\/png"}],"twitter_card":"summary_large_image","twitter_site":"@scale_martech","twitter_misc":{"Dur\u00e9e de lecture estim\u00e9e":"1 minute"},"schema":{"@context":"https:\/\/schema.org","@graph":[{"@type":"WebPage","@id":"https:\/\/scal-e.com\/fr\/","url":"https:\/\/scal-e.com\/fr\/","name":"Scal-e | Agile marketing platform | Customer Data Platform | Fid\u00e9lisation","isPartOf":{"@id":"https:\/\/scal-e.com\/#website"},"primaryImageOfPage":{"@id":"https:\/\/scal-e.com\/fr\/#primaryimage"},"image":{"@id":"https:\/\/scal-e.com\/fr\/#primaryimage"},"thumbnailUrl":"https:\/\/scal-e.com\/wp-content\/uploads\/2025\/03\/Home_FR_100-2.png","datePublished":"2021-06-23T08:33:27+00:00","dateModified":"2025-03-25T10:16:12+00:00","description":"Plateforme cloud de marketing labellis\u00e9e RealCDP\u2122 et list\u00e9e dans le NowTech CDP du Forrester, d\u00e9di\u00e9e \u00e0 l'acquisition et la fid\u00e9lisation.","breadcrumb":{"@id":"https:\/\/scal-e.com\/fr\/#breadcrumb"},"inLanguage":"fr-FR","potentialAction":[{"@type":"ReadAction","target":["https:\/\/scal-e.com\/fr\/"]}]},{"@type":"ImageObject","inLanguage":"fr-FR","@id":"https:\/\/scal-e.com\/fr\/#primaryimage","url":"https:\/\/scal-e.com\/wp-content\/uploads\/2025\/03\/Home_FR_100-2.png","contentUrl":"https:\/\/scal-e.com\/wp-content\/uploads\/2025\/03\/Home_FR_100-2.png","width":3985,"height":1530},{"@type":"BreadcrumbList","@id":"https:\/\/scal-e.com\/fr\/#breadcrumb","itemListElement":[{"@type":"ListItem","position":1,"name":"Accueil","item":"https:\/\/scal-e.com\/fr\/"},{"@type":"ListItem","position":2,"name":"Home"}]},{"@type":"WebSite","@id":"https:\/\/scal-e.com\/#website","url":"https:\/\/scal-e.com\/","name":"Scal-e","description":"From data to loyalty | CDP &amp; Digital Marketing Hub : Scal-e","publisher":{"@id":"https:\/\/scal-e.com\/#organization"},"potentialAction":[{"@type":"SearchAction","target":{"@type":"EntryPoint","urlTemplate":"https:\/\/scal-e.com\/?s={search_term_string}"},"query-input":{"@type":"PropertyValueSpecification","valueRequired":true,"valueName":"search_term_string"}}],"inLanguage":"fr-FR"},{"@type":"Organization","@id":"https:\/\/scal-e.com\/#organization","name":"Scal-e","url":"https:\/\/scal-e.com\/","logo":{"@type":"ImageObject","inLanguage":"fr-FR","@id":"https:\/\/scal-e.com\/#\/schema\/logo\/image\/","url":"https:\/\/scal-e.com\/wp-content\/uploads\/2021\/12\/logo_scal-e_square_transparent.png","contentUrl":"https:\/\/scal-e.com\/wp-content\/uploads\/2021\/12\/logo_scal-e_square_transparent.png","width":214,"height":217,"caption":"Scal-e"},"image":{"@id":"https:\/\/scal-e.com\/#\/schema\/logo\/image\/"},"sameAs":["https:\/\/www.facebook.com\/scalemartech2\/","https:\/\/x.com\/scale_martech","https:\/\/www.instagram.com\/scale_martech\/","https:\/\/www.linkedin.com\/company\/scalemartech\/"]}]}},"_links":{"self":[{"href":"https:\/\/scal-e.com\/fr\/wp-json\/wp\/v2\/pages\/1166","targetHints":{"allow":["GET"]}}],"collection":[{"href":"https:\/\/scal-e.com\/fr\/wp-json\/wp\/v2\/pages"}],"about":[{"href":"https:\/\/scal-e.com\/fr\/wp-json\/wp\/v2\/types\/page"}],"author":[{"embeddable":true,"href":"https:\/\/scal-e.com\/fr\/wp-json\/wp\/v2\/users\/9"}],"replies":[{"embeddable":true,"href":"https:\/\/scal-e.com\/fr\/wp-json\/wp\/v2\/comments?post=1166"}],"version-history":[{"count":260,"href":"https:\/\/scal-e.com\/fr\/wp-json\/wp\/v2\/pages\/1166\/revisions"}],"predecessor-version":[{"id":27526,"href":"https:\/\/scal-e.com\/fr\/wp-json\/wp\/v2\/pages\/1166\/revisions\/27526"}],"wp:featuredmedia":[{"embeddable":true,"href":"https:\/\/scal-e.com\/fr\/wp-json\/wp\/v2\/media\/29085"}],"wp:attachment":[{"href":"https:\/\/scal-e.com\/fr\/wp-json\/wp\/v2\/media?parent=1166"}],"curies":[{"name":"wp","href":"https:\/\/api.w.org\/{rel}","templated":true}]}}