
{"id":1023,"date":"2021-07-05T08:29:10","date_gmt":"2021-07-05T08:29:10","guid":{"rendered":"http:\/\/gpiutbm.cluster023.hosting.ovh.net\/data-privacy\/"},"modified":"2023-06-15T08:24:28","modified_gmt":"2023-06-15T08:24:28","slug":"data-privacy","status":"publish","type":"page","link":"https:\/\/scal-e.com\/fr\/data-privacy\/","title":{"rendered":"Data privacy"},"content":{"rendered":"<section class=\"c-text-image\">\n  <div class=\"c-text-image__row \">\n    <div class=\"c-text-image__col -image\">\n      <div class=\"c-text-image__image -image-overlap\">\n        <img class=\"lazyload\" data-src=\"https:\/\/scal-e.com\/wp-content\/uploads\/2022\/05\/dataprivacy-3.png\" alt=\"R\u00e8gles privacy param\u00e9trables\"\/>\n      <\/div>\n    <\/div>\n    <div class=\"c-text-image__col -text\">\n      <h2>R\u00e8gles privacy param\u00e9trables<\/h2>\n      <div class=\"c-text-image__text \">\n        <p><strong>Le module privacy<\/strong> permet d&rsquo;adapter le traitement \u00e0 appliquer aux donn\u00e9es afin de suivre les directives de protection des donn\u00e9es priv\u00e9es (RGPD, etc.)<\/p>\n<ul>\n<li><strong>Copiez votre politique<\/strong> de confidentialit\u00e9 pour garantir la relation entre la finalit\u00e9 et les usages<\/li>\n<li><strong>Identifiez les donn\u00e9es personnelles\/sensibles<\/strong>\u00a0et limitez leurs acc\u00e8s<\/li>\n<li><strong>Conservez les preuves de consentement<\/strong> \u00e0 toutes les \u00e9tapes du parcours client<\/li>\n<\/ul>\n\n\n                        <div class=\"c-text-image__btn\">\n        <a href=\"http:\/\/scal-e.com\/fr\/contact-us\/\" class=\"o-btn\">En savoir plus<\/a>\n        <\/div>\n              <\/div>\n    <\/div>\n  <\/div>\n<\/section>\n\n<section class=\"c-icons-inline c-icons-inline--fullimage -have-bg\">\n  <div class=\"o-heading u-text-center\">\n    <div class=\"o-heading__spacial u-color-light-purple\">Politique de confidentialit\u00e9<\/div>\n    <h2 class=\"-width-small\">Assurez la conformit\u00e9<\/h2>\n    <div class=\"o-heading__subtitle\">Sans consentement associ\u00e9, une donn\u00e9e n&#039;a plus aucune valeur pour une marque<\/div>\n  <\/div>\n\n    <div class=\"c-icons-inline--fullimage__list\">\n        <div class=\"c-icons-inline--fullimage__col\">\n      <div class=\"o-list-icon\">\n  <div class=\"o-list-icon__icon\"><img class=\"lazyload\" data-src=\"\" alt=\"Privacy by Default\"\/><\/div>\n  <div class=\"o-list-icon__text\">\n    <h4 class=\"o-list-icon__title\">Privacy by Default<\/h4>\n    <div class=\"o-list-icon__subtitle\">Privacy by default en standard. Le DPO peut activer le mode Privacy by design.<\/div>\n  <\/div>\n<\/div>    <\/div>\n        <div class=\"c-icons-inline--fullimage__col\">\n      <div class=\"o-list-icon\">\n  <div class=\"o-list-icon__icon\"><img class=\"lazyload\" data-src=\"\" alt=\"Traitements localis\u00e9s  \"\/><\/div>\n  <div class=\"o-list-icon__text\">\n    <h4 class=\"o-list-icon__title\">Traitements localis\u00e9s  <\/h4>\n    <div class=\"o-list-icon__subtitle\">La localisation de la base et les droits d&rsquo;acc\u00e8s sont adapt\u00e9s \u00e0 chaque r\u00e9glementation.<\/div>\n  <\/div>\n<\/div>    <\/div>\n        <div class=\"c-icons-inline--fullimage__col\">\n      <div class=\"o-list-icon\">\n  <div class=\"o-list-icon__icon\"><img class=\"lazyload\" data-src=\"\" alt=\"Donn\u00e9e priv\u00e9e &#038; sensible\"\/><\/div>\n  <div class=\"o-list-icon__text\">\n    <h4 class=\"o-list-icon__title\">Donn\u00e9e priv\u00e9e &#038; sensible<\/h4>\n    <div class=\"o-list-icon__subtitle\">Les traitements associ\u00e9s aux donn\u00e9es priv\u00e9es ou sensibles sont diff\u00e9renci\u00e9s.<\/div>\n  <\/div>\n<\/div>    <\/div>\n      <\/div>\n  \n    <div class=\"c-icons-inline--fullimage__img\"><img class=\"lazyload\" data-src=\"https:\/\/scal-e.com\/wp-content\/uploads\/2022\/05\/map-monde-privacy.png\" alt=\"Assurez la conformit\u00e9\"\/><\/div>\n  \n<\/section>\n\n<section class=\"c-marketing-platform -have-bg\">\n  <div class=\"o-heading u-text-center\">\n    <div class=\"o-heading__spacial u-color-light-purple\">Agile marketing platform<\/div>\n    <h2>Quelques exemples d&rsquo;utilisation<\/h2>\n    <div class=\"o-heading__subtitle\">du domaine Data privacy<\/div>\n  <\/div>\n  <div class=\"c-marketing-platform__list flex flex--wrap\">\n          <div class=\"flex__cell u-1\/1 u-1\/2@mobile u-1\/3@tablet c-marketing-platform__col\">\n        <div class=\"o-card o-card--marketing\">\n          <a href=\"http:\/\/scal-e.com\/fr\/contact-us\/\">            <div class=\"o-card__category\"><span>L\u00e9gal<\/span><\/div>\n            <div class=\"o-card__detail match-height\">Exercer une suppression ou une anonymisation de fiche client en cas de demande (droit RGPD).<\/div>\n                          <div class=\"o-btn-arrow o-card__btn\">\n                <span>Nous contacter<\/span>\n                <div class=\"o-btn-arrow__arrow\"><i class=\"o-icon o-icon--arrow\"><\/i><\/div>\n              <\/div>\n                      <\/a>        <\/div>\n      <\/div>\n          <div class=\"flex__cell u-1\/1 u-1\/2@mobile u-1\/3@tablet c-marketing-platform__col\">\n        <div class=\"o-card o-card--marketing\">\n          <a href=\"http:\/\/scal-e.com\/fr\/contact-us\/\">            <div class=\"o-card__category\"><span>Prouver <\/span><\/div>\n            <div class=\"o-card__detail match-height\">Fournir un rapport d\u2019audit en cas de contr\u00f4le de la CNIL.<\/div>\n                          <div class=\"o-btn-arrow o-card__btn\">\n                <span>Nous contacter<\/span>\n                <div class=\"o-btn-arrow__arrow\"><i class=\"o-icon o-icon--arrow\"><\/i><\/div>\n              <\/div>\n                      <\/a>        <\/div>\n      <\/div>\n          <div class=\"flex__cell u-1\/1 u-1\/2@mobile u-1\/3@tablet c-marketing-platform__col\">\n        <div class=\"o-card o-card--marketing\">\n          <a href=\"http:\/\/scal-e.com\/fr\/contact-us\/\">            <div class=\"o-card__category\"><span>Adaptabilit\u00e9<\/span><\/div>\n            <div class=\"o-card__detail match-height\">Mirrorer votre propre politique de confidentialit\u00e9 dans Scal-e.<\/div>\n                          <div class=\"o-btn-arrow o-card__btn\">\n                <span>Nous contacter<\/span>\n                <div class=\"o-btn-arrow__arrow\"><i class=\"o-icon o-icon--arrow\"><\/i><\/div>\n              <\/div>\n                      <\/a>        <\/div>\n      <\/div>\n          <div class=\"flex__cell u-1\/1 u-1\/2@mobile u-1\/3@tablet c-marketing-platform__col\">\n        <div class=\"o-card o-card--marketing\">\n          <a href=\"http:\/\/scal-e.com\/fr\/contact-us\/\">            <div class=\"o-card__category\"><span>Global\/local<\/span><\/div>\n            <div class=\"o-card__detail match-height\">Permettre aux utilisateurs globaux d&rsquo;avoir une vision anonyme des donn\u00e9es mondiales.<\/div>\n                          <div class=\"o-btn-arrow o-card__btn\">\n                <span>Nous contacter<\/span>\n                <div class=\"o-btn-arrow__arrow\"><i class=\"o-icon o-icon--arrow\"><\/i><\/div>\n              <\/div>\n                      <\/a>        <\/div>\n      <\/div>\n          <div class=\"flex__cell u-1\/1 u-1\/2@mobile u-1\/3@tablet c-marketing-platform__col\">\n        <div class=\"o-card o-card--marketing\">\n          <a href=\"http:\/\/scal-e.com\/fr\/contact-us\/\">            <div class=\"o-card__category\"><span>S\u00e9curit\u00e9<\/span><\/div>\n            <div class=\"o-card__detail match-height\">Restreindre l\u2019acc\u00e8s des donn\u00e9es priv\u00e9es ou sensibles aux seuls utilisateurs mandat\u00e9s.<\/div>\n                          <div class=\"o-btn-arrow o-card__btn\">\n                <span>Nous contacter<\/span>\n                <div class=\"o-btn-arrow__arrow\"><i class=\"o-icon o-icon--arrow\"><\/i><\/div>\n              <\/div>\n                      <\/a>        <\/div>\n      <\/div>\n          <div class=\"flex__cell u-1\/1 u-1\/2@mobile u-1\/3@tablet c-marketing-platform__col\">\n        <div class=\"o-card o-card--marketing\">\n          <a href=\"http:\/\/scal-e.com\/fr\/contact-us\/\">            <div class=\"o-card__category\"><span>Historisation<\/span><\/div>\n            <div class=\"o-card__detail match-height\">G\u00e9rer l&rsquo;historique des consentements et leurs \u00e9volutions.<\/div>\n                          <div class=\"o-btn-arrow o-card__btn\">\n                <span>Nous contacter<\/span>\n                <div class=\"o-btn-arrow__arrow\"><i class=\"o-icon o-icon--arrow\"><\/i><\/div>\n              <\/div>\n                      <\/a>        <\/div>\n      <\/div>\n      <\/div>\n<\/section>","protected":false},"excerpt":{"rendered":"","protected":false},"author":9,"featured_media":17146,"parent":0,"menu_order":2,"comment_status":"closed","ping_status":"closed","template":"page-platform-level2.php","meta":{"_acf_changed":false,"footnotes":""},"class_list":["post-1023","page","type-page","status-publish","has-post-thumbnail","hentry"],"acf":[],"yoast_head":"<!-- This site is optimized with the Yoast SEO plugin v27.2 - https:\/\/yoast.com\/product\/yoast-seo-wordpress\/ -->\n<title>Data privacy - Scal-e<\/title>\n<meta name=\"description\" content=\"Param\u00e9trez votre politique de confidentialit\u00e9 afin de garantir l&#039;exploitation des donn\u00e9es clients\" \/>\n<meta name=\"robots\" content=\"index, follow, max-snippet:-1, max-image-preview:large, max-video-preview:-1\" \/>\n<link rel=\"canonical\" href=\"https:\/\/scal-e.com\/fr\/data-privacy\/\" \/>\n<meta property=\"og:locale\" content=\"fr_FR\" \/>\n<meta property=\"og:type\" content=\"article\" \/>\n<meta property=\"og:title\" content=\"Scal-e - Data privacy\" \/>\n<meta property=\"og:description\" content=\"Param\u00e9trez votre politique de confidentialit\u00e9 afin de garantir l&#039;exploitation des donn\u00e9es clients\" \/>\n<meta property=\"og:url\" content=\"https:\/\/scal-e.com\/fr\/data-privacy\/\" \/>\n<meta property=\"og:site_name\" content=\"Scal-e\" \/>\n<meta property=\"article:publisher\" content=\"https:\/\/www.facebook.com\/scalemartech2\/\" \/>\n<meta property=\"article:modified_time\" content=\"2023-06-15T08:24:28+00:00\" \/>\n<meta property=\"og:image\" content=\"https:\/\/scal-e.com\/wp-content\/uploads\/2022\/04\/dataprivacy-6.png\" \/>\n\t<meta property=\"og:image:width\" content=\"1760\" \/>\n\t<meta property=\"og:image:height\" content=\"1545\" \/>\n\t<meta property=\"og:image:type\" content=\"image\/png\" \/>\n<meta name=\"twitter:card\" content=\"summary_large_image\" \/>\n<meta name=\"twitter:title\" content=\"Scal-e - Data privacy\" \/>\n<meta name=\"twitter:description\" content=\"Param\u00e9trez votre politique de confidentialit\u00e9 afin de garantir l&#039;exploitation des donn\u00e9es clients\" \/>\n<meta name=\"twitter:image\" content=\"https:\/\/scal-e.com\/wp-content\/uploads\/2022\/04\/dataprivacy-6.png\" \/>\n<meta name=\"twitter:site\" content=\"@scale_martech\" \/>\n<script type=\"application\/ld+json\" class=\"yoast-schema-graph\">{\"@context\":\"https:\/\/schema.org\",\"@graph\":[{\"@type\":\"WebPage\",\"@id\":\"https:\/\/scal-e.com\/fr\/data-privacy\/\",\"url\":\"https:\/\/scal-e.com\/fr\/data-privacy\/\",\"name\":\"Data privacy - Scal-e\",\"isPartOf\":{\"@id\":\"https:\/\/scal-e.com\/#website\"},\"primaryImageOfPage\":{\"@id\":\"https:\/\/scal-e.com\/fr\/data-privacy\/#primaryimage\"},\"image\":{\"@id\":\"https:\/\/scal-e.com\/fr\/data-privacy\/#primaryimage\"},\"thumbnailUrl\":\"https:\/\/scal-e.com\/wp-content\/uploads\/2022\/03\/Privacy.png\",\"datePublished\":\"2021-07-05T08:29:10+00:00\",\"dateModified\":\"2023-06-15T08:24:28+00:00\",\"description\":\"Param\u00e9trez votre politique de confidentialit\u00e9 afin de garantir l'exploitation des donn\u00e9es clients\",\"breadcrumb\":{\"@id\":\"https:\/\/scal-e.com\/fr\/data-privacy\/#breadcrumb\"},\"inLanguage\":\"fr-FR\",\"potentialAction\":[{\"@type\":\"ReadAction\",\"target\":[\"https:\/\/scal-e.com\/fr\/data-privacy\/\"]}]},{\"@type\":\"ImageObject\",\"inLanguage\":\"fr-FR\",\"@id\":\"https:\/\/scal-e.com\/fr\/data-privacy\/#primaryimage\",\"url\":\"https:\/\/scal-e.com\/wp-content\/uploads\/2022\/03\/Privacy.png\",\"contentUrl\":\"https:\/\/scal-e.com\/wp-content\/uploads\/2022\/03\/Privacy.png\",\"width\":1009,\"height\":491},{\"@type\":\"BreadcrumbList\",\"@id\":\"https:\/\/scal-e.com\/fr\/data-privacy\/#breadcrumb\",\"itemListElement\":[{\"@type\":\"ListItem\",\"position\":1,\"name\":\"Accueil\",\"item\":\"https:\/\/scal-e.com\/fr\/\"},{\"@type\":\"ListItem\",\"position\":2,\"name\":\"Data privacy\"}]},{\"@type\":\"WebSite\",\"@id\":\"https:\/\/scal-e.com\/#website\",\"url\":\"https:\/\/scal-e.com\/\",\"name\":\"Scal-e\",\"description\":\"From data to loyalty | CDP &amp; Digital Marketing Hub : Scal-e\",\"publisher\":{\"@id\":\"https:\/\/scal-e.com\/#organization\"},\"potentialAction\":[{\"@type\":\"SearchAction\",\"target\":{\"@type\":\"EntryPoint\",\"urlTemplate\":\"https:\/\/scal-e.com\/?s={search_term_string}\"},\"query-input\":{\"@type\":\"PropertyValueSpecification\",\"valueRequired\":true,\"valueName\":\"search_term_string\"}}],\"inLanguage\":\"fr-FR\"},{\"@type\":\"Organization\",\"@id\":\"https:\/\/scal-e.com\/#organization\",\"name\":\"Scal-e\",\"url\":\"https:\/\/scal-e.com\/\",\"logo\":{\"@type\":\"ImageObject\",\"inLanguage\":\"fr-FR\",\"@id\":\"https:\/\/scal-e.com\/#\/schema\/logo\/image\/\",\"url\":\"https:\/\/scal-e.com\/wp-content\/uploads\/2021\/12\/logo_scal-e_square_transparent.png\",\"contentUrl\":\"https:\/\/scal-e.com\/wp-content\/uploads\/2021\/12\/logo_scal-e_square_transparent.png\",\"width\":214,\"height\":217,\"caption\":\"Scal-e\"},\"image\":{\"@id\":\"https:\/\/scal-e.com\/#\/schema\/logo\/image\/\"},\"sameAs\":[\"https:\/\/www.facebook.com\/scalemartech2\/\",\"https:\/\/x.com\/scale_martech\",\"https:\/\/www.instagram.com\/scale_martech\/\",\"https:\/\/www.linkedin.com\/company\/scalemartech\/\"]}]}<\/script>\n<!-- \/ Yoast SEO plugin. -->","yoast_head_json":{"title":"Data privacy - Scal-e","description":"Param\u00e9trez votre politique de confidentialit\u00e9 afin de garantir l'exploitation des donn\u00e9es clients","robots":{"index":"index","follow":"follow","max-snippet":"max-snippet:-1","max-image-preview":"max-image-preview:large","max-video-preview":"max-video-preview:-1"},"canonical":"https:\/\/scal-e.com\/fr\/data-privacy\/","og_locale":"fr_FR","og_type":"article","og_title":"Scal-e - Data privacy","og_description":"Param\u00e9trez votre politique de confidentialit\u00e9 afin de garantir l'exploitation des donn\u00e9es clients","og_url":"https:\/\/scal-e.com\/fr\/data-privacy\/","og_site_name":"Scal-e","article_publisher":"https:\/\/www.facebook.com\/scalemartech2\/","article_modified_time":"2023-06-15T08:24:28+00:00","og_image":[{"width":1760,"height":1545,"url":"https:\/\/scal-e.com\/wp-content\/uploads\/2022\/04\/dataprivacy-6.png","type":"image\/png"}],"twitter_card":"summary_large_image","twitter_title":"Scal-e - Data privacy","twitter_description":"Param\u00e9trez votre politique de confidentialit\u00e9 afin de garantir l'exploitation des donn\u00e9es clients","twitter_image":"https:\/\/scal-e.com\/wp-content\/uploads\/2022\/04\/dataprivacy-6.png","twitter_site":"@scale_martech","schema":{"@context":"https:\/\/schema.org","@graph":[{"@type":"WebPage","@id":"https:\/\/scal-e.com\/fr\/data-privacy\/","url":"https:\/\/scal-e.com\/fr\/data-privacy\/","name":"Data privacy - Scal-e","isPartOf":{"@id":"https:\/\/scal-e.com\/#website"},"primaryImageOfPage":{"@id":"https:\/\/scal-e.com\/fr\/data-privacy\/#primaryimage"},"image":{"@id":"https:\/\/scal-e.com\/fr\/data-privacy\/#primaryimage"},"thumbnailUrl":"https:\/\/scal-e.com\/wp-content\/uploads\/2022\/03\/Privacy.png","datePublished":"2021-07-05T08:29:10+00:00","dateModified":"2023-06-15T08:24:28+00:00","description":"Param\u00e9trez votre politique de confidentialit\u00e9 afin de garantir l'exploitation des donn\u00e9es clients","breadcrumb":{"@id":"https:\/\/scal-e.com\/fr\/data-privacy\/#breadcrumb"},"inLanguage":"fr-FR","potentialAction":[{"@type":"ReadAction","target":["https:\/\/scal-e.com\/fr\/data-privacy\/"]}]},{"@type":"ImageObject","inLanguage":"fr-FR","@id":"https:\/\/scal-e.com\/fr\/data-privacy\/#primaryimage","url":"https:\/\/scal-e.com\/wp-content\/uploads\/2022\/03\/Privacy.png","contentUrl":"https:\/\/scal-e.com\/wp-content\/uploads\/2022\/03\/Privacy.png","width":1009,"height":491},{"@type":"BreadcrumbList","@id":"https:\/\/scal-e.com\/fr\/data-privacy\/#breadcrumb","itemListElement":[{"@type":"ListItem","position":1,"name":"Accueil","item":"https:\/\/scal-e.com\/fr\/"},{"@type":"ListItem","position":2,"name":"Data privacy"}]},{"@type":"WebSite","@id":"https:\/\/scal-e.com\/#website","url":"https:\/\/scal-e.com\/","name":"Scal-e","description":"From data to loyalty | CDP &amp; Digital Marketing Hub : Scal-e","publisher":{"@id":"https:\/\/scal-e.com\/#organization"},"potentialAction":[{"@type":"SearchAction","target":{"@type":"EntryPoint","urlTemplate":"https:\/\/scal-e.com\/?s={search_term_string}"},"query-input":{"@type":"PropertyValueSpecification","valueRequired":true,"valueName":"search_term_string"}}],"inLanguage":"fr-FR"},{"@type":"Organization","@id":"https:\/\/scal-e.com\/#organization","name":"Scal-e","url":"https:\/\/scal-e.com\/","logo":{"@type":"ImageObject","inLanguage":"fr-FR","@id":"https:\/\/scal-e.com\/#\/schema\/logo\/image\/","url":"https:\/\/scal-e.com\/wp-content\/uploads\/2021\/12\/logo_scal-e_square_transparent.png","contentUrl":"https:\/\/scal-e.com\/wp-content\/uploads\/2021\/12\/logo_scal-e_square_transparent.png","width":214,"height":217,"caption":"Scal-e"},"image":{"@id":"https:\/\/scal-e.com\/#\/schema\/logo\/image\/"},"sameAs":["https:\/\/www.facebook.com\/scalemartech2\/","https:\/\/x.com\/scale_martech","https:\/\/www.instagram.com\/scale_martech\/","https:\/\/www.linkedin.com\/company\/scalemartech\/"]}]}},"_links":{"self":[{"href":"https:\/\/scal-e.com\/fr\/wp-json\/wp\/v2\/pages\/1023","targetHints":{"allow":["GET"]}}],"collection":[{"href":"https:\/\/scal-e.com\/fr\/wp-json\/wp\/v2\/pages"}],"about":[{"href":"https:\/\/scal-e.com\/fr\/wp-json\/wp\/v2\/types\/page"}],"author":[{"embeddable":true,"href":"https:\/\/scal-e.com\/fr\/wp-json\/wp\/v2\/users\/9"}],"replies":[{"embeddable":true,"href":"https:\/\/scal-e.com\/fr\/wp-json\/wp\/v2\/comments?post=1023"}],"version-history":[{"count":183,"href":"https:\/\/scal-e.com\/fr\/wp-json\/wp\/v2\/pages\/1023\/revisions"}],"predecessor-version":[{"id":18079,"href":"https:\/\/scal-e.com\/fr\/wp-json\/wp\/v2\/pages\/1023\/revisions\/18079"}],"wp:featuredmedia":[{"embeddable":true,"href":"https:\/\/scal-e.com\/fr\/wp-json\/wp\/v2\/media\/17146"}],"wp:attachment":[{"href":"https:\/\/scal-e.com\/fr\/wp-json\/wp\/v2\/media?parent=1023"}],"curies":[{"name":"wp","href":"https:\/\/api.w.org\/{rel}","templated":true}]}}